{"id":2742,"date":"2025-04-24T14:47:36","date_gmt":"2025-04-24T14:47:36","guid":{"rendered":"https:\/\/wp-fundacion-earth.azurewebsites.net\/campana-general\/"},"modified":"2025-08-13T13:59:20","modified_gmt":"2025-08-13T13:59:20","slug":"campana-general","status":"publish","type":"page","link":"https:\/\/wp-fundacion-earth.azurewebsites.net\/es\/campana-general\/","title":{"rendered":"Por qu\u00e9 apoyar a EARTH"},"content":{"rendered":"\n<h2  id=\"hero\">\n\t\t\tCampa\u00f1a General\t<\/h2>\n<h1>\n\t\t\tGenera un Impacto Hoy\t<\/h1>\n\t<h2>En este momento, hay casi 3,000 graduados de la Universidad EARTH mejorando nuestro mundo al abordar la inseguridad alimentaria, la pobreza y el cambio clim\u00e1tico.<\/h2>\n\t<p>M\u00e1s del 80% de los exalumnos de EARTH regresan a sus pa\u00edses de origen como l\u00edderes y agentes de cambio, abordando problemas ambientales como la conservaci\u00f3n del suelo y el agua, la gesti\u00f3n de residuos y generando un impacto medible en la mejora de la vida rural mediante la capacitaci\u00f3n de agricultores, el aumento de ingresos para familias, la generaci\u00f3n de empleo y la mejora de las condiciones laborales. El apoyo de donantes generosos como t\u00fa es fundamental para brindar a estos j\u00f3venes l\u00edderes la oportunidad de recibir una educaci\u00f3n en EARTH y adquirir las habilidades que necesitan para crear un cambio positivo y significativo en sus comunidades. <\/p>\n<p>EARTH est\u00e1 comprometida con la selecci\u00f3n de los candidatos m\u00e1s calificados de \u00e1reas rurales econ\u00f3micamente desfavorecidas, sin importar su condici\u00f3n socioecon\u00f3mica. La mayor\u00eda de nuestros estudiantes no podr\u00edan asistir a la Universidad EARTH sin el apoyo de becas. T\u00fa puedes marcar la diferencia y generar un impacto exponencial apoyando la educaci\u00f3n de un estudiante en EARTH.  <\/p>\n<p>\u00danete a nuestra misi\u00f3n de preparar a la pr\u00f3xima generaci\u00f3n de l\u00edderes en agricultura y medio ambiente. Haz una donaci\u00f3n al Fondo de Becas EARTH hoy mismo. <\/p>\n\t<p>Haz una donaci\u00f3n hoy.<\/p>\n\t<p>\u00a1Quiero apoyar a los j\u00f3venes l\u00edderes!<\/p>\n\t\t\t<a href=\"https:\/\/wp-fundacion-earth.azurewebsites.net\/es\/donar-ahora\/\" target=\"_self\">\n\t\t\t\t\t\t\tDonar Ahora\n\t\t\t\t\t<\/a>\n\n","protected":false},"excerpt":{"rendered":"<p>Campa\u00f1a General Genera un Impacto Hoy En este momento, hay casi 3,000 graduados de la Universidad EARTH mejorando nuestro mundo al abordar la inseguridad alimentaria, la pobreza y el cambio clim\u00e1tico. M\u00e1s del 80% de los exalumnos de EARTH regresan a sus pa\u00edses de origen como l\u00edderes y agentes de cambio, abordando problemas ambientales como&hellip;<\/p>\n","protected":false},"author":4,"featured_media":1402,"parent":0,"menu_order":35,"comment_status":"closed","ping_status":"closed","template":"","meta":{"_acf_changed":false,"inline_featured_image":false,"footnotes":""},"class_list":["post-2742","page","type-page","status-publish","has-post-thumbnail","hentry"],"acf":[],"yoast_head":"<!-- This site is optimized with the Yoast SEO plugin v25.0 - https:\/\/yoast.com\/wordpress\/plugins\/seo\/ -->\n<title>Por qu\u00e9 apoyar a EARTH - EARTH<\/title>\n<meta name=\"description\" content=\"Mayores necesidades. Construyendo un Movimiento Global de L\u00edderes para Transformar los Sistemas Alimentarios\" \/>\n<meta name=\"robots\" content=\"index, follow, max-snippet:-1, max-image-preview:large, max-video-preview:-1\" \/>\n<link rel=\"canonical\" href=\"https:\/\/wp-fundacion-earth.azurewebsites.net\/es\/campana-general\/\" \/>\n<meta property=\"og:locale\" content=\"es_ES\" \/>\n<meta property=\"og:type\" content=\"article\" \/>\n<meta property=\"og:title\" content=\"Por qu\u00e9 apoyar a EARTH - EARTH\" \/>\n<meta property=\"og:description\" content=\"Mayores necesidades. Construyendo un Movimiento Global de L\u00edderes para Transformar los Sistemas Alimentarios\" \/>\n<meta property=\"og:url\" content=\"https:\/\/wp-fundacion-earth.azurewebsites.net\/es\/campana-general\/\" \/>\n<meta property=\"og:site_name\" content=\"EARTH\" \/>\n<meta property=\"article:modified_time\" content=\"2025-08-13T13:59:20+00:00\" \/>\n<meta property=\"og:image\" content=\"https:\/\/wp-fundacion-earth.azurewebsites.net\/wp-content\/uploads\/2024\/10\/as_needs.jpg\" \/>\n\t<meta property=\"og:image:width\" content=\"750\" \/>\n\t<meta property=\"og:image:height\" content=\"508\" \/>\n\t<meta property=\"og:image:type\" content=\"image\/jpeg\" \/>\n<meta name=\"twitter:card\" content=\"summary_large_image\" \/>\n<meta name=\"twitter:label1\" content=\"Tiempo de lectura\" \/>\n\t<meta name=\"twitter:data1\" content=\"1 minuto\" \/>\n<script type=\"application\/ld+json\" class=\"yoast-schema-graph\">{\"@context\":\"https:\/\/schema.org\",\"@graph\":[{\"@type\":\"WebPage\",\"@id\":\"https:\/\/wp-fundacion-earth.azurewebsites.net\/es\/campana-general\/\",\"url\":\"https:\/\/wp-fundacion-earth.azurewebsites.net\/es\/campana-general\/\",\"name\":\"Por qu\u00e9 apoyar a EARTH - EARTH\",\"isPartOf\":{\"@id\":\"https:\/\/wp-fundacion-earth.azurewebsites.net\/#website\"},\"primaryImageOfPage\":{\"@id\":\"https:\/\/wp-fundacion-earth.azurewebsites.net\/es\/campana-general\/#primaryimage\"},\"image\":{\"@id\":\"https:\/\/wp-fundacion-earth.azurewebsites.net\/es\/campana-general\/#primaryimage\"},\"thumbnailUrl\":\"\/wp-content\/uploads\/2024\/10\/as_needs.jpg\",\"datePublished\":\"2025-04-24T14:47:36+00:00\",\"dateModified\":\"2025-08-13T13:59:20+00:00\",\"description\":\"Mayores necesidades. Construyendo un Movimiento Global de L\u00edderes para Transformar los Sistemas Alimentarios\",\"breadcrumb\":{\"@id\":\"https:\/\/wp-fundacion-earth.azurewebsites.net\/es\/campana-general\/#breadcrumb\"},\"inLanguage\":\"es\",\"potentialAction\":[{\"@type\":\"ReadAction\",\"target\":[\"https:\/\/wp-fundacion-earth.azurewebsites.net\/es\/campana-general\/\"]}]},{\"@type\":\"ImageObject\",\"inLanguage\":\"es\",\"@id\":\"https:\/\/wp-fundacion-earth.azurewebsites.net\/es\/campana-general\/#primaryimage\",\"url\":\"\/wp-content\/uploads\/2024\/10\/as_needs.jpg\",\"contentUrl\":\"\/wp-content\/uploads\/2024\/10\/as_needs.jpg\",\"width\":750,\"height\":508},{\"@type\":\"BreadcrumbList\",\"@id\":\"https:\/\/wp-fundacion-earth.azurewebsites.net\/es\/campana-general\/#breadcrumb\",\"itemListElement\":[{\"@type\":\"ListItem\",\"position\":1,\"name\":\"Home\",\"item\":\"https:\/\/wp-fundacion-earth.azurewebsites.net\/es\/\"},{\"@type\":\"ListItem\",\"position\":2,\"name\":\"Por qu\u00e9 apoyar a EARTH\"}]},{\"@type\":\"WebSite\",\"@id\":\"https:\/\/wp-fundacion-earth.azurewebsites.net\/#website\",\"url\":\"https:\/\/wp-fundacion-earth.azurewebsites.net\/\",\"name\":\"EARTH\",\"description\":\"\",\"potentialAction\":[{\"@type\":\"SearchAction\",\"target\":{\"@type\":\"EntryPoint\",\"urlTemplate\":\"https:\/\/wp-fundacion-earth.azurewebsites.net\/?s={search_term_string}\"},\"query-input\":{\"@type\":\"PropertyValueSpecification\",\"valueRequired\":true,\"valueName\":\"search_term_string\"}}],\"inLanguage\":\"es\"}]}<\/script>\n<!-- \/ Yoast SEO plugin. -->","yoast_head_json":{"title":"Por qu\u00e9 apoyar a EARTH - EARTH","description":"Mayores necesidades. Construyendo un Movimiento Global de L\u00edderes para Transformar los Sistemas Alimentarios","robots":{"index":"index","follow":"follow","max-snippet":"max-snippet:-1","max-image-preview":"max-image-preview:large","max-video-preview":"max-video-preview:-1"},"canonical":"https:\/\/wp-fundacion-earth.azurewebsites.net\/es\/campana-general\/","og_locale":"es_ES","og_type":"article","og_title":"Por qu\u00e9 apoyar a EARTH - EARTH","og_description":"Mayores necesidades. Construyendo un Movimiento Global de L\u00edderes para Transformar los Sistemas Alimentarios","og_url":"https:\/\/wp-fundacion-earth.azurewebsites.net\/es\/campana-general\/","og_site_name":"EARTH","article_modified_time":"2025-08-13T13:59:20+00:00","og_image":[{"width":750,"height":508,"url":"https:\/\/wp-fundacion-earth.azurewebsites.net\/wp-content\/uploads\/2024\/10\/as_needs.jpg","type":"image\/jpeg"}],"twitter_card":"summary_large_image","twitter_misc":{"Tiempo de lectura":"1 minuto"},"schema":{"@context":"https:\/\/schema.org","@graph":[{"@type":"WebPage","@id":"https:\/\/wp-fundacion-earth.azurewebsites.net\/es\/campana-general\/","url":"https:\/\/wp-fundacion-earth.azurewebsites.net\/es\/campana-general\/","name":"Por qu\u00e9 apoyar a EARTH - EARTH","isPartOf":{"@id":"https:\/\/wp-fundacion-earth.azurewebsites.net\/#website"},"primaryImageOfPage":{"@id":"https:\/\/wp-fundacion-earth.azurewebsites.net\/es\/campana-general\/#primaryimage"},"image":{"@id":"https:\/\/wp-fundacion-earth.azurewebsites.net\/es\/campana-general\/#primaryimage"},"thumbnailUrl":"\/wp-content\/uploads\/2024\/10\/as_needs.jpg","datePublished":"2025-04-24T14:47:36+00:00","dateModified":"2025-08-13T13:59:20+00:00","description":"Mayores necesidades. Construyendo un Movimiento Global de L\u00edderes para Transformar los Sistemas Alimentarios","breadcrumb":{"@id":"https:\/\/wp-fundacion-earth.azurewebsites.net\/es\/campana-general\/#breadcrumb"},"inLanguage":"es","potentialAction":[{"@type":"ReadAction","target":["https:\/\/wp-fundacion-earth.azurewebsites.net\/es\/campana-general\/"]}]},{"@type":"ImageObject","inLanguage":"es","@id":"https:\/\/wp-fundacion-earth.azurewebsites.net\/es\/campana-general\/#primaryimage","url":"\/wp-content\/uploads\/2024\/10\/as_needs.jpg","contentUrl":"\/wp-content\/uploads\/2024\/10\/as_needs.jpg","width":750,"height":508},{"@type":"BreadcrumbList","@id":"https:\/\/wp-fundacion-earth.azurewebsites.net\/es\/campana-general\/#breadcrumb","itemListElement":[{"@type":"ListItem","position":1,"name":"Home","item":"https:\/\/wp-fundacion-earth.azurewebsites.net\/es\/"},{"@type":"ListItem","position":2,"name":"Por qu\u00e9 apoyar a EARTH"}]},{"@type":"WebSite","@id":"https:\/\/wp-fundacion-earth.azurewebsites.net\/#website","url":"https:\/\/wp-fundacion-earth.azurewebsites.net\/","name":"EARTH","description":"","potentialAction":[{"@type":"SearchAction","target":{"@type":"EntryPoint","urlTemplate":"https:\/\/wp-fundacion-earth.azurewebsites.net\/?s={search_term_string}"},"query-input":{"@type":"PropertyValueSpecification","valueRequired":true,"valueName":"search_term_string"}}],"inLanguage":"es"}]}},"yoast_meta_description":"Mayores necesidades. Construyendo un Movimiento Global de L\u00edderes para Transformar los Sistemas Alimentarios","_links":{"self":[{"href":"https:\/\/wp-fundacion-earth.azurewebsites.net\/es\/wp-json\/wp\/v2\/pages\/2742","targetHints":{"allow":["GET"]}}],"collection":[{"href":"https:\/\/wp-fundacion-earth.azurewebsites.net\/es\/wp-json\/wp\/v2\/pages"}],"about":[{"href":"https:\/\/wp-fundacion-earth.azurewebsites.net\/es\/wp-json\/wp\/v2\/types\/page"}],"author":[{"embeddable":true,"href":"https:\/\/wp-fundacion-earth.azurewebsites.net\/es\/wp-json\/wp\/v2\/users\/4"}],"replies":[{"embeddable":true,"href":"https:\/\/wp-fundacion-earth.azurewebsites.net\/es\/wp-json\/wp\/v2\/comments?post=2742"}],"version-history":[{"count":2,"href":"https:\/\/wp-fundacion-earth.azurewebsites.net\/es\/wp-json\/wp\/v2\/pages\/2742\/revisions"}],"predecessor-version":[{"id":2981,"href":"https:\/\/wp-fundacion-earth.azurewebsites.net\/es\/wp-json\/wp\/v2\/pages\/2742\/revisions\/2981"}],"wp:featuredmedia":[{"embeddable":true,"href":"https:\/\/wp-fundacion-earth.azurewebsites.net\/es\/wp-json\/wp\/v2\/media\/1402"}],"wp:attachment":[{"href":"https:\/\/wp-fundacion-earth.azurewebsites.net\/es\/wp-json\/wp\/v2\/media?parent=2742"}],"curies":[{"name":"wp","href":"https:\/\/api.w.org\/{rel}","templated":true}]}}