{"id":2730,"date":"2025-05-14T13:00:35","date_gmt":"2025-05-14T13:00:35","guid":{"rendered":"https:\/\/wp-fundacion-earth.azurewebsites.net\/donantes\/"},"modified":"2025-06-02T22:28:27","modified_gmt":"2025-06-02T22:28:27","slug":"donantes","status":"publish","type":"page","link":"https:\/\/wp-fundacion-earth.azurewebsites.net\/es\/donantes\/","title":{"rendered":"Donantes"},"content":{"rendered":"\n<h2  id=\"hero\">\n\t\t\tDonantes\t<\/h2>\n<h1>\n\t\t\tDonantes\t<\/h1>\n\t<h2>Estamos profundamente agradecidos por el generoso apoyo de nuestras donantes.<\/h2>\n\t<p>Desde la fundaci\u00f3n de EARTH, m\u00e1s de 500 donantes generosos han invertido en nuestra misi\u00f3n de preparar l\u00edderes \u00e9ticos para un mundo m\u00e1s justo, pr\u00f3spero y sostenible, y muchos contin\u00faan apoy\u00e1ndonos hoy. En el campus, un hermoso \u00e1rbol de reconocimiento de donantes rinde homenaje a estos contribuyentes; lo invitamos a venir a verlo y celebrar las ra\u00edces de nuestro impacto compartido. <\/p>\n\t\t\t\t<img decoding=\"async\" src=\"\/wp-content\/uploads\/2025\/03\/image-gallery-1-scaled.jpg\" alt=\"image-gallery-1\" itemprop=\"image\" height=\"1214\" width=\"2560\" title=\"image-gallery-1\" onerror=\"this.style.display='none'\" loading='lazy' \/>\n<h2>\n\t\t\tDonantes de la Fundaci\u00f3n Universitaria EARTH\t<\/h2>\n\t<p>Nos sentimos privilegiados de reconocer a los extraordinarios donantes cuyas inversiones, que totalizan 1 mill\u00f3n de d\u00f3lares o m\u00e1s, han -y contin\u00faan- avanzando profundamente la misi\u00f3n de EARTH.<\/p>\n\t<ul>\n<li>Mastercard Foundation<\/li>\n<li>W. K. Kellogg Foundation<\/li>\n<li>U.S. Agency for International Development, American Schools and Hospitals Abroad (USAID\/ASHA)<\/li>\n<li>Denny and Tim Solso<\/li>\n<li>SENESCYT<\/li>\n<li>Norad &#8211; Norwegian Agency for Development Cooperation<\/li>\n<li>The Cummins Foundation<\/li>\n<li>Agencia Sueca de Cooperaci\u00f3n Internacional<\/li>\n<li>Banco Interamericano de Desarrollo<\/li>\n<li>Open Society Foundations<\/li>\n<li>Katherine John Murphy Foundation<\/li>\n<li>Ministerio de Econom\u00eda y Finanzas de Panam\u00e1<\/li>\n<li>Jane and Dameron Black III<\/li>\n<li>A.G. Leventis Foundation<\/li>\n<li>Exposition Foundation, Inc.<\/li>\n<li>Karin and Mark Ohrstrom<\/li>\n<li>The Walmart Foundation<\/li>\n<li>The Wege Foundation<\/li>\n<li>Fundaci\u00f3n Sim\u00f3n I. Pati\u00f1o<\/li>\n<li>U.S. Department of Energy<\/li>\n<li>Moore Family Foundation<\/li>\n<li>Kalsec, Inc.<\/li>\n<li>Anne H. Bass*<\/li>\n<li>Five Together Foundation<\/li>\n<li>Gerald A. and Karen A. Kolschowsky Foundation, Inc.<\/li>\n<li>Standard Fruit Company<\/li>\n<li>Fundaci\u00f3n CRUSA<\/li>\n<li>WEM Foundation<\/li>\n<li>The Coca-Cola Foundation<\/li>\n<li>Onward &amp; Upward Initiative: A Charitable Trust<\/li>\n<li>The Ohrstrom Foundation and Family<\/li>\n<li>Charles R. O&#8217;Malley Charitable Lead Trust<\/li>\n<\/ul>\n\t<p>Por favor, visite nuestro <strong><a href=\"https:\/\/annualreport.earth.ac.cr\/2024\/inicio.html\" target=\"_blank\" rel=\"noopener\">Informe Anual<\/a><\/strong> para celebrar a los generosos contribuyentes que apoyaron a EARTH durante nuestro m\u00e1s reciente a\u00f1o fiscal.<\/p>\n\tAgregue Su<br \/>\nHoja Hoy\n\t<p>Obtenga m\u00e1s informaci\u00f3n sobre las donaciones filantr\u00f3picas a la Universidad EARTH<\/p>\n\t\t\t<a href=\"https:\/\/wp-fundacion-earth.azurewebsites.net\/es\/pongase-en-contacto\/\" target=\"_blank\" rel=\"noopener\">\n\t\t\t\t\t\t\tCont\u00e1ctanos\n\t\t\t\t\t<\/a>\n\n","protected":false},"excerpt":{"rendered":"<p>Donantes Donantes Estamos profundamente agradecidos por el generoso apoyo de nuestras donantes. Desde la fundaci\u00f3n de EARTH, m\u00e1s de 500 donantes generosos han invertido en nuestra misi\u00f3n de preparar l\u00edderes \u00e9ticos para un mundo m\u00e1s justo, pr\u00f3spero y sostenible, y muchos contin\u00faan apoy\u00e1ndonos hoy. En el campus, un hermoso \u00e1rbol de reconocimiento de donantes rinde&hellip;<\/p>\n","protected":false},"author":4,"featured_media":0,"parent":0,"menu_order":17,"comment_status":"closed","ping_status":"closed","template":"","meta":{"_acf_changed":false,"inline_featured_image":false,"footnotes":""},"class_list":["post-2730","page","type-page","status-publish","hentry"],"acf":[],"yoast_head":"<!-- This site is optimized with the Yoast SEO plugin v25.0 - https:\/\/yoast.com\/wordpress\/plugins\/seo\/ -->\n<title>Donantes - EARTH<\/title>\n<meta name=\"robots\" content=\"index, follow, max-snippet:-1, max-image-preview:large, max-video-preview:-1\" \/>\n<link rel=\"canonical\" href=\"https:\/\/wp-fundacion-earth.azurewebsites.net\/es\/donantes\/\" \/>\n<meta property=\"og:locale\" content=\"es_ES\" \/>\n<meta property=\"og:type\" content=\"article\" \/>\n<meta property=\"og:title\" content=\"Donantes - EARTH\" \/>\n<meta property=\"og:description\" content=\"Donantes Donantes Estamos profundamente agradecidos por el generoso apoyo de nuestras donantes. Desde la fundaci\u00f3n de EARTH, m\u00e1s de 500 donantes generosos han invertido en nuestra misi\u00f3n de preparar l\u00edderes \u00e9ticos para un mundo m\u00e1s justo, pr\u00f3spero y sostenible, y muchos contin\u00faan apoy\u00e1ndonos hoy. En el campus, un hermoso \u00e1rbol de reconocimiento de donantes rinde&hellip;\" \/>\n<meta property=\"og:url\" content=\"https:\/\/wp-fundacion-earth.azurewebsites.net\/es\/donantes\/\" \/>\n<meta property=\"og:site_name\" content=\"EARTH\" \/>\n<meta property=\"article:modified_time\" content=\"2025-06-02T22:28:27+00:00\" \/>\n<meta name=\"twitter:card\" content=\"summary_large_image\" \/>\n<meta name=\"twitter:label1\" content=\"Tiempo de lectura\" \/>\n\t<meta name=\"twitter:data1\" content=\"2 minutos\" \/>\n<script type=\"application\/ld+json\" class=\"yoast-schema-graph\">{\"@context\":\"https:\/\/schema.org\",\"@graph\":[{\"@type\":\"WebPage\",\"@id\":\"https:\/\/wp-fundacion-earth.azurewebsites.net\/es\/donantes\/\",\"url\":\"https:\/\/wp-fundacion-earth.azurewebsites.net\/es\/donantes\/\",\"name\":\"Donantes - EARTH\",\"isPartOf\":{\"@id\":\"https:\/\/wp-fundacion-earth.azurewebsites.net\/#website\"},\"datePublished\":\"2025-05-14T13:00:35+00:00\",\"dateModified\":\"2025-06-02T22:28:27+00:00\",\"breadcrumb\":{\"@id\":\"https:\/\/wp-fundacion-earth.azurewebsites.net\/es\/donantes\/#breadcrumb\"},\"inLanguage\":\"es\",\"potentialAction\":[{\"@type\":\"ReadAction\",\"target\":[\"https:\/\/wp-fundacion-earth.azurewebsites.net\/es\/donantes\/\"]}]},{\"@type\":\"BreadcrumbList\",\"@id\":\"https:\/\/wp-fundacion-earth.azurewebsites.net\/es\/donantes\/#breadcrumb\",\"itemListElement\":[{\"@type\":\"ListItem\",\"position\":1,\"name\":\"Home\",\"item\":\"https:\/\/wp-fundacion-earth.azurewebsites.net\/es\/\"},{\"@type\":\"ListItem\",\"position\":2,\"name\":\"Donantes\"}]},{\"@type\":\"WebSite\",\"@id\":\"https:\/\/wp-fundacion-earth.azurewebsites.net\/#website\",\"url\":\"https:\/\/wp-fundacion-earth.azurewebsites.net\/\",\"name\":\"EARTH\",\"description\":\"\",\"potentialAction\":[{\"@type\":\"SearchAction\",\"target\":{\"@type\":\"EntryPoint\",\"urlTemplate\":\"https:\/\/wp-fundacion-earth.azurewebsites.net\/?s={search_term_string}\"},\"query-input\":{\"@type\":\"PropertyValueSpecification\",\"valueRequired\":true,\"valueName\":\"search_term_string\"}}],\"inLanguage\":\"es\"}]}<\/script>\n<!-- \/ Yoast SEO plugin. -->","yoast_head_json":{"title":"Donantes - EARTH","robots":{"index":"index","follow":"follow","max-snippet":"max-snippet:-1","max-image-preview":"max-image-preview:large","max-video-preview":"max-video-preview:-1"},"canonical":"https:\/\/wp-fundacion-earth.azurewebsites.net\/es\/donantes\/","og_locale":"es_ES","og_type":"article","og_title":"Donantes - EARTH","og_description":"Donantes Donantes Estamos profundamente agradecidos por el generoso apoyo de nuestras donantes. Desde la fundaci\u00f3n de EARTH, m\u00e1s de 500 donantes generosos han invertido en nuestra misi\u00f3n de preparar l\u00edderes \u00e9ticos para un mundo m\u00e1s justo, pr\u00f3spero y sostenible, y muchos contin\u00faan apoy\u00e1ndonos hoy. En el campus, un hermoso \u00e1rbol de reconocimiento de donantes rinde&hellip;","og_url":"https:\/\/wp-fundacion-earth.azurewebsites.net\/es\/donantes\/","og_site_name":"EARTH","article_modified_time":"2025-06-02T22:28:27+00:00","twitter_card":"summary_large_image","twitter_misc":{"Tiempo de lectura":"2 minutos"},"schema":{"@context":"https:\/\/schema.org","@graph":[{"@type":"WebPage","@id":"https:\/\/wp-fundacion-earth.azurewebsites.net\/es\/donantes\/","url":"https:\/\/wp-fundacion-earth.azurewebsites.net\/es\/donantes\/","name":"Donantes - EARTH","isPartOf":{"@id":"https:\/\/wp-fundacion-earth.azurewebsites.net\/#website"},"datePublished":"2025-05-14T13:00:35+00:00","dateModified":"2025-06-02T22:28:27+00:00","breadcrumb":{"@id":"https:\/\/wp-fundacion-earth.azurewebsites.net\/es\/donantes\/#breadcrumb"},"inLanguage":"es","potentialAction":[{"@type":"ReadAction","target":["https:\/\/wp-fundacion-earth.azurewebsites.net\/es\/donantes\/"]}]},{"@type":"BreadcrumbList","@id":"https:\/\/wp-fundacion-earth.azurewebsites.net\/es\/donantes\/#breadcrumb","itemListElement":[{"@type":"ListItem","position":1,"name":"Home","item":"https:\/\/wp-fundacion-earth.azurewebsites.net\/es\/"},{"@type":"ListItem","position":2,"name":"Donantes"}]},{"@type":"WebSite","@id":"https:\/\/wp-fundacion-earth.azurewebsites.net\/#website","url":"https:\/\/wp-fundacion-earth.azurewebsites.net\/","name":"EARTH","description":"","potentialAction":[{"@type":"SearchAction","target":{"@type":"EntryPoint","urlTemplate":"https:\/\/wp-fundacion-earth.azurewebsites.net\/?s={search_term_string}"},"query-input":{"@type":"PropertyValueSpecification","valueRequired":true,"valueName":"search_term_string"}}],"inLanguage":"es"}]}},"yoast_meta_description":"NO META FOUND OR EMPTY","_links":{"self":[{"href":"https:\/\/wp-fundacion-earth.azurewebsites.net\/es\/wp-json\/wp\/v2\/pages\/2730","targetHints":{"allow":["GET"]}}],"collection":[{"href":"https:\/\/wp-fundacion-earth.azurewebsites.net\/es\/wp-json\/wp\/v2\/pages"}],"about":[{"href":"https:\/\/wp-fundacion-earth.azurewebsites.net\/es\/wp-json\/wp\/v2\/types\/page"}],"author":[{"embeddable":true,"href":"https:\/\/wp-fundacion-earth.azurewebsites.net\/es\/wp-json\/wp\/v2\/users\/4"}],"replies":[{"embeddable":true,"href":"https:\/\/wp-fundacion-earth.azurewebsites.net\/es\/wp-json\/wp\/v2\/comments?post=2730"}],"version-history":[{"count":1,"href":"https:\/\/wp-fundacion-earth.azurewebsites.net\/es\/wp-json\/wp\/v2\/pages\/2730\/revisions"}],"predecessor-version":[{"id":2903,"href":"https:\/\/wp-fundacion-earth.azurewebsites.net\/es\/wp-json\/wp\/v2\/pages\/2730\/revisions\/2903"}],"wp:attachment":[{"href":"https:\/\/wp-fundacion-earth.azurewebsites.net\/es\/wp-json\/wp\/v2\/media?parent=2730"}],"curies":[{"name":"wp","href":"https:\/\/api.w.org\/{rel}","templated":true}]}}