{"id":2425,"date":"2025-03-26T03:43:34","date_gmt":"2025-03-26T03:43:34","guid":{"rendered":"https:\/\/wp-fundacion-earth.azurewebsites.net\/preguntas-frecuentes\/"},"modified":"2025-06-02T22:33:38","modified_gmt":"2025-06-02T22:33:38","slug":"preguntas-frecuentes","status":"publish","type":"page","link":"https:\/\/wp-fundacion-earth.azurewebsites.net\/es\/preguntas-frecuentes\/","title":{"rendered":"Preguntas Frecuentes"},"content":{"rendered":"\n<h2  id=\"hero\">\n\t\t\tPreguntas Frecuentes\t<\/h2>\n<h1>\n\t\t\tPreguntas Frecuentes sobre Donaciones a la Fundaci\u00f3n Universidad EARTH\t<\/h1>\n\t<h2>\u00bfCu\u00e1l es el n\u00famero de identificaci\u00f3n fiscal de la Fundaci\u00f3n Universidad EARTH?<\/h2>\n<p>Nuestro n\u00famero de identificaci\u00f3n fiscal es 38-2920639.<\/p>\n\t<h2>\u00bfCu\u00e1ndo y c\u00f3mo recibir\u00e9 mi recibo de impuestos?<\/h2>\n<p>Donaciones en l\u00ednea: Recibir\u00e1s tu recibo de impuestos en la direcci\u00f3n de correo electr\u00f3nico que proporcionaste inmediatamente despu\u00e9s de realizar tu donaci\u00f3n.<\/p>\n<p>Donaciones por correo, tel\u00e9fono o en persona: Tu recibo de impuestos ser\u00e1 enviado por correo a la direcci\u00f3n que proporcionaste dentro de 5 a 7 d\u00edas h\u00e1biles.<\/p>\n\t<h2>\u00bfAceptan donaciones en acciones?<\/h2>\n<p>S\u00ed, aceptamos. Para transferir donaciones en forma de acciones, fondos mutuos o bonos, cont\u00e1ctanos en <a href=\"mailto:info@earth-usa.org\">info@earth-usa.org<\/a>. <\/p>\n\t<h2>Estoy interesado en recordar a EARTH en mi testamento, fideicomiso o anualidad. \u00bfC\u00f3mo puedo hacerlo? <\/h2>\n<p>\u00a1Gracias por tu inter\u00e9s en recordar a EARTH! Por favor, contacta a Clarissa Huard en <g id=\"gid_0\">chuard@earth-usa.org<\/g>. Todas las consultas son confidenciales y no implican ninguna obligaci\u00f3n.  <\/p>\n\t<h2>\u00bfPuedo hacer una donaci\u00f3n confidencial o an\u00f3nima?<\/h2>\n<p>S\u00ed. Cont\u00e1ctanos en <a href=\"mailto:info@earth-usa.org\">info@earth-usa.org<\/a> para informarnos si deseas que tu donaci\u00f3n sea confidencial. <\/p>\n\t<h2>\u00bfPuedo hacer una donaci\u00f3n en honor o en memoria de alguien?<\/h2>\n<p>S\u00ed. Las donaciones en memoria o en honor a una persona pueden hacerse en vida o mediante legados. Indica esta preferencia al hacer tu donaci\u00f3n e incluye el nombre del homenajeado y su a\u00f1o de promoci\u00f3n, si corresponde.  <\/p>\n\t<h2>\u00bfA qui\u00e9n puedo llamar si necesito ayuda para hacer una donaci\u00f3n?<\/h2>\n<p>Si tienes preguntas, siempre puedes llamarnos al 404-995-1230.<\/p>\n\t<h2>\u00bfC\u00f3mo puedo donar si vivo fuera de los Estados Unidos?<\/h2>\n<p>Puedes hacer una donaci\u00f3n en l\u00ednea o enviarnos un correo a <a href=\"mailto:info@earth-usa.org\">info@earth-usa.org<\/a>.<\/p>\n\t<h2>Me encantar\u00eda visitar la Universidad EARTH. \u00bfA qui\u00e9n debo contactar para hacer los arreglos? <\/h2>\n<p>Esperamos verte y brindarte una experiencia personalizada de EARTH. Cont\u00e1ctanos en <g id=\"gid_0\">info@earth-usa.org<\/g>. Para m\u00e1s informaci\u00f3n sobre c\u00f3mo visitar EARTH, haz <a href=\"https:\/\/wp-fundacion-earth.azurewebsites.net\/es\/experimenta-la-tierra\/\" target=\"_blank\" rel=\"noopener\">clic aqu\u00ed<\/a>.  <\/p>\n\t<h2>\u00bfPueden ayudarme a planear mi viaje a Costa Rica?<\/h2>\n<p>Nos encantar\u00eda ayudarte a planear un Viaje de Amigos a la Universidad EARTH. Sin embargo, no podemos ayudar con arreglos generales de viaje a Costa Rica. Si est\u00e1s interesado en visitar EARTH, cont\u00e1ctanos en <a href=\"mailto:info@earth-usa.org\">info@earth-usa.org<\/a>.  <\/p>\n\t<p>\u00bfPreguntas?<\/p>\n\t<p>Estamos felices de ayudarte.<\/p>\n\t\t\t<a href=\"https:\/\/wp-fundacion-earth.azurewebsites.net\/es\/pongase-en-contacto\/\" target=\"_self\">\n\t\t\t\t\t\t\tCont\u00e1ctanos\n\t\t\t\t\t<\/a>\n\n","protected":false},"excerpt":{"rendered":"<p>Preguntas Frecuentes Preguntas Frecuentes sobre Donaciones a la Fundaci\u00f3n Universidad EARTH \u00bfCu\u00e1l es el n\u00famero de identificaci\u00f3n fiscal de la Fundaci\u00f3n Universidad EARTH? Nuestro n\u00famero de identificaci\u00f3n fiscal es 38-2920639. \u00bfCu\u00e1ndo y c\u00f3mo recibir\u00e9 mi recibo de impuestos? Donaciones en l\u00ednea: Recibir\u00e1s tu recibo de impuestos en la direcci\u00f3n de correo electr\u00f3nico que proporcionaste inmediatamente&hellip;<\/p>\n","protected":false},"author":2,"featured_media":0,"parent":0,"menu_order":52,"comment_status":"closed","ping_status":"closed","template":"","meta":{"_acf_changed":false,"inline_featured_image":false,"footnotes":""},"class_list":["post-2425","page","type-page","status-publish","hentry"],"acf":[],"yoast_head":"<!-- This site is optimized with the Yoast SEO plugin v25.0 - https:\/\/yoast.com\/wordpress\/plugins\/seo\/ -->\n<title>Preguntas Frecuentes - EARTH<\/title>\n<meta name=\"robots\" content=\"index, follow, max-snippet:-1, max-image-preview:large, max-video-preview:-1\" \/>\n<link rel=\"canonical\" href=\"https:\/\/wp-fundacion-earth.azurewebsites.net\/es\/preguntas-frecuentes\/\" \/>\n<meta property=\"og:locale\" content=\"es_ES\" \/>\n<meta property=\"og:type\" content=\"article\" \/>\n<meta property=\"og:title\" content=\"Preguntas Frecuentes - EARTH\" \/>\n<meta property=\"og:description\" content=\"Preguntas Frecuentes Preguntas Frecuentes sobre Donaciones a la Fundaci\u00f3n Universidad EARTH \u00bfCu\u00e1l es el n\u00famero de identificaci\u00f3n fiscal de la Fundaci\u00f3n Universidad EARTH? Nuestro n\u00famero de identificaci\u00f3n fiscal es 38-2920639. \u00bfCu\u00e1ndo y c\u00f3mo recibir\u00e9 mi recibo de impuestos? Donaciones en l\u00ednea: Recibir\u00e1s tu recibo de impuestos en la direcci\u00f3n de correo electr\u00f3nico que proporcionaste inmediatamente&hellip;\" \/>\n<meta property=\"og:url\" content=\"https:\/\/wp-fundacion-earth.azurewebsites.net\/es\/preguntas-frecuentes\/\" \/>\n<meta property=\"og:site_name\" content=\"EARTH\" \/>\n<meta property=\"article:modified_time\" content=\"2025-06-02T22:33:38+00:00\" \/>\n<meta name=\"twitter:card\" content=\"summary_large_image\" \/>\n<meta name=\"twitter:label1\" content=\"Tiempo de lectura\" \/>\n\t<meta name=\"twitter:data1\" content=\"2 minutos\" \/>\n<script type=\"application\/ld+json\" class=\"yoast-schema-graph\">{\"@context\":\"https:\/\/schema.org\",\"@graph\":[{\"@type\":\"WebPage\",\"@id\":\"https:\/\/wp-fundacion-earth.azurewebsites.net\/es\/preguntas-frecuentes\/\",\"url\":\"https:\/\/wp-fundacion-earth.azurewebsites.net\/es\/preguntas-frecuentes\/\",\"name\":\"Preguntas Frecuentes - EARTH\",\"isPartOf\":{\"@id\":\"https:\/\/wp-fundacion-earth.azurewebsites.net\/#website\"},\"datePublished\":\"2025-03-26T03:43:34+00:00\",\"dateModified\":\"2025-06-02T22:33:38+00:00\",\"breadcrumb\":{\"@id\":\"https:\/\/wp-fundacion-earth.azurewebsites.net\/es\/preguntas-frecuentes\/#breadcrumb\"},\"inLanguage\":\"es\",\"potentialAction\":[{\"@type\":\"ReadAction\",\"target\":[\"https:\/\/wp-fundacion-earth.azurewebsites.net\/es\/preguntas-frecuentes\/\"]}]},{\"@type\":\"BreadcrumbList\",\"@id\":\"https:\/\/wp-fundacion-earth.azurewebsites.net\/es\/preguntas-frecuentes\/#breadcrumb\",\"itemListElement\":[{\"@type\":\"ListItem\",\"position\":1,\"name\":\"Home\",\"item\":\"https:\/\/wp-fundacion-earth.azurewebsites.net\/es\/\"},{\"@type\":\"ListItem\",\"position\":2,\"name\":\"Preguntas Frecuentes\"}]},{\"@type\":\"WebSite\",\"@id\":\"https:\/\/wp-fundacion-earth.azurewebsites.net\/#website\",\"url\":\"https:\/\/wp-fundacion-earth.azurewebsites.net\/\",\"name\":\"EARTH\",\"description\":\"\",\"potentialAction\":[{\"@type\":\"SearchAction\",\"target\":{\"@type\":\"EntryPoint\",\"urlTemplate\":\"https:\/\/wp-fundacion-earth.azurewebsites.net\/?s={search_term_string}\"},\"query-input\":{\"@type\":\"PropertyValueSpecification\",\"valueRequired\":true,\"valueName\":\"search_term_string\"}}],\"inLanguage\":\"es\"}]}<\/script>\n<!-- \/ Yoast SEO plugin. -->","yoast_head_json":{"title":"Preguntas Frecuentes - EARTH","robots":{"index":"index","follow":"follow","max-snippet":"max-snippet:-1","max-image-preview":"max-image-preview:large","max-video-preview":"max-video-preview:-1"},"canonical":"https:\/\/wp-fundacion-earth.azurewebsites.net\/es\/preguntas-frecuentes\/","og_locale":"es_ES","og_type":"article","og_title":"Preguntas Frecuentes - EARTH","og_description":"Preguntas Frecuentes Preguntas Frecuentes sobre Donaciones a la Fundaci\u00f3n Universidad EARTH \u00bfCu\u00e1l es el n\u00famero de identificaci\u00f3n fiscal de la Fundaci\u00f3n Universidad EARTH? Nuestro n\u00famero de identificaci\u00f3n fiscal es 38-2920639. \u00bfCu\u00e1ndo y c\u00f3mo recibir\u00e9 mi recibo de impuestos? Donaciones en l\u00ednea: Recibir\u00e1s tu recibo de impuestos en la direcci\u00f3n de correo electr\u00f3nico que proporcionaste inmediatamente&hellip;","og_url":"https:\/\/wp-fundacion-earth.azurewebsites.net\/es\/preguntas-frecuentes\/","og_site_name":"EARTH","article_modified_time":"2025-06-02T22:33:38+00:00","twitter_card":"summary_large_image","twitter_misc":{"Tiempo de lectura":"2 minutos"},"schema":{"@context":"https:\/\/schema.org","@graph":[{"@type":"WebPage","@id":"https:\/\/wp-fundacion-earth.azurewebsites.net\/es\/preguntas-frecuentes\/","url":"https:\/\/wp-fundacion-earth.azurewebsites.net\/es\/preguntas-frecuentes\/","name":"Preguntas Frecuentes - EARTH","isPartOf":{"@id":"https:\/\/wp-fundacion-earth.azurewebsites.net\/#website"},"datePublished":"2025-03-26T03:43:34+00:00","dateModified":"2025-06-02T22:33:38+00:00","breadcrumb":{"@id":"https:\/\/wp-fundacion-earth.azurewebsites.net\/es\/preguntas-frecuentes\/#breadcrumb"},"inLanguage":"es","potentialAction":[{"@type":"ReadAction","target":["https:\/\/wp-fundacion-earth.azurewebsites.net\/es\/preguntas-frecuentes\/"]}]},{"@type":"BreadcrumbList","@id":"https:\/\/wp-fundacion-earth.azurewebsites.net\/es\/preguntas-frecuentes\/#breadcrumb","itemListElement":[{"@type":"ListItem","position":1,"name":"Home","item":"https:\/\/wp-fundacion-earth.azurewebsites.net\/es\/"},{"@type":"ListItem","position":2,"name":"Preguntas Frecuentes"}]},{"@type":"WebSite","@id":"https:\/\/wp-fundacion-earth.azurewebsites.net\/#website","url":"https:\/\/wp-fundacion-earth.azurewebsites.net\/","name":"EARTH","description":"","potentialAction":[{"@type":"SearchAction","target":{"@type":"EntryPoint","urlTemplate":"https:\/\/wp-fundacion-earth.azurewebsites.net\/?s={search_term_string}"},"query-input":{"@type":"PropertyValueSpecification","valueRequired":true,"valueName":"search_term_string"}}],"inLanguage":"es"}]}},"yoast_meta_description":"NO META FOUND OR EMPTY","_links":{"self":[{"href":"https:\/\/wp-fundacion-earth.azurewebsites.net\/es\/wp-json\/wp\/v2\/pages\/2425","targetHints":{"allow":["GET"]}}],"collection":[{"href":"https:\/\/wp-fundacion-earth.azurewebsites.net\/es\/wp-json\/wp\/v2\/pages"}],"about":[{"href":"https:\/\/wp-fundacion-earth.azurewebsites.net\/es\/wp-json\/wp\/v2\/types\/page"}],"author":[{"embeddable":true,"href":"https:\/\/wp-fundacion-earth.azurewebsites.net\/es\/wp-json\/wp\/v2\/users\/2"}],"replies":[{"embeddable":true,"href":"https:\/\/wp-fundacion-earth.azurewebsites.net\/es\/wp-json\/wp\/v2\/comments?post=2425"}],"version-history":[{"count":1,"href":"https:\/\/wp-fundacion-earth.azurewebsites.net\/es\/wp-json\/wp\/v2\/pages\/2425\/revisions"}],"predecessor-version":[{"id":2910,"href":"https:\/\/wp-fundacion-earth.azurewebsites.net\/es\/wp-json\/wp\/v2\/pages\/2425\/revisions\/2910"}],"wp:attachment":[{"href":"https:\/\/wp-fundacion-earth.azurewebsites.net\/es\/wp-json\/wp\/v2\/media?parent=2425"}],"curies":[{"name":"wp","href":"https:\/\/api.w.org\/{rel}","templated":true}]}}