{"id":2419,"date":"2025-04-24T15:06:27","date_gmt":"2025-04-24T15:06:27","guid":{"rendered":"https:\/\/wp-fundacion-earth.azurewebsites.net\/programas\/"},"modified":"2025-08-13T13:49:00","modified_gmt":"2025-08-13T13:49:00","slug":"programas","status":"publish","type":"page","link":"https:\/\/wp-fundacion-earth.azurewebsites.net\/es\/programas\/","title":{"rendered":"Programas"},"content":{"rendered":"\n<h2  id=\"hero\">\n\t\t\tProgramas\t<\/h2>\n<h1>\n\t\t\tMarca la Diferencia\t<\/h1>\n\t<h2>\u00bfQu\u00e9 te apasiona?<\/h2>\n\t<p>Apoya los programas que m\u00e1s te importan e invierte en personas y comunidades a trav\u00e9s de una filantrop\u00eda con prop\u00f3sito en la Universidad EARTH. Lee m\u00e1s sobre nuestros programas insignia y descubre c\u00f3mo puedes contribuir a un legado que da forma a nuestro futuro colectivo. <\/p>\n\t\t\t\t<img decoding=\"async\" src=\"\/wp-content\/uploads\/2025\/04\/community-development-700x375-1.jpeg\" alt=\"Young students with plants\" itemprop=\"image\" height=\"375\" width=\"700\" title=\"community development-700x375\" onerror=\"this.style.display='none'\" loading='lazy' \/>\n\t<h3>Programa de Desarrollo Comunitario<\/h3>\n<h4>Empodera hoy a los agentes de cambio social del ma\u00f1ana.<\/h4>\n<p>Nuestro prop\u00f3sito en EARTH es preparar l\u00edderes que tendr\u00e1n un impacto social positivo en sus pa\u00edses y regiones de origen. La pregunta que nos hacemos no es si regresar\u00e1n a su regi\u00f3n para retribuir, sino cu\u00e1ndo y c\u00f3mo lo har\u00e1n.  <\/p>\n<p>El Programa de Desarrollo Comunitario (CDP) prepara a los estudiantes para regresar a sus pa\u00edses de origen y promover la justicia social y la prosperidad compartida, reforzando habilidades esenciales como la empat\u00eda y el respeto, la resoluci\u00f3n creativa de problemas y la comunicaci\u00f3n efectiva.<\/p>\n\t\t\t<a href=\"https:\/\/wp-fundacion-earth.azurewebsites.net\/es\/donar-ahora\/\" target=\"_blank\" rel=\"noopener\">\n\t\t\t\t\t\t\tDonar Hoy\n\t\t\t\t\t<\/a>\n\t<h3>Futuros EARTH<\/h3>\n<h4>Puedes ayudar a nuestros estudiantes a desarrollar soluciones innovadoras para los sistemas alimentarios globales.<\/h4>\n<p>Futuros EARTH es el centro global de soluciones en la Universidad EARTH, cuyo objetivo es transformar las zonas rurales. Nuestras iniciativas se estructuran en torno a dos pilares principales: Educaci\u00f3n para el Liderazgo y Desarrollo de Soluciones, con un enfoque en \u00c1frica, Am\u00e9rica Latina y el Caribe.  <\/p>\n<p>Junto con socios afines e instituciones acad\u00e9micas afiliadas, buscamos hacer que la educaci\u00f3n agr\u00edcola sea efectiva y transformadora, inspirando a la pr\u00f3xima generaci\u00f3n de l\u00edderes para las \u00e1reas rurales y los sistemas alimentarios globales. <\/p>\n<p>Adem\u00e1s, trabajamos con comunidades locales y productores para dise\u00f1ar, implementar, probar y escalar nuevas soluciones que mejoren los medios de vida y la sostenibilidad en las zonas rurales.<\/p>\n\t\t\t<a href=\"https:\/\/wp-fundacion-earth.azurewebsites.net\/es\/donar-ahora\/\" target=\"_blank\" rel=\"noopener\">\n\t\t\t\t\t\t\tDonar Hoy\n\t\t\t\t\t<\/a>\n\t\t\t\t<img decoding=\"async\" src=\"\/wp-content\/uploads\/2025\/04\/EARTH-Futures-700x375-1.jpeg\" alt=\"Students in rainforest\" itemprop=\"image\" height=\"375\" width=\"700\" title=\"EARTH-Futures-700x375\" onerror=\"this.style.display='none'\" loading='lazy' \/>\n\t\t\t\t<img decoding=\"async\" src=\"\/wp-content\/uploads\/2025\/04\/entreprenuership-700x375-1.jpeg\" alt=\"Two students at farming table\" itemprop=\"image\" height=\"375\" width=\"700\" title=\"entreprenuership-700x375\" onerror=\"this.style.display='none'\" loading='lazy' \/>\n\t<h3>Emprendimiento EARTH<\/h3>\n<h4>Ayuda a quienes buscan empleo a convertirse en creadores de empleo a trav\u00e9s del desarrollo emprendedor.<\/h4>\n<p>Todos los estudiantes desarrollan y operan un proyecto empresarial durante sus primeros dos a\u00f1os y medio de estudio, gracias en parte al Programa de Proyectos Empresariales Jorge Manuel Dengo O. Ninguna otra universidad de pregrado requiere que todos sus estudiantes inicien, administren y cierren un negocio de varios a\u00f1os de principio a fin.  <\/p>\n<p>El programa tiene como objetivo inspirar y cultivar el esp\u00edritu emprendedor de los estudiantes para crear empresas de producci\u00f3n de alimentos que sean econ\u00f3micamente rentables, ecol\u00f3gicamente viables y socialmente justas, mientras desarrollan sus habilidades de liderazgo. <\/p>\n<p>M\u00e1s de 30 a\u00f1os despu\u00e9s, cuatro de cada cinco exalumnos de EARTH viven y trabajan en sus pa\u00edses de origen, y m\u00e1s del 23% dirige su propio negocio en su d\u00e9cima reuni\u00f3n de clase, el doble del promedio nacional de EE.UU. en propiedad de negocios entre graduados universitarios.<\/p>\n\t\t\t<a href=\"https:\/\/wp-fundacion-earth.azurewebsites.net\/es\/donar-ahora\/\" target=\"_blank\" rel=\"noopener\">\n\t\t\t\t\t\t\tDonar Hoy\n\t\t\t\t\t<\/a>\n\t<h3>Infraestructura y Tecnolog\u00eda<\/h3>\n<h4>Invierte en los planes de mejora de capital de EARTH.<\/h4>\n<p>Las mejoras en nuestras tecnolog\u00edas existentes, recursos de biblioteca e infraestructura permitir\u00e1n que profesores, personal y estudiantes tengan acceso a experiencias digitales y f\u00edsicas de vanguardia y a una instrucci\u00f3n acad\u00e9mica de excelencia.<\/p>\n\t\t\t<a href=\"https:\/\/wp-fundacion-earth.azurewebsites.net\/es\/donar-ahora\/\" target=\"_blank\" rel=\"noopener\">\n\t\t\t\t\t\t\tDonar Hoy\n\t\t\t\t\t<\/a>\n\t\t\t\t<img decoding=\"async\" src=\"\/wp-content\/uploads\/2025\/04\/infrastructure-and-tech-700x375-1.jpeg\" alt=\"Young woman looking through microscope\" itemprop=\"image\" height=\"375\" width=\"700\" title=\"infrastructure and tech-700x375\" onerror=\"this.style.display='none'\" loading='lazy' \/>\n\t\t\t\t<img decoding=\"async\" src=\"\/wp-content\/uploads\/2025\/04\/internship-700x375-1.jpeg\" alt=\"Two students looking at tablet\" itemprop=\"image\" height=\"375\" width=\"700\" title=\"internship-700x375\" onerror=\"this.style.display='none'\" loading='lazy' \/>\n\t<h3>Pasant\u00edas<\/h3>\n<h4>Apoya a los estudiantes de EARTH mientras realizan pasant\u00edas en empresas de todo el mundo.<\/h4>\n<p>Durante m\u00e1s de 30 a\u00f1os, EARTH ha utilizado con \u00e9xito un modelo de educaci\u00f3n en liderazgo transformador centrado en el aprendizaje experiencial, preparando a los estudiantes para resolver los desaf\u00edos de sostenibilidad del presente y el futuro. <\/p>\n<p>Los estudiantes de tercer a\u00f1o de EARTH aplican su experiencia en una pasant\u00eda de 15 semanas en una de las organizaciones anfitrionas de la red de EARTH en m\u00e1s de 30 pa\u00edses. Los estudiantes se enfocan en su \u00e1rea de inter\u00e9s, como agricultura, manejo de ganado, silvicultura, investigaci\u00f3n o producci\u00f3n de alimentos. <\/p>\n\t\t\t<a href=\"https:\/\/wp-fundacion-earth.azurewebsites.net\/es\/donar-ahora\/\" target=\"_blank\" rel=\"noopener\">\n\t\t\t\t\t\t\tDonar Hoy\n\t\t\t\t\t<\/a>\n\t<h3>Agricultura de Precisi\u00f3n<\/h3>\n<h4>Contribuya al futuro de la agricultura sostenible<\/h4>\n<p>La agricultura de precisi\u00f3n es la pr\u00e1ctica de utilizar tecnolog\u00edas de la informaci\u00f3n -como la gu\u00eda GPS y el muestreo de suelo, la rob\u00f3tica, los drones, los sensores, el hardware y el software automatizados- para observar, medir y responder de manera que mejoren la producci\u00f3n agr\u00edcola y la sostenibilidad, tanto de cultivos como de ganado.<\/p>\n<p>El Centro de Agricultura de Precisi\u00f3n de la Universidad EARTH contribuye decisivamente a mejorar la productividad de las peque\u00f1as y medianas explotaciones agr\u00edcolas que rodean el campus de EARTH en Guanacaste, adem\u00e1s de ayudar a los productores a conocer mejor sus tierras y cultivos y a conectar con nuevos mercados.<\/p>\n\t\t\t<a href=\"https:\/\/wp-fundacion-earth.azurewebsites.net\/es\/donar-ahora\/\" target=\"_blank\" rel=\"noopener\">\n\t\t\t\t\t\t\tDonar Hoy\n\t\t\t\t\t<\/a>\n\t\t\t\t<img decoding=\"async\" src=\"\/wp-content\/uploads\/2025\/04\/precision-ag-700x375-1.jpeg\" alt=\"Student flying drone in field\" itemprop=\"image\" height=\"375\" width=\"700\" title=\"precision-ag-700x375\" onerror=\"this.style.display='none'\" loading='lazy' \/>\n\t\t\t\t<img decoding=\"async\" src=\"\/wp-content\/uploads\/2025\/04\/CIDER-700x375-1.jpeg\" alt=\"Students in lab\" itemprop=\"image\" height=\"375\" width=\"700\" title=\"CIDER-700x375\" onerror=\"this.style.display='none'\" loading='lazy' \/>\n\t<h3>Energ\u00edas Renovables (CIDER)<\/h3>\n<h4>Lidera el camino hacia el futuro de las energ\u00edas renovables.<\/h4>\n<p>Ubicado en el campus de Gu\u00e1cimo de EARTH, el Centro de Investigaci\u00f3n y Desarrollo en Energ\u00edas Renovables (CIDER) es un centro de formaci\u00f3n para estudiantes, agricultores, l\u00edderes comunitarios, banqueros, legisladores y profesionales de las energ\u00edas renovables de todo el mundo.<\/p>\n<p>CIDER est\u00e1 equipado con recursos para educar sobre energ\u00edas renovables como biomasa, biog\u00e1s, biocombustibles, energ\u00eda solar t\u00e9rmica y fotovoltaica, energ\u00eda e\u00f3lica e hidr\u00e1ulica, energ\u00eda geot\u00e9rmica, tecnolog\u00edas de almacenamiento y tecnolog\u00edas de hidr\u00f3geno. <\/p>\n\t\t\t<a href=\"https:\/\/wp-fundacion-earth.azurewebsites.net\/es\/donar-ahora\/\" target=\"_blank\" rel=\"noopener\">\n\t\t\t\t\t\t\tDonar Hoy\n\t\t\t\t\t<\/a>\n\t<h3>Investigaci\u00f3n<\/h3>\n<h4>Apoye la misi\u00f3n de investigaci\u00f3n de EARTH y haga un impacto positivo en la vida de las comunidades rurales y urbanas.<\/h4>\n<p>La misi\u00f3n de investigaci\u00f3n de EARTH es realizar investigaciones de alta calidad, colaborar con universidades internacionales e institutos de investigaci\u00f3n, y tener un impacto positivo en la vida de las comunidades rurales y urbanas. Nuestra investigaci\u00f3n se centra en la agricultura sostenible, la energ\u00eda renovable, la agroforester\u00eda, el desarrollo rural y la sostenibilidad, y las innovaciones tecnol\u00f3gicas, lo que apoya nuestra visi\u00f3n de convertirnos en una universidad innovadora l\u00edder que utiliza la investigaci\u00f3n aplicada para abordar los desaf\u00edos productivos, ambientales y sociales relacionados con los sistemas alimentarios. <\/p>\n\t\t\t<a href=\"https:\/\/wp-fundacion-earth.azurewebsites.net\/es\/donar-ahora\/\" target=\"_blank\" rel=\"noopener\">\n\t\t\t\t\t\t\tDonar Hoy\n\t\t\t\t\t<\/a>\n\t\t\t\t<img decoding=\"async\" src=\"\/wp-content\/uploads\/2025\/04\/research-700x375-1.jpeg\" alt=\"Student smiling in lab\" itemprop=\"image\" height=\"375\" width=\"700\" title=\"research-700x375\" onerror=\"this.style.display='none'\" loading='lazy' \/>\n\t\t\t\t<img decoding=\"async\" src=\"\/wp-content\/uploads\/2025\/04\/spanish-immersion-700x375-1.jpeg\" alt=\"Woman smiling in large group of people\" itemprop=\"image\" height=\"375\" width=\"700\" title=\"spanish immersion-700x375\" onerror=\"this.style.display='none'\" loading='lazy' \/>\n\t<h3>Inmersi\u00f3n en Espa\u00f1ol<\/h3>\n<h4>Usted puede ayudar a los estudiantes de EARTH que no son hablantes nativos de espa\u00f1ol a construir una base para el \u00e9xito.<\/h4>\n<p>Los estudiantes que no son hablantes nativos de espa\u00f1ol reciben una instrucci\u00f3n robusta y relevante en espa\u00f1ol a trav\u00e9s de un programa de inmersi\u00f3n de cinco meses que los lleva de cero a un nivel intermedio de espa\u00f1ol y proporciona una introducci\u00f3n fundamental a la cultura costarricense y la vida universitaria.<\/p>\n<p>Los estudiantes viven individualmente con familias anfitrionas, viajando hacia y desde el campus con los miembros de la familia anfitriona para un d\u00eda intensivo de aprendizaje. Para enero, estar\u00e1n listos para mudarse al campus cuando lleguen sus compa\u00f1eros de clase hispanohablantes. <\/p>\n\t\t\t<a href=\"https:\/\/wp-fundacion-earth.azurewebsites.net\/es\/donar-ahora\/\" target=\"_blank\" rel=\"noopener\">\n\t\t\t\t\t\t\tDonar Hoy\n\t\t\t\t\t<\/a>\n\n","protected":false},"excerpt":{"rendered":"<p>Programas Marca la Diferencia \u00bfQu\u00e9 te apasiona? Apoya los programas que m\u00e1s te importan e invierte en personas y comunidades a trav\u00e9s de una filantrop\u00eda con prop\u00f3sito en la Universidad EARTH. Lee m\u00e1s sobre nuestros programas insignia y descubre c\u00f3mo puedes contribuir a un legado que da forma a nuestro futuro colectivo. Programa de Desarrollo&hellip;<\/p>\n","protected":false},"author":4,"featured_media":0,"parent":0,"menu_order":46,"comment_status":"closed","ping_status":"closed","template":"","meta":{"_acf_changed":false,"inline_featured_image":false,"footnotes":""},"class_list":["post-2419","page","type-page","status-publish","hentry"],"acf":[],"yoast_head":"<!-- This site is optimized with the Yoast SEO plugin v25.0 - https:\/\/yoast.com\/wordpress\/plugins\/seo\/ -->\n<title>Programas - EARTH<\/title>\n<meta name=\"robots\" content=\"index, follow, max-snippet:-1, max-image-preview:large, max-video-preview:-1\" \/>\n<link rel=\"canonical\" href=\"https:\/\/wp-fundacion-earth.azurewebsites.net\/es\/programas\/\" \/>\n<meta property=\"og:locale\" content=\"es_ES\" \/>\n<meta property=\"og:type\" content=\"article\" \/>\n<meta property=\"og:title\" content=\"Programas - EARTH\" \/>\n<meta property=\"og:description\" content=\"Programas Marca la Diferencia \u00bfQu\u00e9 te apasiona? Apoya los programas que m\u00e1s te importan e invierte en personas y comunidades a trav\u00e9s de una filantrop\u00eda con prop\u00f3sito en la Universidad EARTH. Lee m\u00e1s sobre nuestros programas insignia y descubre c\u00f3mo puedes contribuir a un legado que da forma a nuestro futuro colectivo. Programa de Desarrollo&hellip;\" \/>\n<meta property=\"og:url\" content=\"https:\/\/wp-fundacion-earth.azurewebsites.net\/es\/programas\/\" \/>\n<meta property=\"og:site_name\" content=\"EARTH\" \/>\n<meta property=\"article:modified_time\" content=\"2025-08-13T13:49:00+00:00\" \/>\n<meta name=\"twitter:card\" content=\"summary_large_image\" \/>\n<meta name=\"twitter:label1\" content=\"Tiempo de lectura\" \/>\n\t<meta name=\"twitter:data1\" content=\"6 minutos\" \/>\n<script type=\"application\/ld+json\" class=\"yoast-schema-graph\">{\"@context\":\"https:\/\/schema.org\",\"@graph\":[{\"@type\":\"WebPage\",\"@id\":\"https:\/\/wp-fundacion-earth.azurewebsites.net\/es\/programas\/\",\"url\":\"https:\/\/wp-fundacion-earth.azurewebsites.net\/es\/programas\/\",\"name\":\"Programas - EARTH\",\"isPartOf\":{\"@id\":\"https:\/\/wp-fundacion-earth.azurewebsites.net\/#website\"},\"datePublished\":\"2025-04-24T15:06:27+00:00\",\"dateModified\":\"2025-08-13T13:49:00+00:00\",\"breadcrumb\":{\"@id\":\"https:\/\/wp-fundacion-earth.azurewebsites.net\/es\/programas\/#breadcrumb\"},\"inLanguage\":\"es\",\"potentialAction\":[{\"@type\":\"ReadAction\",\"target\":[\"https:\/\/wp-fundacion-earth.azurewebsites.net\/es\/programas\/\"]}]},{\"@type\":\"BreadcrumbList\",\"@id\":\"https:\/\/wp-fundacion-earth.azurewebsites.net\/es\/programas\/#breadcrumb\",\"itemListElement\":[{\"@type\":\"ListItem\",\"position\":1,\"name\":\"Home\",\"item\":\"https:\/\/wp-fundacion-earth.azurewebsites.net\/es\/\"},{\"@type\":\"ListItem\",\"position\":2,\"name\":\"Programas\"}]},{\"@type\":\"WebSite\",\"@id\":\"https:\/\/wp-fundacion-earth.azurewebsites.net\/#website\",\"url\":\"https:\/\/wp-fundacion-earth.azurewebsites.net\/\",\"name\":\"EARTH\",\"description\":\"\",\"potentialAction\":[{\"@type\":\"SearchAction\",\"target\":{\"@type\":\"EntryPoint\",\"urlTemplate\":\"https:\/\/wp-fundacion-earth.azurewebsites.net\/?s={search_term_string}\"},\"query-input\":{\"@type\":\"PropertyValueSpecification\",\"valueRequired\":true,\"valueName\":\"search_term_string\"}}],\"inLanguage\":\"es\"}]}<\/script>\n<!-- \/ Yoast SEO plugin. -->","yoast_head_json":{"title":"Programas - EARTH","robots":{"index":"index","follow":"follow","max-snippet":"max-snippet:-1","max-image-preview":"max-image-preview:large","max-video-preview":"max-video-preview:-1"},"canonical":"https:\/\/wp-fundacion-earth.azurewebsites.net\/es\/programas\/","og_locale":"es_ES","og_type":"article","og_title":"Programas - EARTH","og_description":"Programas Marca la Diferencia \u00bfQu\u00e9 te apasiona? Apoya los programas que m\u00e1s te importan e invierte en personas y comunidades a trav\u00e9s de una filantrop\u00eda con prop\u00f3sito en la Universidad EARTH. Lee m\u00e1s sobre nuestros programas insignia y descubre c\u00f3mo puedes contribuir a un legado que da forma a nuestro futuro colectivo. Programa de Desarrollo&hellip;","og_url":"https:\/\/wp-fundacion-earth.azurewebsites.net\/es\/programas\/","og_site_name":"EARTH","article_modified_time":"2025-08-13T13:49:00+00:00","twitter_card":"summary_large_image","twitter_misc":{"Tiempo de lectura":"6 minutos"},"schema":{"@context":"https:\/\/schema.org","@graph":[{"@type":"WebPage","@id":"https:\/\/wp-fundacion-earth.azurewebsites.net\/es\/programas\/","url":"https:\/\/wp-fundacion-earth.azurewebsites.net\/es\/programas\/","name":"Programas - EARTH","isPartOf":{"@id":"https:\/\/wp-fundacion-earth.azurewebsites.net\/#website"},"datePublished":"2025-04-24T15:06:27+00:00","dateModified":"2025-08-13T13:49:00+00:00","breadcrumb":{"@id":"https:\/\/wp-fundacion-earth.azurewebsites.net\/es\/programas\/#breadcrumb"},"inLanguage":"es","potentialAction":[{"@type":"ReadAction","target":["https:\/\/wp-fundacion-earth.azurewebsites.net\/es\/programas\/"]}]},{"@type":"BreadcrumbList","@id":"https:\/\/wp-fundacion-earth.azurewebsites.net\/es\/programas\/#breadcrumb","itemListElement":[{"@type":"ListItem","position":1,"name":"Home","item":"https:\/\/wp-fundacion-earth.azurewebsites.net\/es\/"},{"@type":"ListItem","position":2,"name":"Programas"}]},{"@type":"WebSite","@id":"https:\/\/wp-fundacion-earth.azurewebsites.net\/#website","url":"https:\/\/wp-fundacion-earth.azurewebsites.net\/","name":"EARTH","description":"","potentialAction":[{"@type":"SearchAction","target":{"@type":"EntryPoint","urlTemplate":"https:\/\/wp-fundacion-earth.azurewebsites.net\/?s={search_term_string}"},"query-input":{"@type":"PropertyValueSpecification","valueRequired":true,"valueName":"search_term_string"}}],"inLanguage":"es"}]}},"yoast_meta_description":"NO META FOUND OR EMPTY","_links":{"self":[{"href":"https:\/\/wp-fundacion-earth.azurewebsites.net\/es\/wp-json\/wp\/v2\/pages\/2419","targetHints":{"allow":["GET"]}}],"collection":[{"href":"https:\/\/wp-fundacion-earth.azurewebsites.net\/es\/wp-json\/wp\/v2\/pages"}],"about":[{"href":"https:\/\/wp-fundacion-earth.azurewebsites.net\/es\/wp-json\/wp\/v2\/types\/page"}],"author":[{"embeddable":true,"href":"https:\/\/wp-fundacion-earth.azurewebsites.net\/es\/wp-json\/wp\/v2\/users\/4"}],"replies":[{"embeddable":true,"href":"https:\/\/wp-fundacion-earth.azurewebsites.net\/es\/wp-json\/wp\/v2\/comments?post=2419"}],"version-history":[{"count":4,"href":"https:\/\/wp-fundacion-earth.azurewebsites.net\/es\/wp-json\/wp\/v2\/pages\/2419\/revisions"}],"predecessor-version":[{"id":2925,"href":"https:\/\/wp-fundacion-earth.azurewebsites.net\/es\/wp-json\/wp\/v2\/pages\/2419\/revisions\/2925"}],"wp:attachment":[{"href":"https:\/\/wp-fundacion-earth.azurewebsites.net\/es\/wp-json\/wp\/v2\/media?parent=2419"}],"curies":[{"name":"wp","href":"https:\/\/api.w.org\/{rel}","templated":true}]}}