{"id":2402,"date":"2025-04-25T05:04:08","date_gmt":"2025-04-25T05:04:08","guid":{"rendered":"https:\/\/wp-fundacion-earth.azurewebsites.net\/fundacion-w-k-kellogg\/"},"modified":"2025-08-13T13:47:24","modified_gmt":"2025-08-13T13:47:24","slug":"fundacion-w-k-kellogg","status":"publish","type":"page","link":"https:\/\/wp-fundacion-earth.azurewebsites.net\/es\/fundacion-w-k-kellogg\/","title":{"rendered":"Fundaci\u00f3n W.K. Kellogg"},"content":{"rendered":"\n<h2  id=\"hero\">\n\t\t\tFundaci\u00f3n W.K. Kellogg\t<\/h2>\n<h1>\n\t\t\tLos becados de EARTH prosperan con el apoyo de la Fundaci\u00f3n W.K. Kellogg\t<\/h1>\n\t<h2>Historia de Estudiante<\/h2>\n\tGoodluck Serafine Mushi, Clase de 2023, Tanzania<br \/>\nBecado por el Fondo W.K. Kellogg\n\t<p><img loading=\"lazy\" decoding=\"async\" src=\"\/wp-content\/uploads\/2025\/03\/cta-person1a-645x526.jpg\" alt=\"\" width=\"500\" height=\"335\"\/>Goodluck Serafine Mushi, (Clase de 2023), proviene de Dar-es-Salam, la ciudad m\u00e1s poblada del este de Tanzania. Creci\u00f3 hablando ingl\u00e9s y suajili, y ahora tambi\u00e9n habla espa\u00f1ol. <\/p>\n<p>Eligi\u00f3 estudiar ciencias agr\u00edcolas como una forma de ayudar a su pa\u00eds, ya que la agricultura es la columna vertebral de la econom\u00eda de Tanzania. Goodluck lleg\u00f3 al campus en 2018 para el Programa de Espa\u00f1ol, luego comenz\u00f3 sus estudios en EARTH en 2019. Regres\u00f3 a Tanzania por casi un a\u00f1o por razones de salud, y ahora se encuentra en su tercer a\u00f1o de estudios.  <\/p>\n<p>Goodluck es el actual Presidente de la Uni\u00f3n de Estudiantes Africanos. \u00abRegresar a casa me ayud\u00f3 a visualizar maneras en las que puedo ayudar a mi comunidad. Volver a EARTH me ha ayudado a darme cuenta de la incre\u00edble oportunidad que tengo de crecer y aprender aqu\u00ed; es un verdadero privilegio. No lo dar\u00e9 por sentado, y estoy decidido a hacer una diferencia y devolver lo que he recibido. Mi misi\u00f3n es fomentar m\u00e1s participaci\u00f3n y empoderamiento de los j\u00f3venes africanos en la agricultura.\u00bb <\/p>\n<p>Goodluck sabe que ha crecido desde su llegada a EARTH. \u00abEl conocimiento t\u00e9cnico que he adquirido me permitir\u00e1 ayudar a los agricultores en Tanzania y otras partes de \u00c1frica. Usando tecnolog\u00eda, estoy trabajando en formas de compartir herramientas y metodolog\u00edas para la agricultura sostenible a trav\u00e9s de una aplicaci\u00f3n en suajili, para que los j\u00f3venes puedan recibir orientaci\u00f3n sobre sus t\u00e9cnicas agr\u00edcolas. M\u00e1s del 70% de nuestra poblaci\u00f3n depende de la agricultura, y quiero ser un agente de cambio.\u00bb <\/p>\n<p>Est\u00e1 trabajando con otros estudiantes de EARTH en un proyecto para reducir la malnutrici\u00f3n en un campamento de refugiados en Ruanda, as\u00ed como en un proyecto de invernadero con tomates en Tanzania. Tambi\u00e9n ha dise\u00f1ado un sistema completo de econom\u00eda circular que reducir\u00e1 la mala gesti\u00f3n de residuos org\u00e1nicos en su comunidad en Tanzania. <\/p>\n<p>Al graduarse, Goodluck espera regresar a Tanzania para compartir lo que ha aprendido. \u00abMe siento inquieto por tomar cada concepto que he aprendido y compartirlo para mejorar la vida de las personas. Quiero regresar a \u00c1frica y cambiar algunas de nuestras ideolog\u00edas. Tenemos muchos recursos, pero debemos levantarnos mutuamente para hacer grande al continente. Me gustar\u00eda trabajar para el gobierno y poder tomar decisiones que impacten a muchas personas.\u00bb <\/p>\n<p>A la Fundaci\u00f3n W.K. Kellogg, que generosamente financi\u00f3 su beca endowment, le gustar\u00eda decir:<\/p>\n\t<p>Usted genera un impacto<\/p>\n\t<p>Donar a EARTH University.<\/p>\n\t\t\t<a href=\"https:\/\/wp-fundacion-earth.azurewebsites.net\/es\/donar-ahora\/\" target=\"_blank\" rel=\"noopener\">\n\t\t\t\t\t\t\tDonar ahora\n\t\t\t\t\t<\/a>\n\n","protected":false},"excerpt":{"rendered":"<p>Fundaci\u00f3n W.K. Kellogg Los becados de EARTH prosperan con el apoyo de la Fundaci\u00f3n W.K. Kellogg Historia de Estudiante Goodluck Serafine Mushi, Clase de 2023, Tanzania Becado por el Fondo W.K. Kellogg Goodluck Serafine Mushi, (Clase de 2023), proviene de Dar-es-Salam, la ciudad m\u00e1s poblada del este de Tanzania. Creci\u00f3 hablando ingl\u00e9s y suajili, y&hellip;<\/p>\n","protected":false},"author":4,"featured_media":0,"parent":0,"menu_order":12,"comment_status":"closed","ping_status":"closed","template":"","meta":{"_acf_changed":false,"inline_featured_image":false,"footnotes":""},"class_list":["post-2402","page","type-page","status-publish","hentry"],"acf":[],"yoast_head":"<!-- This site is optimized with the Yoast SEO plugin v25.0 - https:\/\/yoast.com\/wordpress\/plugins\/seo\/ -->\n<title>Fundaci\u00f3n W.K. Kellogg - EARTH<\/title>\n<meta name=\"robots\" content=\"index, follow, max-snippet:-1, max-image-preview:large, max-video-preview:-1\" \/>\n<link rel=\"canonical\" href=\"https:\/\/wp-fundacion-earth.azurewebsites.net\/es\/fundacion-w-k-kellogg\/\" \/>\n<meta property=\"og:locale\" content=\"es_ES\" \/>\n<meta property=\"og:type\" content=\"article\" \/>\n<meta property=\"og:title\" content=\"Fundaci\u00f3n W.K. Kellogg - EARTH\" \/>\n<meta property=\"og:description\" content=\"Fundaci\u00f3n W.K. Kellogg Los becados de EARTH prosperan con el apoyo de la Fundaci\u00f3n W.K. Kellogg Historia de Estudiante Goodluck Serafine Mushi, Clase de 2023, Tanzania Becado por el Fondo W.K. Kellogg Goodluck Serafine Mushi, (Clase de 2023), proviene de Dar-es-Salam, la ciudad m\u00e1s poblada del este de Tanzania. Creci\u00f3 hablando ingl\u00e9s y suajili, y&hellip;\" \/>\n<meta property=\"og:url\" content=\"https:\/\/wp-fundacion-earth.azurewebsites.net\/es\/fundacion-w-k-kellogg\/\" \/>\n<meta property=\"og:site_name\" content=\"EARTH\" \/>\n<meta property=\"article:modified_time\" content=\"2025-08-13T13:47:24+00:00\" \/>\n<meta name=\"twitter:card\" content=\"summary_large_image\" \/>\n<meta name=\"twitter:label1\" content=\"Tiempo de lectura\" \/>\n\t<meta name=\"twitter:data1\" content=\"2 minutos\" \/>\n<script type=\"application\/ld+json\" class=\"yoast-schema-graph\">{\"@context\":\"https:\/\/schema.org\",\"@graph\":[{\"@type\":\"WebPage\",\"@id\":\"https:\/\/wp-fundacion-earth.azurewebsites.net\/es\/fundacion-w-k-kellogg\/\",\"url\":\"https:\/\/wp-fundacion-earth.azurewebsites.net\/es\/fundacion-w-k-kellogg\/\",\"name\":\"Fundaci\u00f3n W.K. Kellogg - EARTH\",\"isPartOf\":{\"@id\":\"https:\/\/wp-fundacion-earth.azurewebsites.net\/#website\"},\"datePublished\":\"2025-04-25T05:04:08+00:00\",\"dateModified\":\"2025-08-13T13:47:24+00:00\",\"breadcrumb\":{\"@id\":\"https:\/\/wp-fundacion-earth.azurewebsites.net\/es\/fundacion-w-k-kellogg\/#breadcrumb\"},\"inLanguage\":\"es\",\"potentialAction\":[{\"@type\":\"ReadAction\",\"target\":[\"https:\/\/wp-fundacion-earth.azurewebsites.net\/es\/fundacion-w-k-kellogg\/\"]}]},{\"@type\":\"BreadcrumbList\",\"@id\":\"https:\/\/wp-fundacion-earth.azurewebsites.net\/es\/fundacion-w-k-kellogg\/#breadcrumb\",\"itemListElement\":[{\"@type\":\"ListItem\",\"position\":1,\"name\":\"Home\",\"item\":\"https:\/\/wp-fundacion-earth.azurewebsites.net\/es\/\"},{\"@type\":\"ListItem\",\"position\":2,\"name\":\"Fundaci\u00f3n W.K. Kellogg\"}]},{\"@type\":\"WebSite\",\"@id\":\"https:\/\/wp-fundacion-earth.azurewebsites.net\/#website\",\"url\":\"https:\/\/wp-fundacion-earth.azurewebsites.net\/\",\"name\":\"EARTH\",\"description\":\"\",\"potentialAction\":[{\"@type\":\"SearchAction\",\"target\":{\"@type\":\"EntryPoint\",\"urlTemplate\":\"https:\/\/wp-fundacion-earth.azurewebsites.net\/?s={search_term_string}\"},\"query-input\":{\"@type\":\"PropertyValueSpecification\",\"valueRequired\":true,\"valueName\":\"search_term_string\"}}],\"inLanguage\":\"es\"}]}<\/script>\n<!-- \/ Yoast SEO plugin. -->","yoast_head_json":{"title":"Fundaci\u00f3n W.K. Kellogg - EARTH","robots":{"index":"index","follow":"follow","max-snippet":"max-snippet:-1","max-image-preview":"max-image-preview:large","max-video-preview":"max-video-preview:-1"},"canonical":"https:\/\/wp-fundacion-earth.azurewebsites.net\/es\/fundacion-w-k-kellogg\/","og_locale":"es_ES","og_type":"article","og_title":"Fundaci\u00f3n W.K. Kellogg - EARTH","og_description":"Fundaci\u00f3n W.K. Kellogg Los becados de EARTH prosperan con el apoyo de la Fundaci\u00f3n W.K. Kellogg Historia de Estudiante Goodluck Serafine Mushi, Clase de 2023, Tanzania Becado por el Fondo W.K. Kellogg Goodluck Serafine Mushi, (Clase de 2023), proviene de Dar-es-Salam, la ciudad m\u00e1s poblada del este de Tanzania. Creci\u00f3 hablando ingl\u00e9s y suajili, y&hellip;","og_url":"https:\/\/wp-fundacion-earth.azurewebsites.net\/es\/fundacion-w-k-kellogg\/","og_site_name":"EARTH","article_modified_time":"2025-08-13T13:47:24+00:00","twitter_card":"summary_large_image","twitter_misc":{"Tiempo de lectura":"2 minutos"},"schema":{"@context":"https:\/\/schema.org","@graph":[{"@type":"WebPage","@id":"https:\/\/wp-fundacion-earth.azurewebsites.net\/es\/fundacion-w-k-kellogg\/","url":"https:\/\/wp-fundacion-earth.azurewebsites.net\/es\/fundacion-w-k-kellogg\/","name":"Fundaci\u00f3n W.K. Kellogg - EARTH","isPartOf":{"@id":"https:\/\/wp-fundacion-earth.azurewebsites.net\/#website"},"datePublished":"2025-04-25T05:04:08+00:00","dateModified":"2025-08-13T13:47:24+00:00","breadcrumb":{"@id":"https:\/\/wp-fundacion-earth.azurewebsites.net\/es\/fundacion-w-k-kellogg\/#breadcrumb"},"inLanguage":"es","potentialAction":[{"@type":"ReadAction","target":["https:\/\/wp-fundacion-earth.azurewebsites.net\/es\/fundacion-w-k-kellogg\/"]}]},{"@type":"BreadcrumbList","@id":"https:\/\/wp-fundacion-earth.azurewebsites.net\/es\/fundacion-w-k-kellogg\/#breadcrumb","itemListElement":[{"@type":"ListItem","position":1,"name":"Home","item":"https:\/\/wp-fundacion-earth.azurewebsites.net\/es\/"},{"@type":"ListItem","position":2,"name":"Fundaci\u00f3n W.K. Kellogg"}]},{"@type":"WebSite","@id":"https:\/\/wp-fundacion-earth.azurewebsites.net\/#website","url":"https:\/\/wp-fundacion-earth.azurewebsites.net\/","name":"EARTH","description":"","potentialAction":[{"@type":"SearchAction","target":{"@type":"EntryPoint","urlTemplate":"https:\/\/wp-fundacion-earth.azurewebsites.net\/?s={search_term_string}"},"query-input":{"@type":"PropertyValueSpecification","valueRequired":true,"valueName":"search_term_string"}}],"inLanguage":"es"}]}},"yoast_meta_description":"NO META FOUND OR EMPTY","_links":{"self":[{"href":"https:\/\/wp-fundacion-earth.azurewebsites.net\/es\/wp-json\/wp\/v2\/pages\/2402","targetHints":{"allow":["GET"]}}],"collection":[{"href":"https:\/\/wp-fundacion-earth.azurewebsites.net\/es\/wp-json\/wp\/v2\/pages"}],"about":[{"href":"https:\/\/wp-fundacion-earth.azurewebsites.net\/es\/wp-json\/wp\/v2\/types\/page"}],"author":[{"embeddable":true,"href":"https:\/\/wp-fundacion-earth.azurewebsites.net\/es\/wp-json\/wp\/v2\/users\/4"}],"replies":[{"embeddable":true,"href":"https:\/\/wp-fundacion-earth.azurewebsites.net\/es\/wp-json\/wp\/v2\/comments?post=2402"}],"version-history":[{"count":2,"href":"https:\/\/wp-fundacion-earth.azurewebsites.net\/es\/wp-json\/wp\/v2\/pages\/2402\/revisions"}],"predecessor-version":[{"id":2895,"href":"https:\/\/wp-fundacion-earth.azurewebsites.net\/es\/wp-json\/wp\/v2\/pages\/2402\/revisions\/2895"}],"wp:attachment":[{"href":"https:\/\/wp-fundacion-earth.azurewebsites.net\/es\/wp-json\/wp\/v2\/media?parent=2402"}],"curies":[{"name":"wp","href":"https:\/\/api.w.org\/{rel}","templated":true}]}}