{"id":2401,"date":"2025-04-25T05:30:05","date_gmt":"2025-04-25T05:30:05","guid":{"rendered":"https:\/\/wp-fundacion-earth.azurewebsites.net\/mcs-programa\/"},"modified":"2025-08-13T13:52:36","modified_gmt":"2025-08-13T13:52:36","slug":"mcs-programa","status":"publish","type":"page","link":"https:\/\/wp-fundacion-earth.azurewebsites.net\/es\/mcs-programa\/","title":{"rendered":"Programa de Becas Mastercard"},"content":{"rendered":"\n<h2  id=\"hero\">\n\t\t\tMCS Programa\t<\/h2>\n<h1>\n\t\t\tEl Programa de Becarios de la Fundaci\u00f3n Mastercard\t<\/h1>\n\t<h2>Apoyando a los estudiantes de EARTH por m\u00e1s de una d\u00e9cada<\/h2>\n\t<p>Desde 2011, el Programa de Becarios de la Fundaci\u00f3n Mastercard ha otorgado becas a estudiantes de la Universidad EARTH, l\u00edderes j\u00f3venes de comunidades desfavorecidas de todo el mundo que sue\u00f1an con impactar positivamente a sus comunidades y a nuestro sistema alimentario global. Hasta la fecha, 370 estudiantes han recibido becas de la Fundaci\u00f3n Mastercard. Un 75% de las becas de la Fundaci\u00f3n Mastercard se otorgan a mujeres.  <\/p>\n<p>A trav\u00e9s de su alianza de larga data, EARTH y la Fundaci\u00f3n Mastercard han incrementado el impacto de EARTH al desarrollar recursos continuos para apoyar y empoderar a los graduados de EARTH mientras hacen la transici\u00f3n de vuelta a sus pa\u00edses de origen, especialmente en pa\u00edses africanos. A trav\u00e9s de esta beca, EARTH puede ofrecer a sus graduados oportunidades en \u00e1reas como empleo agr\u00edcola, educaci\u00f3n agr\u00edcola, ciencia e investigaci\u00f3n y emprendimiento. <\/p>\n<p>La Fundaci\u00f3n Mastercard es una fundaci\u00f3n canadiense y una de las m\u00e1s grandes del mundo, con la misi\u00f3n de promover la educaci\u00f3n y la inclusi\u00f3n financiera. Trabaja con organizaciones visionarias para permitir que los j\u00f3venes en \u00c1frica y en comunidades ind\u00edgenas en Canad\u00e1 accedan a trabajos dignos y satisfactorios. La Fundaci\u00f3n fue establecida en 2006 gracias a la generosidad de Mastercard cuando esta se convirti\u00f3 en una empresa p\u00fablica. La Fundaci\u00f3n es una organizaci\u00f3n independiente y separada de la empresa. Sus pol\u00edticas, operaciones y programas son determinados por la Junta Directiva y la direcci\u00f3n de la Fundaci\u00f3n.    <\/p>\n<h1>\n\t\t\tHistorias de Estudiantes\t<\/h1>\n\t<h2>Los Becarios de la Fundaci\u00f3n Mastercard prosperan en la Universidad EARTH<\/h2>\n\t\t\t\t<img decoding=\"async\" src=\"\/wp-content\/uploads\/2025\/04\/diana-mcs.jpeg\" alt=\"Diana headshot\" itemprop=\"image\" height=\"375\" width=\"700\" title=\"diana-mcs\" onerror=\"this.style.display='none'\" loading='lazy' \/>\n\t<h3>Diana Wairimu Njuna<\/h3>\n<h4>Clase de 2022, Kenia<\/h4>\n<p>Inspirada por una iniciativa social que Diana cre\u00f3 en su hogar en Kenia llamada la Iniciativa Vermi-Farm, que produce fertilizantes s\u00f3lidos y foliares a partir de desechos de mercado, el proyecto de graduaci\u00f3n de Diana trata sobre alternativas biol\u00f3gicas para controlar la plaga Meloidogyne Incognita en plantas de tomate. Lee m\u00e1s sobre el proyecto de Diana y su objetivo de obtener una maestr\u00eda en patolog\u00eda vegetal. <\/p>\n\t\t\t<a href=\"https:\/\/wp-fundacion-earth.azurewebsites.net\/es\/stories\/diana-wairimu-njuna\/\" target=\"_blank\" rel=\"noopener\">\n\t\t\t\t\t\t\tSaber M\u00e1s\n\t\t\t\t\t<\/a>\n\t<h3>Stella Esenam Ruber<\/h3>\n<h4>Clase de 2022, Ghana<\/h4>\n<p>El proyecto de graduaci\u00f3n de Stella se titula \u00abElaboraci\u00f3n de un Manual de Manejo Integrado de Plagas (MIP) para algunos cultivos alimenticios importantes en Ghana\u00bb, incluidos ma\u00edz, man\u00ed y arroz. Stella fue aceptada en el Programa de Becas de la Fundaci\u00f3n Mastercard, una oportunidad que le permitir\u00e1 regresar a Ghana para conectarse y establecer redes con otros agricultores. Lee m\u00e1s sobre la historia de Stella.  <\/p>\n\t\t\t<a href=\"https:\/\/wp-fundacion-earth.azurewebsites.net\/es\/stories\/stella-esenam-ruber\/\" target=\"_blank\" rel=\"noopener\">\n\t\t\t\t\t\t\tSaber M\u00e1s\n\t\t\t\t\t<\/a>\n\t\t\t\t<img decoding=\"async\" src=\"\/wp-content\/uploads\/2025\/04\/stella.jpg\" alt=\"Stella headshot\" itemprop=\"image\" height=\"375\" width=\"700\" title=\"stella\" onerror=\"this.style.display='none'\" loading='lazy' \/>\n\t\t\t\t<img decoding=\"async\" src=\"\/wp-content\/uploads\/2025\/04\/litzy.jpg\" alt=\"Litzy headshot\" itemprop=\"image\" height=\"375\" width=\"700\" title=\"litzy\" onerror=\"this.style.display='none'\" loading='lazy' \/>\n\t<h3>Litzy Alexandra Torres<\/h3>\n<h4>Clase de 2022, Honduras<\/h4>\n<p>El proyecto de Litzy eval\u00faa el efecto de diferentes aditivos, particularmente arena y soya, para crear un mejor producto de silo. El silo es un tipo de pasto, que, con mejor digestibilidad, ingesta y nutrici\u00f3n para los animales que se alimentan de este pasto, puede proporcionar a los peque\u00f1os agricultores silo de buena calidad y a la vez rentable. Lee m\u00e1s sobre los planes futuros de Litzy.   <\/p>\n\t\t\t<a href=\"https:\/\/wp-fundacion-earth.azurewebsites.net\/es\/stories\/litzy-alexandra-torres\/\" target=\"_blank\" rel=\"noopener\">\n\t\t\t\t\t\t\tSaber M\u00e1s\n\t\t\t\t\t<\/a>\n\t<p>T\u00fa Haces la Diferencia<\/p>\n\t<p>Dona a la Fundaci\u00f3n Universidad EARTH<\/p>\n\t\t\t<a href=\"https:\/\/wp-fundacion-earth.azurewebsites.net\/es\/donar-ahora\/\" target=\"_blank\" rel=\"noopener\">\n\t\t\t\t\t\t\tDonar ahora\n\t\t\t\t\t<\/a>\n\n","protected":false},"excerpt":{"rendered":"<p>MCS Programa El Programa de Becarios de la Fundaci\u00f3n Mastercard Apoyando a los estudiantes de EARTH por m\u00e1s de una d\u00e9cada Desde 2011, el Programa de Becarios de la Fundaci\u00f3n Mastercard ha otorgado becas a estudiantes de la Universidad EARTH, l\u00edderes j\u00f3venes de comunidades desfavorecidas de todo el mundo que sue\u00f1an con impactar positivamente a&hellip;<\/p>\n","protected":false},"author":4,"featured_media":0,"parent":0,"menu_order":10,"comment_status":"closed","ping_status":"closed","template":"","meta":{"_acf_changed":false,"inline_featured_image":false,"footnotes":""},"class_list":["post-2401","page","type-page","status-publish","hentry"],"acf":[],"yoast_head":"<!-- This site is optimized with the Yoast SEO plugin v25.0 - https:\/\/yoast.com\/wordpress\/plugins\/seo\/ -->\n<title>Programa de Becas Mastercard - EARTH<\/title>\n<meta name=\"robots\" content=\"index, follow, max-snippet:-1, max-image-preview:large, max-video-preview:-1\" \/>\n<link rel=\"canonical\" href=\"https:\/\/wp-fundacion-earth.azurewebsites.net\/es\/mcs-programa\/\" \/>\n<meta property=\"og:locale\" content=\"es_ES\" \/>\n<meta property=\"og:type\" content=\"article\" \/>\n<meta property=\"og:title\" content=\"Programa de Becas Mastercard - EARTH\" \/>\n<meta property=\"og:description\" content=\"MCS Programa El Programa de Becarios de la Fundaci\u00f3n Mastercard Apoyando a los estudiantes de EARTH por m\u00e1s de una d\u00e9cada Desde 2011, el Programa de Becarios de la Fundaci\u00f3n Mastercard ha otorgado becas a estudiantes de la Universidad EARTH, l\u00edderes j\u00f3venes de comunidades desfavorecidas de todo el mundo que sue\u00f1an con impactar positivamente a&hellip;\" \/>\n<meta property=\"og:url\" content=\"https:\/\/wp-fundacion-earth.azurewebsites.net\/es\/mcs-programa\/\" \/>\n<meta property=\"og:site_name\" content=\"EARTH\" \/>\n<meta property=\"article:modified_time\" content=\"2025-08-13T13:52:36+00:00\" \/>\n<meta name=\"twitter:card\" content=\"summary_large_image\" \/>\n<meta name=\"twitter:label1\" content=\"Tiempo de lectura\" \/>\n\t<meta name=\"twitter:data1\" content=\"3 minutos\" \/>\n<script type=\"application\/ld+json\" class=\"yoast-schema-graph\">{\"@context\":\"https:\/\/schema.org\",\"@graph\":[{\"@type\":\"WebPage\",\"@id\":\"https:\/\/wp-fundacion-earth.azurewebsites.net\/es\/mcs-programa\/\",\"url\":\"https:\/\/wp-fundacion-earth.azurewebsites.net\/es\/mcs-programa\/\",\"name\":\"Programa de Becas Mastercard - EARTH\",\"isPartOf\":{\"@id\":\"https:\/\/wp-fundacion-earth.azurewebsites.net\/#website\"},\"datePublished\":\"2025-04-25T05:30:05+00:00\",\"dateModified\":\"2025-08-13T13:52:36+00:00\",\"breadcrumb\":{\"@id\":\"https:\/\/wp-fundacion-earth.azurewebsites.net\/es\/mcs-programa\/#breadcrumb\"},\"inLanguage\":\"es\",\"potentialAction\":[{\"@type\":\"ReadAction\",\"target\":[\"https:\/\/wp-fundacion-earth.azurewebsites.net\/es\/mcs-programa\/\"]}]},{\"@type\":\"BreadcrumbList\",\"@id\":\"https:\/\/wp-fundacion-earth.azurewebsites.net\/es\/mcs-programa\/#breadcrumb\",\"itemListElement\":[{\"@type\":\"ListItem\",\"position\":1,\"name\":\"Home\",\"item\":\"https:\/\/wp-fundacion-earth.azurewebsites.net\/es\/\"},{\"@type\":\"ListItem\",\"position\":2,\"name\":\"Programa de Becas Mastercard\"}]},{\"@type\":\"WebSite\",\"@id\":\"https:\/\/wp-fundacion-earth.azurewebsites.net\/#website\",\"url\":\"https:\/\/wp-fundacion-earth.azurewebsites.net\/\",\"name\":\"EARTH\",\"description\":\"\",\"potentialAction\":[{\"@type\":\"SearchAction\",\"target\":{\"@type\":\"EntryPoint\",\"urlTemplate\":\"https:\/\/wp-fundacion-earth.azurewebsites.net\/?s={search_term_string}\"},\"query-input\":{\"@type\":\"PropertyValueSpecification\",\"valueRequired\":true,\"valueName\":\"search_term_string\"}}],\"inLanguage\":\"es\"}]}<\/script>\n<!-- \/ Yoast SEO plugin. -->","yoast_head_json":{"title":"Programa de Becas Mastercard - EARTH","robots":{"index":"index","follow":"follow","max-snippet":"max-snippet:-1","max-image-preview":"max-image-preview:large","max-video-preview":"max-video-preview:-1"},"canonical":"https:\/\/wp-fundacion-earth.azurewebsites.net\/es\/mcs-programa\/","og_locale":"es_ES","og_type":"article","og_title":"Programa de Becas Mastercard - EARTH","og_description":"MCS Programa El Programa de Becarios de la Fundaci\u00f3n Mastercard Apoyando a los estudiantes de EARTH por m\u00e1s de una d\u00e9cada Desde 2011, el Programa de Becarios de la Fundaci\u00f3n Mastercard ha otorgado becas a estudiantes de la Universidad EARTH, l\u00edderes j\u00f3venes de comunidades desfavorecidas de todo el mundo que sue\u00f1an con impactar positivamente a&hellip;","og_url":"https:\/\/wp-fundacion-earth.azurewebsites.net\/es\/mcs-programa\/","og_site_name":"EARTH","article_modified_time":"2025-08-13T13:52:36+00:00","twitter_card":"summary_large_image","twitter_misc":{"Tiempo de lectura":"3 minutos"},"schema":{"@context":"https:\/\/schema.org","@graph":[{"@type":"WebPage","@id":"https:\/\/wp-fundacion-earth.azurewebsites.net\/es\/mcs-programa\/","url":"https:\/\/wp-fundacion-earth.azurewebsites.net\/es\/mcs-programa\/","name":"Programa de Becas Mastercard - EARTH","isPartOf":{"@id":"https:\/\/wp-fundacion-earth.azurewebsites.net\/#website"},"datePublished":"2025-04-25T05:30:05+00:00","dateModified":"2025-08-13T13:52:36+00:00","breadcrumb":{"@id":"https:\/\/wp-fundacion-earth.azurewebsites.net\/es\/mcs-programa\/#breadcrumb"},"inLanguage":"es","potentialAction":[{"@type":"ReadAction","target":["https:\/\/wp-fundacion-earth.azurewebsites.net\/es\/mcs-programa\/"]}]},{"@type":"BreadcrumbList","@id":"https:\/\/wp-fundacion-earth.azurewebsites.net\/es\/mcs-programa\/#breadcrumb","itemListElement":[{"@type":"ListItem","position":1,"name":"Home","item":"https:\/\/wp-fundacion-earth.azurewebsites.net\/es\/"},{"@type":"ListItem","position":2,"name":"Programa de Becas Mastercard"}]},{"@type":"WebSite","@id":"https:\/\/wp-fundacion-earth.azurewebsites.net\/#website","url":"https:\/\/wp-fundacion-earth.azurewebsites.net\/","name":"EARTH","description":"","potentialAction":[{"@type":"SearchAction","target":{"@type":"EntryPoint","urlTemplate":"https:\/\/wp-fundacion-earth.azurewebsites.net\/?s={search_term_string}"},"query-input":{"@type":"PropertyValueSpecification","valueRequired":true,"valueName":"search_term_string"}}],"inLanguage":"es"}]}},"yoast_meta_description":"NO META FOUND OR EMPTY","_links":{"self":[{"href":"https:\/\/wp-fundacion-earth.azurewebsites.net\/es\/wp-json\/wp\/v2\/pages\/2401","targetHints":{"allow":["GET"]}}],"collection":[{"href":"https:\/\/wp-fundacion-earth.azurewebsites.net\/es\/wp-json\/wp\/v2\/pages"}],"about":[{"href":"https:\/\/wp-fundacion-earth.azurewebsites.net\/es\/wp-json\/wp\/v2\/types\/page"}],"author":[{"embeddable":true,"href":"https:\/\/wp-fundacion-earth.azurewebsites.net\/es\/wp-json\/wp\/v2\/users\/4"}],"replies":[{"embeddable":true,"href":"https:\/\/wp-fundacion-earth.azurewebsites.net\/es\/wp-json\/wp\/v2\/comments?post=2401"}],"version-history":[{"count":5,"href":"https:\/\/wp-fundacion-earth.azurewebsites.net\/es\/wp-json\/wp\/v2\/pages\/2401\/revisions"}],"predecessor-version":[{"id":2980,"href":"https:\/\/wp-fundacion-earth.azurewebsites.net\/es\/wp-json\/wp\/v2\/pages\/2401\/revisions\/2980"}],"wp:attachment":[{"href":"https:\/\/wp-fundacion-earth.azurewebsites.net\/es\/wp-json\/wp\/v2\/media?parent=2401"}],"curies":[{"name":"wp","href":"https:\/\/api.w.org\/{rel}","templated":true}]}}