{"id":2296,"date":"2025-05-08T01:51:12","date_gmt":"2025-05-08T01:51:12","guid":{"rendered":"https:\/\/wp-fundacion-earth.azurewebsites.net\/carreras-profesionales\/"},"modified":"2025-06-02T20:42:11","modified_gmt":"2025-06-02T20:42:11","slug":"carreras-profesionales","status":"publish","type":"page","link":"https:\/\/wp-fundacion-earth.azurewebsites.net\/es\/carreras-profesionales\/","title":{"rendered":"Carreras profesionales"},"content":{"rendered":"\n<h2  id=\"hero\">\n\t\t\tCarreras profesionales\t<\/h2>\n<h1>\n\t\t\t\u00danete a nuestro equipo\t<\/h1>\n\t<h2>\u00bfLe apasionan la educaci\u00f3n, la sostenibilidad y el impacto global?<\/h2>\n\t<p>Explore las oportunidades actuales de trabajar con la Universidad EARTH y la Fundaci\u00f3n de la Universidad EARTH y ayude a avanzar en nuestra misi\u00f3n de apoyar a la pr\u00f3xima generaci\u00f3n de l\u00edderes \u00e9ticos.<\/p>\n<p>Desde 1990, la Universidad EARTH prepara y capacita a j\u00f3venes l\u00edderes para transformar de forma \u00e9tica y sostenible los sistemas alimentarios, proteger y mejorar los medios de subsistencia de los productores de alimentos y regenerar nuestro planeta. El enfoque de EARTH ofrece a los estudiantes la oportunidad de aprender sobre ciencias agr\u00edcolas, sistemas alimentarios, esp\u00edritu empresarial \u00e9tico y retos sociales y medioambientales a trav\u00e9s de un aprendizaje experiencial centrado en el estudiante y de la convivencia con compa\u00f1eros de todo el mundo. Con unos 3.000 antiguos alumnos en todo el mundo, estamos construyendo una red mundial de j\u00f3venes l\u00edderes que trabajan para transformar los sistemas alimentarios, con pr\u00e1cticas que son buenas tanto para las personas como para nuestro planeta.<\/p>\n\t<h2>Ver oportunidades<\/h2>\n\t\t\t\t\t<a href=\"#\"  id=\"fl-accordion--label-0\" tabindex=\"0\" aria-controls=\"fl-accordion--panel-0\">Responsable de grandes donaciones<\/a>\n\t\t\t\t\t\t\t\t\t\t\t<a href=\"#\" id=\"fl-accordion--icon-0\"  tabindex=\"0\"><i title=\"Expand\">Expand<\/i><\/a>\n\t\t\t\t\t<p><b>Resumen del puesto<\/b><\/p>\n<p>El Responsable de Grandes Donaciones depende del Director Ejecutivo y Jefe de Desarrollo Global. Trabajan para impulsar la labor de la Universidad EARTH mediante la identificaci\u00f3n, el cultivo, la solicitud y la gesti\u00f3n de grandes donaciones de particulares, empresas y fundaciones. Son responsables de desarrollar, ampliar y mantener una cartera de posibles donantes importantes que puedan realizar inversiones de seis y siete cifras.<\/p>\n<p><i>Se trata de un puesto remoto que requerir\u00e1 viajar para visitar a donantes y clientes potenciales seg\u00fan sea necesario, as\u00ed como pasar tiempo en los campus de EARTH en Costa Rica.<\/i><\/p>\n<p><b>Funciones esenciales<\/b><\/p>\n<ul>\n<li>Descubrir, cultivar y solicitar posibles donantes de grandes donaciones y donantes capaces de hacer donaciones de m\u00e1s de 100.000 d\u00f3lares y m\u00e1s de 1 mill\u00f3n de d\u00f3lares.<\/li>\n<li>Crear una estrategia integral para el cultivo, la captaci\u00f3n y la retenci\u00f3n de donantes basada en el historial de donaciones y la capacidad del donante.<\/li>\n<li>Desarrollar y gestionar una cartera de ~50-75 donantes actuales y\/o potenciales, incluidos particulares con grandes patrimonios, empresas y fundaciones.<\/li>\n<li>Crear propuestas y otro material colateral para apoyar las solicitudes de grandes donaciones.<\/li>\n<li>Elaborar previsiones de ingresos relacionadas con el presupuesto y, posteriormente, medir e informar del rendimiento real durante el a\u00f1o.<\/li>\n<li>Colaborar con el personal directivo y\/o los voluntarios en la captaci\u00f3n de donantes mediante sesiones informativas sobre clientes potenciales, orientaci\u00f3n estrat\u00e9gica y asistencia en las comunicaciones con los donantes.<\/li>\n<li>Desarrollar una experiencia de alta calidad con los donantes mediante correspondencia peri\u00f3dica personalizada, propuestas profesionales y agradecimientos puntuales.<\/li>\n<li>Realizar un seguimiento de la actividad de prospecci\u00f3n mediante informes peri\u00f3dicos que reflejen con precisi\u00f3n los progresos realizados en el establecimiento de relaciones y el aumento del apoyo de los donantes.<\/li>\n<li>Ejercer un juicio \u00e9tico y mantener los m\u00e1s altos niveles de privacidad y confianza de los donantes.<\/li>\n<\/ul>\n<p><b>Cualificaciones y experiencia<\/b><\/p>\n<ul>\n<li>Entre 5 y 10 a\u00f1os de experiencia en recaudaci\u00f3n de fondos, con preferencia por la experiencia en el sector medioambiental y en organizaciones complejas.<\/li>\n<li>Un s\u00f3lido historial de logros como recaudador de fondos para grandes donaciones, incluida la identificaci\u00f3n, el cultivo, la captaci\u00f3n y la gesti\u00f3n de grandes donantes, idealmente de m\u00e1s de 100.000 d\u00f3lares y m\u00e1s de 1 mill\u00f3n de d\u00f3lares.<\/li>\n<li>Conocimiento del panorama filantr\u00f3pico relacionado con el cambio clim\u00e1tico, la biodiversidad y los sistemas alimentarios.<\/li>\n<li>Compromiso con la misi\u00f3n y los ideales de la Universidad EARTH y capacidad para articular su visi\u00f3n y sus programas de forma convincente.<\/li>\n<li>Se valorar\u00e1 el dominio del espa\u00f1ol.<\/li>\n<li>Excelentes habilidades interpersonales, de comunicaci\u00f3n y de presentaci\u00f3n.<\/li>\n<li>Capacidad y deseo de trabajar e\ufb00ectivamente con personas de diversos or\u00edgenes y de promover un entorno de trabajo positivo, un esp\u00edritu de cooperaci\u00f3n y la \ufb02exibilidad necesaria para gestionar el cambio.<\/li>\n<li>Experiencia de trabajo con Raiser&#8217;s Edge (preferible).<\/li>\n<li>Disponibilidad para viajar dentro y fuera del pa\u00eds, incluidos viajes regulares a la Universidad EARTH de Costa Rica.<\/li>\n<li>Experiencia multicultural y aprecio por una sociedad global.<\/li>\n<li>Alta inteligencia emocional y sentido del humor.<\/li>\n<\/ul>\n<p>Los estudios han demostrado que las mujeres y las personas de color son menos propensas a solicitar un empleo a menos que consideren que re\u00fanen todas y cada una de las cualificaciones enumeradas. Nos interesa encontrar al mejor candidato para el puesto y le animamos a que solicite un empleo en la Fundaci\u00f3n Universitaria EARTH aunque no re\u00fana todas y cada una de las cualificaciones enumeradas. La Fundaci\u00f3n Universitaria EARTH es una empresa que ofrece igualdad de oportunidades (EOE). Todos los solicitantes cualificados ser\u00e1n considerados para el empleo sin distinci\u00f3n de raza, color, religi\u00f3n, sexo, orientaci\u00f3n sexual, identidad de g\u00e9nero, origen nacional, discapacidad o condici\u00f3n de veterano protegido.<\/p>\n<p>Para presentar su candidatura, env\u00ede una carta de presentaci\u00f3n y su curr\u00edculum vitae por correo electr\u00f3nico a<a href=\"mailto:info@earth-usa.org\" target=\"_blank\" rel=\"noopener\">info@earth-usa.org<\/a>indicando \u00abMajor Gifts Officer\u00bb en el asunto.<\/p>\n\t<p>\u00danase a nosotros<\/p>\n\t<p>P\u00f3ngase en contacto con nosotros si desea m\u00e1s informaci\u00f3n sobre c\u00f3mo trabajar en la Fundaci\u00f3n Universitaria EARTH.<\/p>\n\t\t\t<a href=\"mailto:info@earth-usa.org\" target=\"_blank\" rel=\"noopener\">\n\t\t\t\t\t\t\t\u00danete a nosotros\n\t\t\t\t\t<\/a>\n\n","protected":false},"excerpt":{"rendered":"<p>Carreras profesionales \u00danete a nuestro equipo \u00bfLe apasionan la educaci\u00f3n, la sostenibilidad y el impacto global? Explore las oportunidades actuales de trabajar con la Universidad EARTH y la Fundaci\u00f3n de la Universidad EARTH y ayude a avanzar en nuestra misi\u00f3n de apoyar a la pr\u00f3xima generaci\u00f3n de l\u00edderes \u00e9ticos. Desde 1990, la Universidad EARTH prepara&hellip;<\/p>\n","protected":false},"author":4,"featured_media":0,"parent":0,"menu_order":4,"comment_status":"closed","ping_status":"closed","template":"","meta":{"_acf_changed":false,"inline_featured_image":false,"footnotes":""},"class_list":["post-2296","page","type-page","status-publish","hentry"],"acf":[],"yoast_head":"<!-- This site is optimized with the Yoast SEO plugin v25.0 - https:\/\/yoast.com\/wordpress\/plugins\/seo\/ -->\n<title>Carreras profesionales - EARTH<\/title>\n<meta name=\"robots\" content=\"index, follow, max-snippet:-1, max-image-preview:large, max-video-preview:-1\" \/>\n<link rel=\"canonical\" href=\"https:\/\/wp-fundacion-earth.azurewebsites.net\/es\/carreras-profesionales\/\" \/>\n<meta property=\"og:locale\" content=\"es_ES\" \/>\n<meta property=\"og:type\" content=\"article\" \/>\n<meta property=\"og:title\" content=\"Carreras profesionales - EARTH\" \/>\n<meta property=\"og:description\" content=\"Carreras profesionales \u00danete a nuestro equipo \u00bfLe apasionan la educaci\u00f3n, la sostenibilidad y el impacto global? Explore las oportunidades actuales de trabajar con la Universidad EARTH y la Fundaci\u00f3n de la Universidad EARTH y ayude a avanzar en nuestra misi\u00f3n de apoyar a la pr\u00f3xima generaci\u00f3n de l\u00edderes \u00e9ticos. Desde 1990, la Universidad EARTH prepara&hellip;\" \/>\n<meta property=\"og:url\" content=\"https:\/\/wp-fundacion-earth.azurewebsites.net\/es\/carreras-profesionales\/\" \/>\n<meta property=\"og:site_name\" content=\"EARTH\" \/>\n<meta property=\"article:modified_time\" content=\"2025-06-02T20:42:11+00:00\" \/>\n<meta name=\"twitter:card\" content=\"summary_large_image\" \/>\n<meta name=\"twitter:label1\" content=\"Tiempo de lectura\" \/>\n\t<meta name=\"twitter:data1\" content=\"4 minutos\" \/>\n<script type=\"application\/ld+json\" class=\"yoast-schema-graph\">{\"@context\":\"https:\/\/schema.org\",\"@graph\":[{\"@type\":\"WebPage\",\"@id\":\"https:\/\/wp-fundacion-earth.azurewebsites.net\/es\/carreras-profesionales\/\",\"url\":\"https:\/\/wp-fundacion-earth.azurewebsites.net\/es\/carreras-profesionales\/\",\"name\":\"Carreras profesionales - EARTH\",\"isPartOf\":{\"@id\":\"https:\/\/wp-fundacion-earth.azurewebsites.net\/#website\"},\"datePublished\":\"2025-05-08T01:51:12+00:00\",\"dateModified\":\"2025-06-02T20:42:11+00:00\",\"breadcrumb\":{\"@id\":\"https:\/\/wp-fundacion-earth.azurewebsites.net\/es\/carreras-profesionales\/#breadcrumb\"},\"inLanguage\":\"es\",\"potentialAction\":[{\"@type\":\"ReadAction\",\"target\":[\"https:\/\/wp-fundacion-earth.azurewebsites.net\/es\/carreras-profesionales\/\"]}]},{\"@type\":\"BreadcrumbList\",\"@id\":\"https:\/\/wp-fundacion-earth.azurewebsites.net\/es\/carreras-profesionales\/#breadcrumb\",\"itemListElement\":[{\"@type\":\"ListItem\",\"position\":1,\"name\":\"Home\",\"item\":\"https:\/\/wp-fundacion-earth.azurewebsites.net\/es\/\"},{\"@type\":\"ListItem\",\"position\":2,\"name\":\"Carreras profesionales\"}]},{\"@type\":\"WebSite\",\"@id\":\"https:\/\/wp-fundacion-earth.azurewebsites.net\/#website\",\"url\":\"https:\/\/wp-fundacion-earth.azurewebsites.net\/\",\"name\":\"EARTH\",\"description\":\"\",\"potentialAction\":[{\"@type\":\"SearchAction\",\"target\":{\"@type\":\"EntryPoint\",\"urlTemplate\":\"https:\/\/wp-fundacion-earth.azurewebsites.net\/?s={search_term_string}\"},\"query-input\":{\"@type\":\"PropertyValueSpecification\",\"valueRequired\":true,\"valueName\":\"search_term_string\"}}],\"inLanguage\":\"es\"}]}<\/script>\n<!-- \/ Yoast SEO plugin. -->","yoast_head_json":{"title":"Carreras profesionales - EARTH","robots":{"index":"index","follow":"follow","max-snippet":"max-snippet:-1","max-image-preview":"max-image-preview:large","max-video-preview":"max-video-preview:-1"},"canonical":"https:\/\/wp-fundacion-earth.azurewebsites.net\/es\/carreras-profesionales\/","og_locale":"es_ES","og_type":"article","og_title":"Carreras profesionales - EARTH","og_description":"Carreras profesionales \u00danete a nuestro equipo \u00bfLe apasionan la educaci\u00f3n, la sostenibilidad y el impacto global? Explore las oportunidades actuales de trabajar con la Universidad EARTH y la Fundaci\u00f3n de la Universidad EARTH y ayude a avanzar en nuestra misi\u00f3n de apoyar a la pr\u00f3xima generaci\u00f3n de l\u00edderes \u00e9ticos. Desde 1990, la Universidad EARTH prepara&hellip;","og_url":"https:\/\/wp-fundacion-earth.azurewebsites.net\/es\/carreras-profesionales\/","og_site_name":"EARTH","article_modified_time":"2025-06-02T20:42:11+00:00","twitter_card":"summary_large_image","twitter_misc":{"Tiempo de lectura":"4 minutos"},"schema":{"@context":"https:\/\/schema.org","@graph":[{"@type":"WebPage","@id":"https:\/\/wp-fundacion-earth.azurewebsites.net\/es\/carreras-profesionales\/","url":"https:\/\/wp-fundacion-earth.azurewebsites.net\/es\/carreras-profesionales\/","name":"Carreras profesionales - EARTH","isPartOf":{"@id":"https:\/\/wp-fundacion-earth.azurewebsites.net\/#website"},"datePublished":"2025-05-08T01:51:12+00:00","dateModified":"2025-06-02T20:42:11+00:00","breadcrumb":{"@id":"https:\/\/wp-fundacion-earth.azurewebsites.net\/es\/carreras-profesionales\/#breadcrumb"},"inLanguage":"es","potentialAction":[{"@type":"ReadAction","target":["https:\/\/wp-fundacion-earth.azurewebsites.net\/es\/carreras-profesionales\/"]}]},{"@type":"BreadcrumbList","@id":"https:\/\/wp-fundacion-earth.azurewebsites.net\/es\/carreras-profesionales\/#breadcrumb","itemListElement":[{"@type":"ListItem","position":1,"name":"Home","item":"https:\/\/wp-fundacion-earth.azurewebsites.net\/es\/"},{"@type":"ListItem","position":2,"name":"Carreras profesionales"}]},{"@type":"WebSite","@id":"https:\/\/wp-fundacion-earth.azurewebsites.net\/#website","url":"https:\/\/wp-fundacion-earth.azurewebsites.net\/","name":"EARTH","description":"","potentialAction":[{"@type":"SearchAction","target":{"@type":"EntryPoint","urlTemplate":"https:\/\/wp-fundacion-earth.azurewebsites.net\/?s={search_term_string}"},"query-input":{"@type":"PropertyValueSpecification","valueRequired":true,"valueName":"search_term_string"}}],"inLanguage":"es"}]}},"yoast_meta_description":"NO META FOUND OR EMPTY","_links":{"self":[{"href":"https:\/\/wp-fundacion-earth.azurewebsites.net\/es\/wp-json\/wp\/v2\/pages\/2296","targetHints":{"allow":["GET"]}}],"collection":[{"href":"https:\/\/wp-fundacion-earth.azurewebsites.net\/es\/wp-json\/wp\/v2\/pages"}],"about":[{"href":"https:\/\/wp-fundacion-earth.azurewebsites.net\/es\/wp-json\/wp\/v2\/types\/page"}],"author":[{"embeddable":true,"href":"https:\/\/wp-fundacion-earth.azurewebsites.net\/es\/wp-json\/wp\/v2\/users\/4"}],"replies":[{"embeddable":true,"href":"https:\/\/wp-fundacion-earth.azurewebsites.net\/es\/wp-json\/wp\/v2\/comments?post=2296"}],"version-history":[{"count":3,"href":"https:\/\/wp-fundacion-earth.azurewebsites.net\/es\/wp-json\/wp\/v2\/pages\/2296\/revisions"}],"predecessor-version":[{"id":2884,"href":"https:\/\/wp-fundacion-earth.azurewebsites.net\/es\/wp-json\/wp\/v2\/pages\/2296\/revisions\/2884"}],"wp:attachment":[{"href":"https:\/\/wp-fundacion-earth.azurewebsites.net\/es\/wp-json\/wp\/v2\/media?parent=2296"}],"curies":[{"name":"wp","href":"https:\/\/api.w.org\/{rel}","templated":true}]}}