{"id":2292,"date":"2025-04-24T16:49:24","date_gmt":"2025-04-24T16:49:24","guid":{"rendered":"https:\/\/wp-fundacion-earth.azurewebsites.net\/informacion-financiera\/"},"modified":"2025-08-13T13:57:24","modified_gmt":"2025-08-13T13:57:24","slug":"informacion-financiera","status":"publish","type":"page","link":"https:\/\/wp-fundacion-earth.azurewebsites.net\/es\/informacion-financiera\/","title":{"rendered":"Informaci\u00f3n Financiera"},"content":{"rendered":"\n<h2  id=\"hero\">\n\t\t\tInformaci\u00f3n Financiera\t<\/h2>\n<h1>\n\t\t\tInformaci\u00f3n Financiera\t<\/h1>\n\t<h2>La Fundaci\u00f3n Universidad EARTH es una organizaci\u00f3n sin fines de lucro 501(c)(3) con sede en Atlanta, GA, EE.UU.<\/h2>\n\t<p>Apoyamos la misi\u00f3n educativa y la visi\u00f3n de la Universidad EARTH a trav\u00e9s de generosas donaciones de la comunidad global, as\u00ed como de otros programas e iniciativas. Copias de documentos relacionados con las operaciones financieras de la Fundaci\u00f3n Universidad EARTH est\u00e1n disponibles para el p\u00fablico a continuaci\u00f3n y bajo solicitud. <\/p>\n<h1>\n\t\t\tDocumentos\t<\/h1>\n\t<h2>Consulte nuestros documentos financieros a continuaci\u00f3n y p\u00f3ngase en contacto con nosotros si necesita algo.<\/h2>\n\t<ul>\n<li><a href=\"\/wp-content\/uploads\/2025\/05\/2019Jun_IRS_Determination_Letter.pdf\" target=\"_blank\" rel=\"noopener\">Carta de Determinaci\u00f3n del IRS<\/a><\/li>\n<\/ul>\n\t<ul>\n<li><a href=\"\/wp-content\/uploads\/2025\/05\/2023-990.pdf\" target=\"_blank\" rel=\"noopener\">Declaraciones de Impuestos Federales 2023<\/a><\/li>\n<\/ul>\n<p>Vea las anteriores Declaraciones de la Renta 990 aqu\u00ed: <a href=\"\/wp-content\/uploads\/2025\/05\/2022-990.pdf\" target=\"_blank\" rel=\"noopener\">Declaraci\u00f3n de la renta 2022<\/a>, <a href=\"\/wp-content\/uploads\/2025\/05\/2021-990.pdf\" target=\"_blank\" rel=\"noopener\">Declaraci\u00f3n de la renta 2021<\/a><\/p>\n\t<ul>\n<li><a href=\"\/wp-content\/uploads\/2025\/05\/EARTH-2024-financial-audit.pdf\" target=\"_blank\" rel=\"noopener\">Estados Financieros Auditados 2024<\/a><\/li>\n<\/ul>\n<p>FUNDACI\u00d3N UNIVERSITARIA EARTH, INC. Estados Financieros, Ejercicios Finalizados el 31 de Diciembre de 2024 y 2023 con el Informe de los Auditores Independientes <\/p>\n\t<ul>\n<li><a href=\"\/wp-content\/uploads\/2025\/05\/9200-EARTH-FINAL-Report-2023-final-audit.pdf\" target=\"_blank\" rel=\"noopener\">Estados Financieros Auditados 2023<\/a><\/li>\n<\/ul>\n<p>EARTH UNIVERSITY FOUNDATION, INC. Estados Financieros, Ejercicios Finalizados el 31 de Diciembre de 2023 y 2022 e Informaci\u00f3n Complementaria con el Informe de los Auditores Independientes <\/p>\n\t<ul>\n<li><a href=\"\/wp-content\/uploads\/2025\/05\/Audit-Report-EARTH-2022.pdf\" target=\"_blank\" rel=\"noopener\">Estados Financieros Auditados 2022<\/a><\/li>\n<\/ul>\n<p>FUNDACI\u00d3N UNIVERSITARIA EARTH, INC. Estados Financieros Consolidados a 31 de diciembre de 2022 (con las cifras correspondientes a 2021) con Informe de los Auditores Independientes <\/p>\n\t<ul>\n<li><a href=\"\/wp-content\/uploads\/2025\/05\/2024-Annual-Report.pdf\" target=\"_blank\" rel=\"noopener\">Informe Anual 2024<\/a><\/li>\n<\/ul>\n<p>Si desea leer la versi\u00f3n espa\u00f1ola de este informe, <a href=\"\/wp-content\/uploads\/2025\/05\/Annual-Report-2024-Spanish.pdf\" target=\"_blank\" rel=\"noopener\">haga clic aqu\u00ed<\/a>.<\/p>\n\t<ul>\n<li><a href=\"\/wp-content\/uploads\/2025\/05\/2023-Annual-Report-EARTH-University.pdf\" target=\"_blank\" rel=\"noopener\">Informe Anual 2023<\/a><\/li>\n<\/ul>\n<p>Si desea leer la versi\u00f3n espa\u00f1ola de este informe, <a href=\"\/wp-content\/uploads\/2025\/05\/Memoria-Anual-2023-Universidad-EARTH.pdf\" target=\"_blank\" rel=\"noopener\">haga clic aqu\u00ed<\/a>.<\/p>\n\t<ul>\n<li><a href=\"\/wp-content\/uploads\/2025\/05\/2022-Annual-Report-EARTH-University.pdf\" target=\"_blank\" rel=\"noopener\">Informe Anual 2022<\/a><\/li>\n<\/ul>\n<p>Si desea leer la versi\u00f3n espa\u00f1ola de este informe, <a href=\"\/wp-content\/uploads\/2025\/05\/Memoria-Anual-2022-Universidad-EARTH.pdf\" target=\"_blank\" rel=\"noopener\">haga clic aqu\u00ed<\/a>.<\/p>\n\t<ul>\n<li><a href=\"\/wp-content\/uploads\/2025\/05\/2021-Annual-Report-EARTH-University.pdf\" target=\"_blank\" rel=\"noopener\">Informe Anual 2021<\/a><\/li>\n<\/ul>\n<p>Si desea leer la versi\u00f3n espa\u00f1ola de este informe, <a href=\"\/wp-content\/uploads\/2025\/05\/Memoria-Anual-2021-Universidad-EARTH.pdf\" target=\"_blank\" rel=\"noopener\">haga clic aqu\u00ed<\/a>.<\/p>\n\t<ul>\n<li><a href=\"\/wp-content\/uploads\/2025\/05\/2020annualreport.pdf\" target=\"_blank\" rel=\"noopener\">Informe Anual 2020<\/a><\/li>\n<\/ul>\n<p>Si desea leer la versi\u00f3n espa\u00f1ola de este informe, <a href=\"\/wp-content\/uploads\/2025\/05\/reporteanual2020-spanish.pdf\" target=\"_blank\" rel=\"noopener\">haga clic aqu\u00ed<\/a>.<\/p>\n\n","protected":false},"excerpt":{"rendered":"<p>Informaci\u00f3n Financiera Informaci\u00f3n Financiera La Fundaci\u00f3n Universidad EARTH es una organizaci\u00f3n sin fines de lucro 501(c)(3) con sede en Atlanta, GA, EE.UU. Apoyamos la misi\u00f3n educativa y la visi\u00f3n de la Universidad EARTH a trav\u00e9s de generosas donaciones de la comunidad global, as\u00ed como de otros programas e iniciativas. Copias de documentos relacionados con las&hellip;<\/p>\n","protected":false},"author":4,"featured_media":0,"parent":0,"menu_order":20,"comment_status":"closed","ping_status":"closed","template":"","meta":{"_acf_changed":false,"inline_featured_image":false,"footnotes":""},"class_list":["post-2292","page","type-page","status-publish","hentry"],"acf":[],"yoast_head":"<!-- This site is optimized with the Yoast SEO plugin v25.0 - https:\/\/yoast.com\/wordpress\/plugins\/seo\/ -->\n<title>Informaci\u00f3n Financiera - EARTH<\/title>\n<meta name=\"robots\" content=\"index, follow, max-snippet:-1, max-image-preview:large, max-video-preview:-1\" \/>\n<link rel=\"canonical\" href=\"https:\/\/wp-fundacion-earth.azurewebsites.net\/es\/informacion-financiera\/\" \/>\n<meta property=\"og:locale\" content=\"es_ES\" \/>\n<meta property=\"og:type\" content=\"article\" \/>\n<meta property=\"og:title\" content=\"Informaci\u00f3n Financiera - EARTH\" \/>\n<meta property=\"og:description\" content=\"Informaci\u00f3n Financiera Informaci\u00f3n Financiera La Fundaci\u00f3n Universidad EARTH es una organizaci\u00f3n sin fines de lucro 501(c)(3) con sede en Atlanta, GA, EE.UU. Apoyamos la misi\u00f3n educativa y la visi\u00f3n de la Universidad EARTH a trav\u00e9s de generosas donaciones de la comunidad global, as\u00ed como de otros programas e iniciativas. Copias de documentos relacionados con las&hellip;\" \/>\n<meta property=\"og:url\" content=\"https:\/\/wp-fundacion-earth.azurewebsites.net\/es\/informacion-financiera\/\" \/>\n<meta property=\"og:site_name\" content=\"EARTH\" \/>\n<meta property=\"article:modified_time\" content=\"2025-08-13T13:57:24+00:00\" \/>\n<meta name=\"twitter:card\" content=\"summary_large_image\" \/>\n<meta name=\"twitter:label1\" content=\"Tiempo de lectura\" \/>\n\t<meta name=\"twitter:data1\" content=\"1 minuto\" \/>\n<script type=\"application\/ld+json\" class=\"yoast-schema-graph\">{\"@context\":\"https:\/\/schema.org\",\"@graph\":[{\"@type\":\"WebPage\",\"@id\":\"https:\/\/wp-fundacion-earth.azurewebsites.net\/es\/informacion-financiera\/\",\"url\":\"https:\/\/wp-fundacion-earth.azurewebsites.net\/es\/informacion-financiera\/\",\"name\":\"Informaci\u00f3n Financiera - EARTH\",\"isPartOf\":{\"@id\":\"https:\/\/wp-fundacion-earth.azurewebsites.net\/#website\"},\"datePublished\":\"2025-04-24T16:49:24+00:00\",\"dateModified\":\"2025-08-13T13:57:24+00:00\",\"breadcrumb\":{\"@id\":\"https:\/\/wp-fundacion-earth.azurewebsites.net\/es\/informacion-financiera\/#breadcrumb\"},\"inLanguage\":\"es\",\"potentialAction\":[{\"@type\":\"ReadAction\",\"target\":[\"https:\/\/wp-fundacion-earth.azurewebsites.net\/es\/informacion-financiera\/\"]}]},{\"@type\":\"BreadcrumbList\",\"@id\":\"https:\/\/wp-fundacion-earth.azurewebsites.net\/es\/informacion-financiera\/#breadcrumb\",\"itemListElement\":[{\"@type\":\"ListItem\",\"position\":1,\"name\":\"Home\",\"item\":\"https:\/\/wp-fundacion-earth.azurewebsites.net\/es\/\"},{\"@type\":\"ListItem\",\"position\":2,\"name\":\"Informaci\u00f3n Financiera\"}]},{\"@type\":\"WebSite\",\"@id\":\"https:\/\/wp-fundacion-earth.azurewebsites.net\/#website\",\"url\":\"https:\/\/wp-fundacion-earth.azurewebsites.net\/\",\"name\":\"EARTH\",\"description\":\"\",\"potentialAction\":[{\"@type\":\"SearchAction\",\"target\":{\"@type\":\"EntryPoint\",\"urlTemplate\":\"https:\/\/wp-fundacion-earth.azurewebsites.net\/?s={search_term_string}\"},\"query-input\":{\"@type\":\"PropertyValueSpecification\",\"valueRequired\":true,\"valueName\":\"search_term_string\"}}],\"inLanguage\":\"es\"}]}<\/script>\n<!-- \/ Yoast SEO plugin. -->","yoast_head_json":{"title":"Informaci\u00f3n Financiera - EARTH","robots":{"index":"index","follow":"follow","max-snippet":"max-snippet:-1","max-image-preview":"max-image-preview:large","max-video-preview":"max-video-preview:-1"},"canonical":"https:\/\/wp-fundacion-earth.azurewebsites.net\/es\/informacion-financiera\/","og_locale":"es_ES","og_type":"article","og_title":"Informaci\u00f3n Financiera - EARTH","og_description":"Informaci\u00f3n Financiera Informaci\u00f3n Financiera La Fundaci\u00f3n Universidad EARTH es una organizaci\u00f3n sin fines de lucro 501(c)(3) con sede en Atlanta, GA, EE.UU. Apoyamos la misi\u00f3n educativa y la visi\u00f3n de la Universidad EARTH a trav\u00e9s de generosas donaciones de la comunidad global, as\u00ed como de otros programas e iniciativas. Copias de documentos relacionados con las&hellip;","og_url":"https:\/\/wp-fundacion-earth.azurewebsites.net\/es\/informacion-financiera\/","og_site_name":"EARTH","article_modified_time":"2025-08-13T13:57:24+00:00","twitter_card":"summary_large_image","twitter_misc":{"Tiempo de lectura":"1 minuto"},"schema":{"@context":"https:\/\/schema.org","@graph":[{"@type":"WebPage","@id":"https:\/\/wp-fundacion-earth.azurewebsites.net\/es\/informacion-financiera\/","url":"https:\/\/wp-fundacion-earth.azurewebsites.net\/es\/informacion-financiera\/","name":"Informaci\u00f3n Financiera - EARTH","isPartOf":{"@id":"https:\/\/wp-fundacion-earth.azurewebsites.net\/#website"},"datePublished":"2025-04-24T16:49:24+00:00","dateModified":"2025-08-13T13:57:24+00:00","breadcrumb":{"@id":"https:\/\/wp-fundacion-earth.azurewebsites.net\/es\/informacion-financiera\/#breadcrumb"},"inLanguage":"es","potentialAction":[{"@type":"ReadAction","target":["https:\/\/wp-fundacion-earth.azurewebsites.net\/es\/informacion-financiera\/"]}]},{"@type":"BreadcrumbList","@id":"https:\/\/wp-fundacion-earth.azurewebsites.net\/es\/informacion-financiera\/#breadcrumb","itemListElement":[{"@type":"ListItem","position":1,"name":"Home","item":"https:\/\/wp-fundacion-earth.azurewebsites.net\/es\/"},{"@type":"ListItem","position":2,"name":"Informaci\u00f3n Financiera"}]},{"@type":"WebSite","@id":"https:\/\/wp-fundacion-earth.azurewebsites.net\/#website","url":"https:\/\/wp-fundacion-earth.azurewebsites.net\/","name":"EARTH","description":"","potentialAction":[{"@type":"SearchAction","target":{"@type":"EntryPoint","urlTemplate":"https:\/\/wp-fundacion-earth.azurewebsites.net\/?s={search_term_string}"},"query-input":{"@type":"PropertyValueSpecification","valueRequired":true,"valueName":"search_term_string"}}],"inLanguage":"es"}]}},"yoast_meta_description":"NO META FOUND OR EMPTY","_links":{"self":[{"href":"https:\/\/wp-fundacion-earth.azurewebsites.net\/es\/wp-json\/wp\/v2\/pages\/2292","targetHints":{"allow":["GET"]}}],"collection":[{"href":"https:\/\/wp-fundacion-earth.azurewebsites.net\/es\/wp-json\/wp\/v2\/pages"}],"about":[{"href":"https:\/\/wp-fundacion-earth.azurewebsites.net\/es\/wp-json\/wp\/v2\/types\/page"}],"author":[{"embeddable":true,"href":"https:\/\/wp-fundacion-earth.azurewebsites.net\/es\/wp-json\/wp\/v2\/users\/4"}],"replies":[{"embeddable":true,"href":"https:\/\/wp-fundacion-earth.azurewebsites.net\/es\/wp-json\/wp\/v2\/comments?post=2292"}],"version-history":[{"count":2,"href":"https:\/\/wp-fundacion-earth.azurewebsites.net\/es\/wp-json\/wp\/v2\/pages\/2292\/revisions"}],"predecessor-version":[{"id":2875,"href":"https:\/\/wp-fundacion-earth.azurewebsites.net\/es\/wp-json\/wp\/v2\/pages\/2292\/revisions\/2875"}],"wp:attachment":[{"href":"https:\/\/wp-fundacion-earth.azurewebsites.net\/es\/wp-json\/wp\/v2\/media?parent=2292"}],"curies":[{"name":"wp","href":"https:\/\/api.w.org\/{rel}","templated":true}]}}