{"id":2281,"date":"2024-09-14T02:22:00","date_gmt":"2024-09-14T02:22:00","guid":{"rendered":"https:\/\/wp-fundacion-earth.azurewebsites.net\/donar-ahora\/"},"modified":"2025-08-13T14:00:30","modified_gmt":"2025-08-13T14:00:30","slug":"donar-ahora","status":"publish","type":"page","link":"https:\/\/wp-fundacion-earth.azurewebsites.net\/es\/donar-ahora\/","title":{"rendered":"Donar Ahora"},"content":{"rendered":"\n<h2  id=\"hero\">\n\t\t\tDonar en L\u00ednea\t<\/h2>\n<h1>\n\t\t\tT\u00fa Haces la Diferencia\t<\/h1>\n\t<h2>Gracias por hacer una donaci\u00f3n para crear un futuro m\u00e1s justo, pr\u00f3spero y sostenible.<\/h2>\n\t<p>Tu donaci\u00f3n significa m\u00e1s que una contribuci\u00f3n financiera; representa tu compromiso con la construcci\u00f3n de un mundo mejor abordando los desaf\u00edos que afectan nuestros sistemas alimentarios globales. Cada d\u00f3lar se utiliza de manera prudente y efectiva para maximizar su impacto. <\/p>\n<p>Apreciamos profundamente tu compromiso con EARTH. Tu apoyo desempe\u00f1a un papel crucial en nuestra capacidad de generar un cambio positivo. <\/p>\n<p>Si necesitas un recibo de impuestos de Costa Rica, usa <a href=\"https:\/\/buy.stripe.com\/8wMaGH9Zl4gy7lu9Bp\" target=\"_blank\" rel=\"noopener\">este enlace para donar<\/a>.<\/p>\n\t<p>*Aviso sobre Donaciones Emparejadas: Por favor, contacta al departamento de Recursos Humanos de tu empresa para obtener m\u00e1s informaci\u00f3n sobre donaciones emparejadas.<\/p>\n\n","protected":false},"excerpt":{"rendered":"<p>Donar en L\u00ednea T\u00fa Haces la Diferencia Gracias por hacer una donaci\u00f3n para crear un futuro m\u00e1s justo, pr\u00f3spero y sostenible. Tu donaci\u00f3n significa m\u00e1s que una contribuci\u00f3n financiera; representa tu compromiso con la construcci\u00f3n de un mundo mejor abordando los desaf\u00edos que afectan nuestros sistemas alimentarios globales. Cada d\u00f3lar se utiliza de manera prudente&hellip;<\/p>\n","protected":false},"author":2,"featured_media":1403,"parent":0,"menu_order":43,"comment_status":"closed","ping_status":"closed","template":"","meta":{"_acf_changed":false,"inline_featured_image":false,"footnotes":""},"class_list":["post-2281","page","type-page","status-publish","has-post-thumbnail","hentry"],"acf":[],"yoast_head":"<!-- This site is optimized with the Yoast SEO plugin v25.0 - https:\/\/yoast.com\/wordpress\/plugins\/seo\/ -->\n<title>Donar Ahora - EARTH<\/title>\n<meta name=\"robots\" content=\"index, follow, max-snippet:-1, max-image-preview:large, max-video-preview:-1\" \/>\n<link rel=\"canonical\" href=\"https:\/\/wp-fundacion-earth.azurewebsites.net\/es\/donar-ahora\/\" \/>\n<meta property=\"og:locale\" content=\"es_ES\" \/>\n<meta property=\"og:type\" content=\"article\" \/>\n<meta property=\"og:title\" content=\"Donar Ahora - EARTH\" \/>\n<meta property=\"og:description\" content=\"Donar en L\u00ednea T\u00fa Haces la Diferencia Gracias por hacer una donaci\u00f3n para crear un futuro m\u00e1s justo, pr\u00f3spero y sostenible. Tu donaci\u00f3n significa m\u00e1s que una contribuci\u00f3n financiera; representa tu compromiso con la construcci\u00f3n de un mundo mejor abordando los desaf\u00edos que afectan nuestros sistemas alimentarios globales. Cada d\u00f3lar se utiliza de manera prudente&hellip;\" \/>\n<meta property=\"og:url\" content=\"https:\/\/wp-fundacion-earth.azurewebsites.net\/es\/donar-ahora\/\" \/>\n<meta property=\"og:site_name\" content=\"EARTH\" \/>\n<meta property=\"article:modified_time\" content=\"2025-08-13T14:00:30+00:00\" \/>\n<meta property=\"og:image\" content=\"https:\/\/wp-fundacion-earth.azurewebsites.net\/wp-content\/uploads\/2024\/10\/as_foods.jpg\" \/>\n\t<meta property=\"og:image:width\" content=\"750\" \/>\n\t<meta property=\"og:image:height\" content=\"508\" \/>\n\t<meta property=\"og:image:type\" content=\"image\/jpeg\" \/>\n<meta name=\"twitter:card\" content=\"summary_large_image\" \/>\n<meta name=\"twitter:label1\" content=\"Tiempo de lectura\" \/>\n\t<meta name=\"twitter:data1\" content=\"1 minuto\" \/>\n<script type=\"application\/ld+json\" class=\"yoast-schema-graph\">{\"@context\":\"https:\/\/schema.org\",\"@graph\":[{\"@type\":\"WebPage\",\"@id\":\"https:\/\/wp-fundacion-earth.azurewebsites.net\/es\/donar-ahora\/\",\"url\":\"https:\/\/wp-fundacion-earth.azurewebsites.net\/es\/donar-ahora\/\",\"name\":\"Donar Ahora - EARTH\",\"isPartOf\":{\"@id\":\"https:\/\/wp-fundacion-earth.azurewebsites.net\/#website\"},\"primaryImageOfPage\":{\"@id\":\"https:\/\/wp-fundacion-earth.azurewebsites.net\/es\/donar-ahora\/#primaryimage\"},\"image\":{\"@id\":\"https:\/\/wp-fundacion-earth.azurewebsites.net\/es\/donar-ahora\/#primaryimage\"},\"thumbnailUrl\":\"\/wp-content\/uploads\/2024\/10\/as_foods.jpg\",\"datePublished\":\"2024-09-14T02:22:00+00:00\",\"dateModified\":\"2025-08-13T14:00:30+00:00\",\"breadcrumb\":{\"@id\":\"https:\/\/wp-fundacion-earth.azurewebsites.net\/es\/donar-ahora\/#breadcrumb\"},\"inLanguage\":\"es\",\"potentialAction\":[{\"@type\":\"ReadAction\",\"target\":[\"https:\/\/wp-fundacion-earth.azurewebsites.net\/es\/donar-ahora\/\"]}]},{\"@type\":\"ImageObject\",\"inLanguage\":\"es\",\"@id\":\"https:\/\/wp-fundacion-earth.azurewebsites.net\/es\/donar-ahora\/#primaryimage\",\"url\":\"\/wp-content\/uploads\/2024\/10\/as_foods.jpg\",\"contentUrl\":\"\/wp-content\/uploads\/2024\/10\/as_foods.jpg\",\"width\":750,\"height\":508},{\"@type\":\"BreadcrumbList\",\"@id\":\"https:\/\/wp-fundacion-earth.azurewebsites.net\/es\/donar-ahora\/#breadcrumb\",\"itemListElement\":[{\"@type\":\"ListItem\",\"position\":1,\"name\":\"Home\",\"item\":\"https:\/\/wp-fundacion-earth.azurewebsites.net\/es\/\"},{\"@type\":\"ListItem\",\"position\":2,\"name\":\"Donar Ahora\"}]},{\"@type\":\"WebSite\",\"@id\":\"https:\/\/wp-fundacion-earth.azurewebsites.net\/#website\",\"url\":\"https:\/\/wp-fundacion-earth.azurewebsites.net\/\",\"name\":\"EARTH\",\"description\":\"\",\"potentialAction\":[{\"@type\":\"SearchAction\",\"target\":{\"@type\":\"EntryPoint\",\"urlTemplate\":\"https:\/\/wp-fundacion-earth.azurewebsites.net\/?s={search_term_string}\"},\"query-input\":{\"@type\":\"PropertyValueSpecification\",\"valueRequired\":true,\"valueName\":\"search_term_string\"}}],\"inLanguage\":\"es\"}]}<\/script>\n<!-- \/ Yoast SEO plugin. -->","yoast_head_json":{"title":"Donar Ahora - EARTH","robots":{"index":"index","follow":"follow","max-snippet":"max-snippet:-1","max-image-preview":"max-image-preview:large","max-video-preview":"max-video-preview:-1"},"canonical":"https:\/\/wp-fundacion-earth.azurewebsites.net\/es\/donar-ahora\/","og_locale":"es_ES","og_type":"article","og_title":"Donar Ahora - EARTH","og_description":"Donar en L\u00ednea T\u00fa Haces la Diferencia Gracias por hacer una donaci\u00f3n para crear un futuro m\u00e1s justo, pr\u00f3spero y sostenible. Tu donaci\u00f3n significa m\u00e1s que una contribuci\u00f3n financiera; representa tu compromiso con la construcci\u00f3n de un mundo mejor abordando los desaf\u00edos que afectan nuestros sistemas alimentarios globales. Cada d\u00f3lar se utiliza de manera prudente&hellip;","og_url":"https:\/\/wp-fundacion-earth.azurewebsites.net\/es\/donar-ahora\/","og_site_name":"EARTH","article_modified_time":"2025-08-13T14:00:30+00:00","og_image":[{"width":750,"height":508,"url":"https:\/\/wp-fundacion-earth.azurewebsites.net\/wp-content\/uploads\/2024\/10\/as_foods.jpg","type":"image\/jpeg"}],"twitter_card":"summary_large_image","twitter_misc":{"Tiempo de lectura":"1 minuto"},"schema":{"@context":"https:\/\/schema.org","@graph":[{"@type":"WebPage","@id":"https:\/\/wp-fundacion-earth.azurewebsites.net\/es\/donar-ahora\/","url":"https:\/\/wp-fundacion-earth.azurewebsites.net\/es\/donar-ahora\/","name":"Donar Ahora - EARTH","isPartOf":{"@id":"https:\/\/wp-fundacion-earth.azurewebsites.net\/#website"},"primaryImageOfPage":{"@id":"https:\/\/wp-fundacion-earth.azurewebsites.net\/es\/donar-ahora\/#primaryimage"},"image":{"@id":"https:\/\/wp-fundacion-earth.azurewebsites.net\/es\/donar-ahora\/#primaryimage"},"thumbnailUrl":"\/wp-content\/uploads\/2024\/10\/as_foods.jpg","datePublished":"2024-09-14T02:22:00+00:00","dateModified":"2025-08-13T14:00:30+00:00","breadcrumb":{"@id":"https:\/\/wp-fundacion-earth.azurewebsites.net\/es\/donar-ahora\/#breadcrumb"},"inLanguage":"es","potentialAction":[{"@type":"ReadAction","target":["https:\/\/wp-fundacion-earth.azurewebsites.net\/es\/donar-ahora\/"]}]},{"@type":"ImageObject","inLanguage":"es","@id":"https:\/\/wp-fundacion-earth.azurewebsites.net\/es\/donar-ahora\/#primaryimage","url":"\/wp-content\/uploads\/2024\/10\/as_foods.jpg","contentUrl":"\/wp-content\/uploads\/2024\/10\/as_foods.jpg","width":750,"height":508},{"@type":"BreadcrumbList","@id":"https:\/\/wp-fundacion-earth.azurewebsites.net\/es\/donar-ahora\/#breadcrumb","itemListElement":[{"@type":"ListItem","position":1,"name":"Home","item":"https:\/\/wp-fundacion-earth.azurewebsites.net\/es\/"},{"@type":"ListItem","position":2,"name":"Donar Ahora"}]},{"@type":"WebSite","@id":"https:\/\/wp-fundacion-earth.azurewebsites.net\/#website","url":"https:\/\/wp-fundacion-earth.azurewebsites.net\/","name":"EARTH","description":"","potentialAction":[{"@type":"SearchAction","target":{"@type":"EntryPoint","urlTemplate":"https:\/\/wp-fundacion-earth.azurewebsites.net\/?s={search_term_string}"},"query-input":{"@type":"PropertyValueSpecification","valueRequired":true,"valueName":"search_term_string"}}],"inLanguage":"es"}]}},"yoast_meta_description":"NO META FOUND OR EMPTY","_links":{"self":[{"href":"https:\/\/wp-fundacion-earth.azurewebsites.net\/es\/wp-json\/wp\/v2\/pages\/2281","targetHints":{"allow":["GET"]}}],"collection":[{"href":"https:\/\/wp-fundacion-earth.azurewebsites.net\/es\/wp-json\/wp\/v2\/pages"}],"about":[{"href":"https:\/\/wp-fundacion-earth.azurewebsites.net\/es\/wp-json\/wp\/v2\/types\/page"}],"author":[{"embeddable":true,"href":"https:\/\/wp-fundacion-earth.azurewebsites.net\/es\/wp-json\/wp\/v2\/users\/2"}],"replies":[{"embeddable":true,"href":"https:\/\/wp-fundacion-earth.azurewebsites.net\/es\/wp-json\/wp\/v2\/comments?post=2281"}],"version-history":[{"count":2,"href":"https:\/\/wp-fundacion-earth.azurewebsites.net\/es\/wp-json\/wp\/v2\/pages\/2281\/revisions"}],"predecessor-version":[{"id":2905,"href":"https:\/\/wp-fundacion-earth.azurewebsites.net\/es\/wp-json\/wp\/v2\/pages\/2281\/revisions\/2905"}],"wp:featuredmedia":[{"embeddable":true,"href":"https:\/\/wp-fundacion-earth.azurewebsites.net\/es\/wp-json\/wp\/v2\/media\/1403"}],"wp:attachment":[{"href":"https:\/\/wp-fundacion-earth.azurewebsites.net\/es\/wp-json\/wp\/v2\/media?parent=2281"}],"curies":[{"name":"wp","href":"https:\/\/api.w.org\/{rel}","templated":true}]}}