{"id":2239,"date":"2025-03-26T02:56:51","date_gmt":"2025-03-26T02:56:51","guid":{"rendered":"https:\/\/wp-fundacion-earth.azurewebsites.net\/mas-formas-de-donar\/"},"modified":"2025-06-02T22:31:51","modified_gmt":"2025-06-02T22:31:51","slug":"mas-formas-de-donar","status":"publish","type":"page","link":"https:\/\/wp-fundacion-earth.azurewebsites.net\/es\/mas-formas-de-donar\/","title":{"rendered":"M\u00e1s Formas de Donar"},"content":{"rendered":"\n<h2  id=\"hero\">\n\t\t\tM\u00e1s Formas de Donar\t<\/h2>\n<h1>\n\t\t\tTu Donaci\u00f3n Cambia Nuestro Mundo\t<\/h1>\n\t<h2>Tu generosidad marca la diferencia en la vida de los estudiantes de EARTH, ayudando a hacer posible una educaci\u00f3n extraordinaria para los l\u00edderes globales del ma\u00f1ana.<\/h2>\n\t<p>Ya sea que apoyes a la Universidad EARTH con una donaci\u00f3n hoy que genere un impacto inmediato, o con una donaci\u00f3n planificada que beneficie a EARTH en el futuro, aqu\u00ed tienes m\u00e1s formas de contribuir:<\/p>\n\t<h2>En L\u00ednea<\/h2>\n<p>Haz tu donaci\u00f3n hoy a trav\u00e9s de <a href=\"https:\/\/www.earth.ac.cr\/apoya-a-earth\/\" target=\"_blank\" rel=\"noopener\">nuestro sitio web<\/a> seguro. Aceptamos pagos con tarjeta de cr\u00e9dito y d\u00e9bito directo. <\/p>\n\t<h2>Por Cheque<\/h2>\n<p>Emite los cheques a nombre de EARTH University Foundation y env\u00edalos por correo a:<\/p>\nEARTH University Foundation<br \/>\n151 Ellis Street NE, Floor 1<br \/>\nAtlanta, GA 30303 USA\n\t<h2>Transferencia Bancaria<\/h2>\n<p>Para realizar una donaci\u00f3n mediante transferencia bancaria, cont\u00e1ctanos en <a href=\"mailto:info@earth-usa.org\">info@earth-usa.org.<\/a><\/p>\n\t<h2>Fondos Gestionados por Donantes (DAF)<\/h2>\n<p>Un fondo asesorado por donantes es una cuenta de caridad patrocinada por una organizaci\u00f3n p\u00fablica que los donantes utilizan para apoyar sus iniciativas filantr\u00f3picas. Al hacer una donaci\u00f3n a trav\u00e9s de un Fondo Asesorado por Donantes, por favor dir\u00edgela a EARTH University Foundation (EIN: 38-2920639). Para garantizar que tu donaci\u00f3n se registre correctamente y se utilice seg\u00fan tu intenci\u00f3n, cont\u00e1ctanos en <a href=\"mailto:info@earth-usa.org\">info@earth-usa.org<\/a> con los detalles de tu donaci\u00f3n.  <\/p>\n\t<h2>Donaci\u00f3n de Acciones o Bonos<\/h2>\n<p>Para transferir donaciones de acciones, fondos mutuos o bonos, cont\u00e1ctanos en <a href=\"mailto:info@earth-usa.org\">info@earth-usa.org.<\/a><\/p>\n\t<h2>Donaciones Duplicadas<\/h2>\n<p>Como un beneficio para sus empleados, muchas empresas y organizaciones igualan las donaciones filantr\u00f3picas realizadas a organizaciones sin fines de lucro. Duplica tu apoyo a EARTH contactando al departamento de Recursos Humanos de tu empresa para obtener los formularios necesarios o para notificar verbalmente tu donaci\u00f3n. <\/p>\n\t<h2>Donaciones en Especie<\/h2>\n<p>Los exalumnos y amigos de EARTH pueden contribuir con donaciones en especie, como equipos, libros, art\u00edculos para subasta y \u00abdescuentos significativos\u00bb en bienes y servicios. Para realizar una donaci\u00f3n en especie, cont\u00e1ctanos en <a href=\"mailto:info@earth-usa.org\">info@earth-usa.org.<\/a> <\/p>\n\t<h2>Legados y Donaciones Patrimoniales<\/h2>\n<p>Una donaci\u00f3n planificada es una de las maneras m\u00e1s significativas de dejar un legado duradero en EARTH y garantizar que el impacto de tu apoyo contin\u00fae por generaciones. Incluir a EARTH University en tus planes financieros permitir\u00e1 que muchas m\u00e1s generaciones de j\u00f3venes l\u00edderes accedan a una educaci\u00f3n transformadora y desarrollen las habilidades necesarias para avanzar en la seguridad alimentaria, la sostenibilidad ambiental y la justicia econ\u00f3mica. <\/p>\n<p>Establecer una donaci\u00f3n planificada mediante un testamento es una manera simple pero poderosa de dejar huella en EARTH. Puedes nombrar a EARTH University como beneficiaria en tu testamento, fideicomiso, plan de jubilaci\u00f3n, p\u00f3liza de seguro de vida, fondo asesorado por donantes o cuentas financieras. Para obtener m\u00e1s informaci\u00f3n sobre donaciones planificadas en EARTH, contacta a Clarissa Huard en <a href=\"mailto:chuard@earth-use.org\">chuard@earth-use.org<\/a>. Todas las consultas son confidenciales y sin obligaci\u00f3n alguna.   <\/p>\n\t<h2>Donaciones Corporativas y de Fundaciones<\/h2>\n<p>Damos la bienvenida a nuevas y duraderas alianzas con empresas y fundaciones con valores afines para continuar con nuestra larga trayectoria de otorgar becas y fomentar a nuestros estudiantes como l\u00edderes globales y agentes de cambio. Para m\u00e1s informaci\u00f3n, cont\u00e1ctanos en <a href=\"mailto:info@earth-usa.org\">info@earth-usa.org.<\/a> <\/p>\n\t<h2>Fondo de Dotaci\u00f3n<\/h2>\n<p>El Fondo de Dotaci\u00f3n de la Universidad EARTH fue establecido para proporcionar un respaldo financiero sostenible para la misi\u00f3n de EARTH a perpetuidad. Sus fondos apoyan becas, programas y fortalecen la capacidad de EARTH para ofrecer tecnolog\u00eda de vanguardia y una facultad de clase mundial. Tu donaci\u00f3n al fondo de dotaci\u00f3n crea un legado duradero que brindar\u00e1 oportunidades y educaci\u00f3n de calidad por muchos a\u00f1os.   Para m\u00e1s informaci\u00f3n, cont\u00e1ctanos en <a href=\"mailto:info@earth-usa.org\">info@earth-usa.org<\/a>.<\/p>\n\t<p>Si est\u00e1s interesado en realizar una donaci\u00f3n espec\u00edfica para un proyecto, por favor cont\u00e1ctanos. Si necesitas un recibo de impuestos de Costa Rica, usa <a href=\"https:\/\/buy.stripe.com\/8wMaGH9Zl4gy7lu9Bp\" target=\"_blank\" rel=\"noopener\">este enlace para donar<\/a>.<\/p>\n\t<p>\u00bfTienes preguntas sobre donaciones filantr\u00f3picas?<\/p>\n\t<p>\u00a1Estamos aqu\u00ed para ayudarte!<\/p>\n\t\t\t<a href=\"https:\/\/wp-fundacion-earth.azurewebsites.net\/es\/pongase-en-contacto\/\" target=\"_blank\" rel=\"noopener\">\n\t\t\t\t\t\t\tCont\u00e1ctanos\n\t\t\t\t\t<\/a>\n\n","protected":false},"excerpt":{"rendered":"<p>M\u00e1s Formas de Donar Tu Donaci\u00f3n Cambia Nuestro Mundo Tu generosidad marca la diferencia en la vida de los estudiantes de EARTH, ayudando a hacer posible una educaci\u00f3n extraordinaria para los l\u00edderes globales del ma\u00f1ana. Ya sea que apoyes a la Universidad EARTH con una donaci\u00f3n hoy que genere un impacto inmediato, o con una&hellip;<\/p>\n","protected":false},"author":2,"featured_media":1404,"parent":0,"menu_order":40,"comment_status":"closed","ping_status":"closed","template":"","meta":{"_acf_changed":false,"inline_featured_image":false,"footnotes":""},"class_list":["post-2239","page","type-page","status-publish","has-post-thumbnail","hentry"],"acf":[],"yoast_head":"<!-- This site is optimized with the Yoast SEO plugin v25.0 - https:\/\/yoast.com\/wordpress\/plugins\/seo\/ -->\n<title>M\u00e1s Formas de Donar - EARTH<\/title>\n<meta name=\"robots\" content=\"index, follow, max-snippet:-1, max-image-preview:large, max-video-preview:-1\" \/>\n<link rel=\"canonical\" href=\"https:\/\/wp-fundacion-earth.azurewebsites.net\/es\/mas-formas-de-donar\/\" \/>\n<meta property=\"og:locale\" content=\"es_ES\" \/>\n<meta property=\"og:type\" content=\"article\" \/>\n<meta property=\"og:title\" content=\"M\u00e1s Formas de Donar - EARTH\" \/>\n<meta property=\"og:description\" content=\"M\u00e1s Formas de Donar Tu Donaci\u00f3n Cambia Nuestro Mundo Tu generosidad marca la diferencia en la vida de los estudiantes de EARTH, ayudando a hacer posible una educaci\u00f3n extraordinaria para los l\u00edderes globales del ma\u00f1ana. Ya sea que apoyes a la Universidad EARTH con una donaci\u00f3n hoy que genere un impacto inmediato, o con una&hellip;\" \/>\n<meta property=\"og:url\" content=\"https:\/\/wp-fundacion-earth.azurewebsites.net\/es\/mas-formas-de-donar\/\" \/>\n<meta property=\"og:site_name\" content=\"EARTH\" \/>\n<meta property=\"article:modified_time\" content=\"2025-06-02T22:31:51+00:00\" \/>\n<meta property=\"og:image\" content=\"https:\/\/wp-fundacion-earth.azurewebsites.net\/wp-content\/uploads\/2024\/10\/as_give.jpg\" \/>\n\t<meta property=\"og:image:width\" content=\"750\" \/>\n\t<meta property=\"og:image:height\" content=\"508\" \/>\n\t<meta property=\"og:image:type\" content=\"image\/jpeg\" \/>\n<meta name=\"twitter:card\" content=\"summary_large_image\" \/>\n<meta name=\"twitter:label1\" content=\"Tiempo de lectura\" \/>\n\t<meta name=\"twitter:data1\" content=\"3 minutos\" \/>\n<script type=\"application\/ld+json\" class=\"yoast-schema-graph\">{\"@context\":\"https:\/\/schema.org\",\"@graph\":[{\"@type\":\"WebPage\",\"@id\":\"https:\/\/wp-fundacion-earth.azurewebsites.net\/es\/mas-formas-de-donar\/\",\"url\":\"https:\/\/wp-fundacion-earth.azurewebsites.net\/es\/mas-formas-de-donar\/\",\"name\":\"M\u00e1s Formas de Donar - EARTH\",\"isPartOf\":{\"@id\":\"https:\/\/wp-fundacion-earth.azurewebsites.net\/#website\"},\"primaryImageOfPage\":{\"@id\":\"https:\/\/wp-fundacion-earth.azurewebsites.net\/es\/mas-formas-de-donar\/#primaryimage\"},\"image\":{\"@id\":\"https:\/\/wp-fundacion-earth.azurewebsites.net\/es\/mas-formas-de-donar\/#primaryimage\"},\"thumbnailUrl\":\"\/wp-content\/uploads\/2024\/10\/as_give.jpg\",\"datePublished\":\"2025-03-26T02:56:51+00:00\",\"dateModified\":\"2025-06-02T22:31:51+00:00\",\"breadcrumb\":{\"@id\":\"https:\/\/wp-fundacion-earth.azurewebsites.net\/es\/mas-formas-de-donar\/#breadcrumb\"},\"inLanguage\":\"es\",\"potentialAction\":[{\"@type\":\"ReadAction\",\"target\":[\"https:\/\/wp-fundacion-earth.azurewebsites.net\/es\/mas-formas-de-donar\/\"]}]},{\"@type\":\"ImageObject\",\"inLanguage\":\"es\",\"@id\":\"https:\/\/wp-fundacion-earth.azurewebsites.net\/es\/mas-formas-de-donar\/#primaryimage\",\"url\":\"\/wp-content\/uploads\/2024\/10\/as_give.jpg\",\"contentUrl\":\"\/wp-content\/uploads\/2024\/10\/as_give.jpg\",\"width\":750,\"height\":508},{\"@type\":\"BreadcrumbList\",\"@id\":\"https:\/\/wp-fundacion-earth.azurewebsites.net\/es\/mas-formas-de-donar\/#breadcrumb\",\"itemListElement\":[{\"@type\":\"ListItem\",\"position\":1,\"name\":\"Home\",\"item\":\"https:\/\/wp-fundacion-earth.azurewebsites.net\/es\/\"},{\"@type\":\"ListItem\",\"position\":2,\"name\":\"M\u00e1s Formas de Donar\"}]},{\"@type\":\"WebSite\",\"@id\":\"https:\/\/wp-fundacion-earth.azurewebsites.net\/#website\",\"url\":\"https:\/\/wp-fundacion-earth.azurewebsites.net\/\",\"name\":\"EARTH\",\"description\":\"\",\"potentialAction\":[{\"@type\":\"SearchAction\",\"target\":{\"@type\":\"EntryPoint\",\"urlTemplate\":\"https:\/\/wp-fundacion-earth.azurewebsites.net\/?s={search_term_string}\"},\"query-input\":{\"@type\":\"PropertyValueSpecification\",\"valueRequired\":true,\"valueName\":\"search_term_string\"}}],\"inLanguage\":\"es\"}]}<\/script>\n<!-- \/ Yoast SEO plugin. -->","yoast_head_json":{"title":"M\u00e1s Formas de Donar - EARTH","robots":{"index":"index","follow":"follow","max-snippet":"max-snippet:-1","max-image-preview":"max-image-preview:large","max-video-preview":"max-video-preview:-1"},"canonical":"https:\/\/wp-fundacion-earth.azurewebsites.net\/es\/mas-formas-de-donar\/","og_locale":"es_ES","og_type":"article","og_title":"M\u00e1s Formas de Donar - EARTH","og_description":"M\u00e1s Formas de Donar Tu Donaci\u00f3n Cambia Nuestro Mundo Tu generosidad marca la diferencia en la vida de los estudiantes de EARTH, ayudando a hacer posible una educaci\u00f3n extraordinaria para los l\u00edderes globales del ma\u00f1ana. Ya sea que apoyes a la Universidad EARTH con una donaci\u00f3n hoy que genere un impacto inmediato, o con una&hellip;","og_url":"https:\/\/wp-fundacion-earth.azurewebsites.net\/es\/mas-formas-de-donar\/","og_site_name":"EARTH","article_modified_time":"2025-06-02T22:31:51+00:00","og_image":[{"width":750,"height":508,"url":"https:\/\/wp-fundacion-earth.azurewebsites.net\/wp-content\/uploads\/2024\/10\/as_give.jpg","type":"image\/jpeg"}],"twitter_card":"summary_large_image","twitter_misc":{"Tiempo de lectura":"3 minutos"},"schema":{"@context":"https:\/\/schema.org","@graph":[{"@type":"WebPage","@id":"https:\/\/wp-fundacion-earth.azurewebsites.net\/es\/mas-formas-de-donar\/","url":"https:\/\/wp-fundacion-earth.azurewebsites.net\/es\/mas-formas-de-donar\/","name":"M\u00e1s Formas de Donar - EARTH","isPartOf":{"@id":"https:\/\/wp-fundacion-earth.azurewebsites.net\/#website"},"primaryImageOfPage":{"@id":"https:\/\/wp-fundacion-earth.azurewebsites.net\/es\/mas-formas-de-donar\/#primaryimage"},"image":{"@id":"https:\/\/wp-fundacion-earth.azurewebsites.net\/es\/mas-formas-de-donar\/#primaryimage"},"thumbnailUrl":"\/wp-content\/uploads\/2024\/10\/as_give.jpg","datePublished":"2025-03-26T02:56:51+00:00","dateModified":"2025-06-02T22:31:51+00:00","breadcrumb":{"@id":"https:\/\/wp-fundacion-earth.azurewebsites.net\/es\/mas-formas-de-donar\/#breadcrumb"},"inLanguage":"es","potentialAction":[{"@type":"ReadAction","target":["https:\/\/wp-fundacion-earth.azurewebsites.net\/es\/mas-formas-de-donar\/"]}]},{"@type":"ImageObject","inLanguage":"es","@id":"https:\/\/wp-fundacion-earth.azurewebsites.net\/es\/mas-formas-de-donar\/#primaryimage","url":"\/wp-content\/uploads\/2024\/10\/as_give.jpg","contentUrl":"\/wp-content\/uploads\/2024\/10\/as_give.jpg","width":750,"height":508},{"@type":"BreadcrumbList","@id":"https:\/\/wp-fundacion-earth.azurewebsites.net\/es\/mas-formas-de-donar\/#breadcrumb","itemListElement":[{"@type":"ListItem","position":1,"name":"Home","item":"https:\/\/wp-fundacion-earth.azurewebsites.net\/es\/"},{"@type":"ListItem","position":2,"name":"M\u00e1s Formas de Donar"}]},{"@type":"WebSite","@id":"https:\/\/wp-fundacion-earth.azurewebsites.net\/#website","url":"https:\/\/wp-fundacion-earth.azurewebsites.net\/","name":"EARTH","description":"","potentialAction":[{"@type":"SearchAction","target":{"@type":"EntryPoint","urlTemplate":"https:\/\/wp-fundacion-earth.azurewebsites.net\/?s={search_term_string}"},"query-input":{"@type":"PropertyValueSpecification","valueRequired":true,"valueName":"search_term_string"}}],"inLanguage":"es"}]}},"yoast_meta_description":"NO META FOUND OR EMPTY","_links":{"self":[{"href":"https:\/\/wp-fundacion-earth.azurewebsites.net\/es\/wp-json\/wp\/v2\/pages\/2239","targetHints":{"allow":["GET"]}}],"collection":[{"href":"https:\/\/wp-fundacion-earth.azurewebsites.net\/es\/wp-json\/wp\/v2\/pages"}],"about":[{"href":"https:\/\/wp-fundacion-earth.azurewebsites.net\/es\/wp-json\/wp\/v2\/types\/page"}],"author":[{"embeddable":true,"href":"https:\/\/wp-fundacion-earth.azurewebsites.net\/es\/wp-json\/wp\/v2\/users\/2"}],"replies":[{"embeddable":true,"href":"https:\/\/wp-fundacion-earth.azurewebsites.net\/es\/wp-json\/wp\/v2\/comments?post=2239"}],"version-history":[{"count":4,"href":"https:\/\/wp-fundacion-earth.azurewebsites.net\/es\/wp-json\/wp\/v2\/pages\/2239\/revisions"}],"predecessor-version":[{"id":2908,"href":"https:\/\/wp-fundacion-earth.azurewebsites.net\/es\/wp-json\/wp\/v2\/pages\/2239\/revisions\/2908"}],"wp:featuredmedia":[{"embeddable":true,"href":"https:\/\/wp-fundacion-earth.azurewebsites.net\/es\/wp-json\/wp\/v2\/media\/1404"}],"wp:attachment":[{"href":"https:\/\/wp-fundacion-earth.azurewebsites.net\/es\/wp-json\/wp\/v2\/media?parent=2239"}],"curies":[{"name":"wp","href":"https:\/\/api.w.org\/{rel}","templated":true}]}}