{"id":2236,"date":"2024-10-11T16:30:28","date_gmt":"2024-10-11T16:30:28","guid":{"rendered":"https:\/\/wp-fundacion-earth.azurewebsites.net\/becas\/"},"modified":"2025-06-02T20:43:31","modified_gmt":"2025-06-02T20:43:31","slug":"becas","status":"publish","type":"page","link":"https:\/\/wp-fundacion-earth.azurewebsites.net\/es\/becas\/","title":{"rendered":"Becas"},"content":{"rendered":"\n<h2  id=\"hero\">\n\t\t\tBecas\t<\/h2>\n<h1>\n\t\t\tSemillas del Cambio\t<\/h1>\n\t<h2>Para los estudiantes que viven en comunidades empobrecidas en Am\u00e9rica Latina y \u00c1frica, el acceso a la educaci\u00f3n superior es extremadamente limitado.<\/h2>\n\t<p>Una educaci\u00f3n en EARTH University prepara a los estudiantes para generar un impacto positivo en sus comunidades, promueve el desarrollo de las \u00e1reas rurales y contribuye a la mejora de las pr\u00e1cticas ambientales y sociales a nivel global.<\/p>\n<p>Un donativo para becas puede transformar la trayectoria de vida de un estudiante cuyo potencial excede sus recursos financieros y puede ayudar a construir el movimiento de l\u00edderes de sistemas alimentarios que nuestro planeta necesita para alimentar a una poblaci\u00f3n creciente de manera sostenible.<\/p>\n\t<h2>\u00bfQu\u00e9 financia su donativo para becas?<\/h2>\n\t<p>Los estudiantes que asisten a EARTH University viven y aprenden en el campus durante cuatro a\u00f1os. El apoyo de las becas cubre m\u00e1s que solo la matr\u00edcula: <\/p>\n<ul>\n<li>11 meses al a\u00f1o de cursos, de lunes a s\u00e1bado<\/li>\n<li>Alojamiento y comida (3 comidas al d\u00eda)<\/li>\n<li>Libros y materiales, tarifas de laboratorio, equipo<\/li>\n<li>Relaci\u00f3n de 10:1 Estudiantes\/Profesores<\/li>\n<li>Programa acad\u00e9mico intensivo y experimental que culmina con un t\u00edtulo de Licenciatura (entre un grado de bachillerato y maestr\u00eda)<\/li>\n<li>Colaboraci\u00f3n con estudiantes y profesores de casi 60 pa\u00edses, acceso a pasant\u00edas internacionales y inmersi\u00f3n comunitaria<\/li>\n<li>Actividades fuera del campus y excursiones<\/li>\n<li>Actividades de Vida Estudiantil, talleres, conciertos, eventos deportivos, clases extraescolares<\/li>\n<li>Transporte relacionado con la actividad acad\u00e9mica<\/li>\n<li>Seguro de salud internacional<\/li>\n<li>Instalaciones m\u00e9dicas en el lugar, disponibles 24 horas, con m\u00e9dico de tiempo completo y consejer\u00eda en salud mental<\/li>\n<\/ul>\n\t\t\t\t\t\t<h4>Estoy profundamente agradecida por todos aquellos que hicieron posible mi educaci\u00f3n. Sin el apoyo de mis donantes, no estar\u00eda aqu\u00ed hoy. No tienen idea del cambio que han impulsado.  <\/h4>\t\t\t\t\t\n\t\t\t<hr \/><p>M\u00f3nica Montoya | Clase de 2020, Colombia<\/p>\t\t\n<h1>\n\t\t\t\u00bfPor qu\u00e9 EARTH?\t<\/h1>\n\t<h2>\u00bfC\u00f3mo se diferencia EARTH University?<\/h2>\n\t<h2>Preparar a los j\u00f3venes l\u00edderes<\/h2>\n<p>Nuestro cuerpo docente internacional est\u00e1 comprometido con la preparaci\u00f3n de j\u00f3venes l\u00edderes en ciencias agr\u00edcolas, ambientales y sociales para la pr\u00f3xima generaci\u00f3n.<\/p>\n\t<h2>Comprometidos con el desarrollo sostenible<\/h2>\n<p>Los \u00f3rganos de Gobernanza de EARTH University est\u00e1n conformados por destacados cient\u00edficos, acad\u00e9micos, fil\u00e1ntropos y ejecutivos comprometidos con el desarrollo sostenible del planeta.<\/p>\n\t<h2>Dos campus<\/h2>\n<p>Nuestros estudiantes aprenden sobre cultivos y producci\u00f3n agr\u00edcola en tanto en los tr\u00f3picos h\u00famedos como secos gracias a nuestros dos campus: Gua\u0301cimo, con m\u00e1s de 3,600 ha, y Daniel Oduber Quir\u00f3s en Guanacaste con m\u00e1s de 1,600 ha.<\/p>\n\t<h2>Alumnado diverso<\/h2>\n<p>El entorno de ense\u00f1anza y aprendizaje se enriquece con una poblaci\u00f3n estudiantil que representa casi 60 pa\u00edses de Am\u00e9rica Latina, el Caribe, \u00c1frica, Europa y Asia.<\/p>\n\t<h2>Pr\u00e1cticas profesionales<\/h2>\n<p>En su tercer a\u00f1o, los estudiantes de EARTH realizan una pasant\u00eda profesional de 15 semanas en m\u00e1s de 26 pa\u00edses en cinco continentes, lo que transforma su forma de pensar e investigar.<\/p>\n\t<h2>Interactuar con las comunidades rurales<\/h2>\n<p>Desde el primer a\u00f1o, los estudiantes interact\u00faan con comunidades rurales en Costa Rica, lo que les permite aprender sobre los problemas sociales y ambientales que enfrentan los productores y les ayuda a generar conciencia sobre el desarrollo sostenible.<\/p>\n\t<h2>Alumni L\u00edderes<\/h2>\n<p>Actualmente, hay casi 3,000 exalumnos de EARTH liderando empresas, carteras gubernamentales ministeriales, universidades, centros de investigaci\u00f3n y ONG en cinco continentes, contribuyendo al desarrollo sostenible del planeta.<\/p>\n\t<h2>Certificaci\u00f3n ISO 50001<\/h2>\n<p>Desde 2023, hemos sido certificados con la ISO 50001 para Sistemas de Gesti\u00f3n de Energ\u00eda, convirti\u00e9ndonos en la primera universidad de Costa Rica en lograr este hito.<\/p>\n\t<h2>Universidad Verde<\/h2>\n<p>EARTH es una Universidad Verde. Nuestra filosof\u00eda de producci\u00f3n sostenible, bajo el modelo de aprender haciendo, promueve el uso de tecnolog\u00edas limpias, control biol\u00f3gico, extractos bot\u00e1nicos, enmiendas org\u00e1nicas, macrobiota como indicador de calidad del agua, agroforester\u00eda y sistemas forestales. <\/p>\n\t<h2>Pl\u00e1tanos comerciales<\/h2>\n<p>EARTH es la \u00fanica universidad en el mundo con 430 hect\u00e1reas de pl\u00e1tanos comerciales para exportaci\u00f3n. Mercados selectos como Whole Foods en EE.UU. y EDEKA en Alemania promueven y venden nuestros pl\u00e1tanos producidos de manera sostenible. <\/p>\n\t<p>Haz un donativo hoy<\/p>\n\t<p>Agradecemos su apoyo.<\/p>\n\t\t\t<a href=\"https:\/\/wp-fundacion-earth.azurewebsites.net\/es\/donar-ahora\/\" target=\"_self\">\n\t\t\t\t\t\t\tDonar\n\t\t\t\t\t<\/a>\n\n","protected":false},"excerpt":{"rendered":"<p>Becas Semillas del Cambio Para los estudiantes que viven en comunidades empobrecidas en Am\u00e9rica Latina y \u00c1frica, el acceso a la educaci\u00f3n superior es extremadamente limitado. Una educaci\u00f3n en EARTH University prepara a los estudiantes para generar un impacto positivo en sus comunidades, promueve el desarrollo de las \u00e1reas rurales y contribuye a la mejora&hellip;<\/p>\n","protected":false},"author":2,"featured_media":1401,"parent":0,"menu_order":32,"comment_status":"closed","ping_status":"closed","template":"","meta":{"_acf_changed":false,"inline_featured_image":false,"footnotes":""},"class_list":["post-2236","page","type-page","status-publish","has-post-thumbnail","hentry"],"acf":[],"yoast_head":"<!-- This site is optimized with the Yoast SEO plugin v25.0 - https:\/\/yoast.com\/wordpress\/plugins\/seo\/ -->\n<title>Becas - EARTH<\/title>\n<meta name=\"description\" content=\"Una beca puede transformar la vida de un estudiante cuyo potencial supera sus recursos econ\u00f3micos y educar a los futuros l\u00edderes que necesita nuestro planeta.\" \/>\n<meta name=\"robots\" content=\"index, follow, max-snippet:-1, max-image-preview:large, max-video-preview:-1\" \/>\n<link rel=\"canonical\" href=\"https:\/\/wp-fundacion-earth.azurewebsites.net\/es\/becas\/\" \/>\n<meta property=\"og:locale\" content=\"es_ES\" \/>\n<meta property=\"og:type\" content=\"article\" \/>\n<meta property=\"og:title\" content=\"Becas - EARTH\" \/>\n<meta property=\"og:description\" content=\"Una beca puede transformar la vida de un estudiante cuyo potencial supera sus recursos econ\u00f3micos y educar a los futuros l\u00edderes que necesita nuestro planeta.\" \/>\n<meta property=\"og:url\" content=\"https:\/\/wp-fundacion-earth.azurewebsites.net\/es\/becas\/\" \/>\n<meta property=\"og:site_name\" content=\"EARTH\" \/>\n<meta property=\"article:modified_time\" content=\"2025-06-02T20:43:31+00:00\" \/>\n<meta property=\"og:image\" content=\"https:\/\/wp-fundacion-earth.azurewebsites.net\/wp-content\/uploads\/2024\/10\/as_scholar.jpg\" \/>\n\t<meta property=\"og:image:width\" content=\"750\" \/>\n\t<meta property=\"og:image:height\" content=\"508\" \/>\n\t<meta property=\"og:image:type\" content=\"image\/jpeg\" \/>\n<meta name=\"twitter:card\" content=\"summary_large_image\" \/>\n<meta name=\"twitter:label1\" content=\"Tiempo de lectura\" \/>\n\t<meta name=\"twitter:data1\" content=\"4 minutos\" \/>\n<script type=\"application\/ld+json\" class=\"yoast-schema-graph\">{\"@context\":\"https:\/\/schema.org\",\"@graph\":[{\"@type\":\"WebPage\",\"@id\":\"https:\/\/wp-fundacion-earth.azurewebsites.net\/es\/becas\/\",\"url\":\"https:\/\/wp-fundacion-earth.azurewebsites.net\/es\/becas\/\",\"name\":\"Becas - EARTH\",\"isPartOf\":{\"@id\":\"https:\/\/wp-fundacion-earth.azurewebsites.net\/#website\"},\"primaryImageOfPage\":{\"@id\":\"https:\/\/wp-fundacion-earth.azurewebsites.net\/es\/becas\/#primaryimage\"},\"image\":{\"@id\":\"https:\/\/wp-fundacion-earth.azurewebsites.net\/es\/becas\/#primaryimage\"},\"thumbnailUrl\":\"\/wp-content\/uploads\/2024\/10\/as_scholar.jpg\",\"datePublished\":\"2024-10-11T16:30:28+00:00\",\"dateModified\":\"2025-06-02T20:43:31+00:00\",\"description\":\"Una beca puede transformar la vida de un estudiante cuyo potencial supera sus recursos econ\u00f3micos y educar a los futuros l\u00edderes que necesita nuestro planeta.\",\"breadcrumb\":{\"@id\":\"https:\/\/wp-fundacion-earth.azurewebsites.net\/es\/becas\/#breadcrumb\"},\"inLanguage\":\"es\",\"potentialAction\":[{\"@type\":\"ReadAction\",\"target\":[\"https:\/\/wp-fundacion-earth.azurewebsites.net\/es\/becas\/\"]}]},{\"@type\":\"ImageObject\",\"inLanguage\":\"es\",\"@id\":\"https:\/\/wp-fundacion-earth.azurewebsites.net\/es\/becas\/#primaryimage\",\"url\":\"\/wp-content\/uploads\/2024\/10\/as_scholar.jpg\",\"contentUrl\":\"\/wp-content\/uploads\/2024\/10\/as_scholar.jpg\",\"width\":750,\"height\":508},{\"@type\":\"BreadcrumbList\",\"@id\":\"https:\/\/wp-fundacion-earth.azurewebsites.net\/es\/becas\/#breadcrumb\",\"itemListElement\":[{\"@type\":\"ListItem\",\"position\":1,\"name\":\"Home\",\"item\":\"https:\/\/wp-fundacion-earth.azurewebsites.net\/es\/\"},{\"@type\":\"ListItem\",\"position\":2,\"name\":\"Becas\"}]},{\"@type\":\"WebSite\",\"@id\":\"https:\/\/wp-fundacion-earth.azurewebsites.net\/#website\",\"url\":\"https:\/\/wp-fundacion-earth.azurewebsites.net\/\",\"name\":\"EARTH\",\"description\":\"\",\"potentialAction\":[{\"@type\":\"SearchAction\",\"target\":{\"@type\":\"EntryPoint\",\"urlTemplate\":\"https:\/\/wp-fundacion-earth.azurewebsites.net\/?s={search_term_string}\"},\"query-input\":{\"@type\":\"PropertyValueSpecification\",\"valueRequired\":true,\"valueName\":\"search_term_string\"}}],\"inLanguage\":\"es\"}]}<\/script>\n<!-- \/ Yoast SEO plugin. -->","yoast_head_json":{"title":"Becas - EARTH","description":"Una beca puede transformar la vida de un estudiante cuyo potencial supera sus recursos econ\u00f3micos y educar a los futuros l\u00edderes que necesita nuestro planeta.","robots":{"index":"index","follow":"follow","max-snippet":"max-snippet:-1","max-image-preview":"max-image-preview:large","max-video-preview":"max-video-preview:-1"},"canonical":"https:\/\/wp-fundacion-earth.azurewebsites.net\/es\/becas\/","og_locale":"es_ES","og_type":"article","og_title":"Becas - EARTH","og_description":"Una beca puede transformar la vida de un estudiante cuyo potencial supera sus recursos econ\u00f3micos y educar a los futuros l\u00edderes que necesita nuestro planeta.","og_url":"https:\/\/wp-fundacion-earth.azurewebsites.net\/es\/becas\/","og_site_name":"EARTH","article_modified_time":"2025-06-02T20:43:31+00:00","og_image":[{"width":750,"height":508,"url":"https:\/\/wp-fundacion-earth.azurewebsites.net\/wp-content\/uploads\/2024\/10\/as_scholar.jpg","type":"image\/jpeg"}],"twitter_card":"summary_large_image","twitter_misc":{"Tiempo de lectura":"4 minutos"},"schema":{"@context":"https:\/\/schema.org","@graph":[{"@type":"WebPage","@id":"https:\/\/wp-fundacion-earth.azurewebsites.net\/es\/becas\/","url":"https:\/\/wp-fundacion-earth.azurewebsites.net\/es\/becas\/","name":"Becas - EARTH","isPartOf":{"@id":"https:\/\/wp-fundacion-earth.azurewebsites.net\/#website"},"primaryImageOfPage":{"@id":"https:\/\/wp-fundacion-earth.azurewebsites.net\/es\/becas\/#primaryimage"},"image":{"@id":"https:\/\/wp-fundacion-earth.azurewebsites.net\/es\/becas\/#primaryimage"},"thumbnailUrl":"\/wp-content\/uploads\/2024\/10\/as_scholar.jpg","datePublished":"2024-10-11T16:30:28+00:00","dateModified":"2025-06-02T20:43:31+00:00","description":"Una beca puede transformar la vida de un estudiante cuyo potencial supera sus recursos econ\u00f3micos y educar a los futuros l\u00edderes que necesita nuestro planeta.","breadcrumb":{"@id":"https:\/\/wp-fundacion-earth.azurewebsites.net\/es\/becas\/#breadcrumb"},"inLanguage":"es","potentialAction":[{"@type":"ReadAction","target":["https:\/\/wp-fundacion-earth.azurewebsites.net\/es\/becas\/"]}]},{"@type":"ImageObject","inLanguage":"es","@id":"https:\/\/wp-fundacion-earth.azurewebsites.net\/es\/becas\/#primaryimage","url":"\/wp-content\/uploads\/2024\/10\/as_scholar.jpg","contentUrl":"\/wp-content\/uploads\/2024\/10\/as_scholar.jpg","width":750,"height":508},{"@type":"BreadcrumbList","@id":"https:\/\/wp-fundacion-earth.azurewebsites.net\/es\/becas\/#breadcrumb","itemListElement":[{"@type":"ListItem","position":1,"name":"Home","item":"https:\/\/wp-fundacion-earth.azurewebsites.net\/es\/"},{"@type":"ListItem","position":2,"name":"Becas"}]},{"@type":"WebSite","@id":"https:\/\/wp-fundacion-earth.azurewebsites.net\/#website","url":"https:\/\/wp-fundacion-earth.azurewebsites.net\/","name":"EARTH","description":"","potentialAction":[{"@type":"SearchAction","target":{"@type":"EntryPoint","urlTemplate":"https:\/\/wp-fundacion-earth.azurewebsites.net\/?s={search_term_string}"},"query-input":{"@type":"PropertyValueSpecification","valueRequired":true,"valueName":"search_term_string"}}],"inLanguage":"es"}]}},"yoast_meta_description":"Una beca puede transformar la vida de un estudiante cuyo potencial supera sus recursos econ\u00f3micos y educar a los futuros l\u00edderes que necesita nuestro planeta.","_links":{"self":[{"href":"https:\/\/wp-fundacion-earth.azurewebsites.net\/es\/wp-json\/wp\/v2\/pages\/2236","targetHints":{"allow":["GET"]}}],"collection":[{"href":"https:\/\/wp-fundacion-earth.azurewebsites.net\/es\/wp-json\/wp\/v2\/pages"}],"about":[{"href":"https:\/\/wp-fundacion-earth.azurewebsites.net\/es\/wp-json\/wp\/v2\/types\/page"}],"author":[{"embeddable":true,"href":"https:\/\/wp-fundacion-earth.azurewebsites.net\/es\/wp-json\/wp\/v2\/users\/2"}],"replies":[{"embeddable":true,"href":"https:\/\/wp-fundacion-earth.azurewebsites.net\/es\/wp-json\/wp\/v2\/comments?post=2236"}],"version-history":[{"count":3,"href":"https:\/\/wp-fundacion-earth.azurewebsites.net\/es\/wp-json\/wp\/v2\/pages\/2236\/revisions"}],"predecessor-version":[{"id":2886,"href":"https:\/\/wp-fundacion-earth.azurewebsites.net\/es\/wp-json\/wp\/v2\/pages\/2236\/revisions\/2886"}],"wp:featuredmedia":[{"embeddable":true,"href":"https:\/\/wp-fundacion-earth.azurewebsites.net\/es\/wp-json\/wp\/v2\/media\/1401"}],"wp:attachment":[{"href":"https:\/\/wp-fundacion-earth.azurewebsites.net\/es\/wp-json\/wp\/v2\/media?parent=2236"}],"curies":[{"name":"wp","href":"https:\/\/api.w.org\/{rel}","templated":true}]}}