{"id":2231,"date":"2024-09-13T23:31:50","date_gmt":"2024-09-13T23:31:50","guid":{"rendered":"https:\/\/wp-fundacion-earth.azurewebsites.net\/inicio\/"},"modified":"2025-08-13T14:43:57","modified_gmt":"2025-08-13T14:43:57","slug":"inicio","status":"publish","type":"page","link":"https:\/\/wp-fundacion-earth.azurewebsites.net\/es\/","title":{"rendered":"Inicio"},"content":{"rendered":"\r\n\r\n\t\r\n\t<h2>Areas of Support<\/h2>\r\n<p>Support EARTH University Foundation and make an impact on our students and our world today.<\/p>\r\n\t\t\t\t<img decoding=\"async\" src=\"\/wp-content\/uploads\/2025\/03\/cta-person1a.jpg\" alt=\"cta-person1a\" itemprop=\"image\" height=\"526\" width=\"784\" title=\"cta-person1a\" onerror=\"this.style.display='none'\" loading='lazy' \/>\r\n<h2>\r\n\t\t\tEARTH scholars thrive with support from the W.K. Kellogg Foundation\t<\/h2>\r\n\t<p>Goodluck Serafine Mushi, (Class of 2023), comes from Dar-es-Salam, the most populated city in eastern Tanzania. He chose to study agricultural science as a way to help his country as agriculture is the backbone of Tanzania&#8217;s economy.<\/p>\r\n\t\t\t<a href=\"https:\/\/wp-fundacion-earth.azurewebsites.net\/w-k-kellogg-foundation\/\" target=\"_blank\" rel=\"noopener\">\r\n\t\t\t\t\t\t\tRead More\r\n\t\t\t\t\t<\/a>\r\n\t<p>EARTH University Prepares Leaders Across the Globe<\/p>\r\n\t\t\t<a href=\"https:\/\/wp-fundacion-earth.azurewebsites.net\/overview-of-impact\/#global-impact\" target=\"_self\">\r\n\t\t\t\t\t\t\tExplore Worldview\r\n\t\t\t<\/a>\r\n<h2>\r\n\t\t\tGlobal Impact\t<\/h2>\r\n\t<h2>With almost 3,000 graduates across more than 50 countries, EARTH University&#8217;s alumni are turning education into action.<\/h2>\r\n\t<p>From launching businesses to driving change in their communities, discover their stories through the map below.<\/p>\r\n\t<div><div id=\"image-map-pro-9158fb1d-2216-439f-9fde-3d46cc45bdf9\"><\/div><\/div>\r\n\t<p>Make a gift,\u00a0 See it grow.<\/p>\r\n\t<p>Support EARTH University Foundation. A gift in any amount can help nurture our programs.<\/p>\r\n\t\t\t<a href=\"https:\/\/wp-fundacion-earth.azurewebsites.net\/give-now\/\" target=\"_blank\" rel=\"noopener\">\r\n\t\t\t\t\t\t\tGive Today\r\n\t\t\t\t\t<\/a>\r\n\t<h2>Programs<\/h2>\r\n<p>Champion the programs that matter the most to you and invest in people and communities with purposeful philanthropy through EARTH University.<\/p>\r\n\t<div class=\"prog_car\">\r\n<div class='odd programa_de_desarrollo_comunitario' style='background-color:rgba(227,111,83,0.2)'>\r\n    <h3 class='text-center'><a style='color:#e36f53' href='https:\/\/wp-fundacion-earth.azurewebsites.net\/es\/programas\/' title='Programa de Desarrollo Comunitario'>Programa de Desarrollo Comunitario<\/a><\/h3>\r\n    <div class='fl-post-excerpt text-center' style='color:#e36f53'>\r\n    \tEmpodera hoy a los agentes de cambio social del ma\u00f1ana.\r\n    <\/div>\r\n    <div class='button text-center'>\r\n    \t<a style='color:#e36f53' class='as_btn' href='https:\/\/wp-fundacion-earth.azurewebsites.net\/es\/programas\/'>Saber m\u00e1s<\/a>\r\n    <\/div>\r\n<\/div>\r\n\r\n<div class='even futuros_de_la_tierra' style='background-color:rgb(0,74,79)'>\r\n    <h3 class='text-center'><a style='color:#ffffff' href='https:\/\/wp-fundacion-earth.azurewebsites.net\/programs\/#earth-futures' title='Futuros de la Tierra'>Futuros de la Tierra<\/a><\/h3>\r\n    <div class='fl-post-excerpt text-center' style='color:#ffffff'>\r\n    \tUsted puede ayudar a nuestros estudiantes a desarrollar soluciones de nueva generaci\u00f3n para nuestros sistemas alimentarios mundiales.\r\n    <\/div>\r\n    <div class='button text-center'>\r\n    \t<a style='color:#004a4f' class='as_btn' href='https:\/\/wp-fundacion-earth.azurewebsites.net\/programs\/#earth-futures'>Saber m\u00e1s<\/a>\r\n    <\/div>\r\n<\/div>\r\n\r\n<div class='odd earth_iniciativa_empresarial' style='background-color:rgb(204,219,220)'>\r\n    <h3 class='text-center'><a style='color:#03636b' href='https:\/\/wp-fundacion-earth.azurewebsites.net\/programs\/#earth-entrepreneurship' title='EARTH Iniciativa empresarial'>EARTH Iniciativa empresarial<\/a><\/h3>\r\n    <div class='fl-post-excerpt text-center' style='color:#03636b'>\r\n    \tAyudar a los demandantes de empleo a convertirse en creadores de empleo mediante el desarrollo empresarial.\r\n    <\/div>\r\n    <div class='button text-center'>\r\n    \t<a style='color:#03636b' class='as_btn' href='https:\/\/wp-fundacion-earth.azurewebsites.net\/programs\/#earth-entrepreneurship'>Saber m\u00e1s<\/a>\r\n    <\/div>\r\n<\/div>\r\n\r\n<div class='even infraestructura_y_tecnolog\u00eda' style='background-color:rgb(205,239,234)'>\r\n    <h3 class='text-center'><a style='color:#008c99' href='https:\/\/wp-fundacion-earth.azurewebsites.net\/programs\/#infrastructure-and-tech' title='Infraestructura y tecnolog\u00eda'>Infraestructura y tecnolog\u00eda<\/a><\/h3>\r\n    <div class='fl-post-excerpt text-center' style='color:#008c99'>\r\n    \tInvierta en los planes de mejora de capital de EARTH.\r\n    <\/div>\r\n    <div class='button text-center'>\r\n    \t<a style='color:#008c99' class='as_btn' href='https:\/\/wp-fundacion-earth.azurewebsites.net\/programs\/#infrastructure-and-tech'>Saber m\u00e1s<\/a>\r\n    <\/div>\r\n<\/div>\r\n\r\n<div class='odd pasant\u00edas' style='background-color:rgba(227,111,83,0.2)'>\r\n    <h3 class='text-center'><a style='color:#e36f53' href='https:\/\/wp-fundacion-earth.azurewebsites.net\/es\/programas\/' title='Pasant\u00edas'>Pasant\u00edas<\/a><\/h3>\r\n    <div class='fl-post-excerpt text-center' style='color:#e36f53'>\r\n    \tApoya a los estudiantes de EARTH mientras realizan pasant\u00edas en empresas de todo el mundo.\r\n    <\/div>\r\n    <div class='button text-center'>\r\n    \t<a style='color:#e36f53' class='as_btn' href='https:\/\/wp-fundacion-earth.azurewebsites.net\/es\/programas\/'>Saber m\u00e1s<\/a>\r\n    <\/div>\r\n<\/div>\r\n\r\n<div class='even agricultura_de_precisi\u00f3n' style='background-color:rgb(0,74,79)'>\r\n    <h3 class='text-center'><a style='color:#ffffff' href='https:\/\/wp-fundacion-earth.azurewebsites.net\/programs\/#precision-agriculture' title='Agricultura de precisi\u00f3n'>Agricultura de precisi\u00f3n<\/a><\/h3>\r\n    <div class='fl-post-excerpt text-center' style='color:#ffffff'>\r\n    \tContribuir al futuro de la agricultura sostenible\r\n    <\/div>\r\n    <div class='button text-center'>\r\n    \t<a style='color:#004a4f' class='as_btn' href='https:\/\/wp-fundacion-earth.azurewebsites.net\/programs\/#precision-agriculture'>Saber m\u00e1s<\/a>\r\n    <\/div>\r\n<\/div>\r\n\r\n<div class='odd energ\u00edas_renovables__cider_' style='background-color:rgb(204,219,220)'>\r\n    <h3 class='text-center'><a style='color:#03636b' href='https:\/\/wp-fundacion-earth.azurewebsites.net\/programs\/#renewable-energies-cider' title='Energ\u00edas renovables (CIDER)'>Energ\u00edas renovables (CIDER)<\/a><\/h3>\r\n    <div class='fl-post-excerpt text-center' style='color:#03636b'>\r\n    \tLiderar el camino hacia el futuro de las energ\u00edas renovables.\r\n    <\/div>\r\n    <div class='button text-center'>\r\n    \t<a style='color:#03636b' class='as_btn' href='https:\/\/wp-fundacion-earth.azurewebsites.net\/programs\/#renewable-energies-cider'>Saber m\u00e1s<\/a>\r\n    <\/div>\r\n<\/div>\r\n\r\n<div class='even investigaci\u00f3n' style='background-color:rgb(205,239,234)'>\r\n    <h3 class='text-center'><a style='color:#008c99' href='https:\/\/wp-fundacion-earth.azurewebsites.net\/programs\/#research' title='Investigaci\u00f3n'>Investigaci\u00f3n<\/a><\/h3>\r\n    <div class='fl-post-excerpt text-center' style='color:#008c99'>\r\n    \tApoye la misi\u00f3n investigadora de EARTH y tenga un impacto positivo en la vida de las comunidades rurales y urbanas.\r\n    <\/div>\r\n    <div class='button text-center'>\r\n    \t<a style='color:#008c99' class='as_btn' href='https:\/\/wp-fundacion-earth.azurewebsites.net\/programs\/#research'>Saber m\u00e1s<\/a>\r\n    <\/div>\r\n<\/div>\r\n\r\n<div class='odd inmersi\u00f3n_en_espa\u00f1ol' style='background-color:rgba(227,111,83,0.2)'>\r\n    <h3 class='text-center'><a style='color:#e36f53' href='https:\/\/wp-fundacion-earth.azurewebsites.net\/programs\/#spanish-immersion' title='Inmersi\u00f3n en espa\u00f1ol'>Inmersi\u00f3n en espa\u00f1ol<\/a><\/h3>\r\n    <div class='fl-post-excerpt text-center' style='color:#e36f53'>\r\n    \tPuedes ayudar a los estudiantes de EARTH cuya lengua materna no sea el espa\u00f1ol a sentar las bases para el \u00e9xito.\r\n    <\/div>\r\n    <div class='button text-center'>\r\n    \t<a style='color:#e36f53' class='as_btn' href='https:\/\/wp-fundacion-earth.azurewebsites.net\/programs\/#spanish-immersion'>Saber m\u00e1s<\/a>\r\n    <\/div>\r\n<\/div>\r\n<\/div><div class=\"page_nav\" style=\"display:flex;justify-content:center;\"><div class=\"pn_prev\"><i class=\"fa-solid fa-chevron-left\"><\/i><\/div><div class=\"pn_dots\" style=\"position:relative;\"><\/div><div class=\"pn_next\"><i class=\"fa-solid fa-chevron-right\"><\/i><\/div><\/div>\r\n<style>\r\n.programa_de_desarrollo_comunitario .as_btn:hover {\r\n    background-color: #e36f53;\r\n    color: #fff !important;\r\n    text-decoration: none;\r\n}    \r\n<\/style>\r\n\r\n<style>\r\n.futuros_de_la_tierra .as_btn:hover {\r\n    background-color: #008c99;\r\n    color: #fff !important;\r\n    text-decoration: none;\r\n}    \r\n<\/style>\r\n\r\n<style>\r\n.earth_iniciativa_empresarial .as_btn:hover {\r\n    background-color: #03636b;\r\n    color: #fff !important;\r\n    text-decoration: none;\r\n}    \r\n<\/style>\r\n\r\n<style>\r\n.infraestructura_y_tecnolog\u00eda .as_btn:hover {\r\n    background-color: #008c99;\r\n    color: #fff !important;\r\n    text-decoration: none;\r\n}    \r\n<\/style>\r\n\r\n<style>\r\n.pasant\u00edas .as_btn:hover {\r\n    background-color: #e36f53;\r\n    color: #fff !important;\r\n    text-decoration: none;\r\n}    \r\n<\/style>\r\n\r\n<style>\r\n.agricultura_de_precisi\u00f3n .as_btn:hover {\r\n    background-color: #008c99;\r\n    color: #fff !important;\r\n    text-decoration: none;\r\n}    \r\n<\/style>\r\n\r\n<style>\r\n.energ\u00edas_renovables__cider_ .as_btn:hover {\r\n    background-color: #03636b;\r\n    color: #fff !important;\r\n    text-decoration: none;\r\n}    \r\n<\/style>\r\n\r\n<style>\r\n.investigaci\u00f3n .as_btn:hover {\r\n    background-color: #008c99;\r\n    color: #fff !important;\r\n    text-decoration: none;\r\n}    \r\n<\/style>\r\n\r\n<style>\r\n.inmersi\u00f3n_en_espa\u00f1ol .as_btn:hover {\r\n    background-color: #e36f53;\r\n    color: #fff !important;\r\n    text-decoration: none;\r\n}    \r\n<\/style>\r\n\r\n\r\n","protected":false},"excerpt":{"rendered":"","protected":false},"author":2,"featured_media":0,"parent":0,"menu_order":1,"comment_status":"closed","ping_status":"closed","template":"","meta":{"_acf_changed":false,"inline_featured_image":false,"footnotes":""},"class_list":["post-2231","page","type-page","status-publish","hentry"],"acf":[],"yoast_head":"<!-- This site is optimized with the Yoast SEO plugin v25.0 - https:\/\/yoast.com\/wordpress\/plugins\/seo\/ -->\n<title>Inicio - EARTH<\/title>\n<meta name=\"robots\" content=\"index, follow, max-snippet:-1, max-image-preview:large, max-video-preview:-1\" \/>\n<link rel=\"canonical\" href=\"https:\/\/wp-fundacion-earth.azurewebsites.net\/es\/\" \/>\n<meta property=\"og:locale\" content=\"es_ES\" \/>\n<meta property=\"og:type\" content=\"article\" \/>\n<meta property=\"og:title\" content=\"Inicio - EARTH\" \/>\n<meta property=\"og:description\" content=\"Areas of Support Support EARTH University Foundation and make an impact on our students and our world today. EARTH scholars thrive with support from the W.K. Kellogg Foundation Goodluck Serafine Mushi, (Class of 2023), comes from Dar-es-Salam, the most populated city in eastern Tanzania. He chose to study agricultural science as a way to help&hellip;\" \/>\n<meta property=\"og:url\" content=\"https:\/\/wp-fundacion-earth.azurewebsites.net\/es\/\" \/>\n<meta property=\"og:site_name\" content=\"EARTH\" \/>\n<meta property=\"article:modified_time\" content=\"2025-08-13T14:43:57+00:00\" \/>\n<meta name=\"twitter:card\" content=\"summary_large_image\" \/>\n<meta name=\"twitter:label1\" content=\"Tiempo de lectura\" \/>\n\t<meta name=\"twitter:data1\" content=\"3 minutos\" \/>\n<script type=\"application\/ld+json\" class=\"yoast-schema-graph\">{\"@context\":\"https:\/\/schema.org\",\"@graph\":[{\"@type\":\"WebPage\",\"@id\":\"https:\/\/wp-fundacion-earth.azurewebsites.net\/es\/\",\"url\":\"https:\/\/wp-fundacion-earth.azurewebsites.net\/es\/\",\"name\":\"Inicio - EARTH\",\"isPartOf\":{\"@id\":\"https:\/\/wp-fundacion-earth.azurewebsites.net\/#website\"},\"datePublished\":\"2024-09-13T23:31:50+00:00\",\"dateModified\":\"2025-08-13T14:43:57+00:00\",\"breadcrumb\":{\"@id\":\"https:\/\/wp-fundacion-earth.azurewebsites.net\/es\/#breadcrumb\"},\"inLanguage\":\"es\",\"potentialAction\":[{\"@type\":\"ReadAction\",\"target\":[\"https:\/\/wp-fundacion-earth.azurewebsites.net\/es\/\"]}]},{\"@type\":\"BreadcrumbList\",\"@id\":\"https:\/\/wp-fundacion-earth.azurewebsites.net\/es\/#breadcrumb\",\"itemListElement\":[{\"@type\":\"ListItem\",\"position\":1,\"name\":\"Home\",\"item\":\"https:\/\/wp-fundacion-earth.azurewebsites.net\/es\/\"},{\"@type\":\"ListItem\",\"position\":2,\"name\":\"Inicio\"}]},{\"@type\":\"WebSite\",\"@id\":\"https:\/\/wp-fundacion-earth.azurewebsites.net\/#website\",\"url\":\"https:\/\/wp-fundacion-earth.azurewebsites.net\/\",\"name\":\"EARTH\",\"description\":\"\",\"potentialAction\":[{\"@type\":\"SearchAction\",\"target\":{\"@type\":\"EntryPoint\",\"urlTemplate\":\"https:\/\/wp-fundacion-earth.azurewebsites.net\/?s={search_term_string}\"},\"query-input\":{\"@type\":\"PropertyValueSpecification\",\"valueRequired\":true,\"valueName\":\"search_term_string\"}}],\"inLanguage\":\"es\"}]}<\/script>\n<!-- \/ Yoast SEO plugin. -->","yoast_head_json":{"title":"Inicio - EARTH","robots":{"index":"index","follow":"follow","max-snippet":"max-snippet:-1","max-image-preview":"max-image-preview:large","max-video-preview":"max-video-preview:-1"},"canonical":"https:\/\/wp-fundacion-earth.azurewebsites.net\/es\/","og_locale":"es_ES","og_type":"article","og_title":"Inicio - EARTH","og_description":"Areas of Support Support EARTH University Foundation and make an impact on our students and our world today. EARTH scholars thrive with support from the W.K. Kellogg Foundation Goodluck Serafine Mushi, (Class of 2023), comes from Dar-es-Salam, the most populated city in eastern Tanzania. He chose to study agricultural science as a way to help&hellip;","og_url":"https:\/\/wp-fundacion-earth.azurewebsites.net\/es\/","og_site_name":"EARTH","article_modified_time":"2025-08-13T14:43:57+00:00","twitter_card":"summary_large_image","twitter_misc":{"Tiempo de lectura":"3 minutos"},"schema":{"@context":"https:\/\/schema.org","@graph":[{"@type":"WebPage","@id":"https:\/\/wp-fundacion-earth.azurewebsites.net\/es\/","url":"https:\/\/wp-fundacion-earth.azurewebsites.net\/es\/","name":"Inicio - EARTH","isPartOf":{"@id":"https:\/\/wp-fundacion-earth.azurewebsites.net\/#website"},"datePublished":"2024-09-13T23:31:50+00:00","dateModified":"2025-08-13T14:43:57+00:00","breadcrumb":{"@id":"https:\/\/wp-fundacion-earth.azurewebsites.net\/es\/#breadcrumb"},"inLanguage":"es","potentialAction":[{"@type":"ReadAction","target":["https:\/\/wp-fundacion-earth.azurewebsites.net\/es\/"]}]},{"@type":"BreadcrumbList","@id":"https:\/\/wp-fundacion-earth.azurewebsites.net\/es\/#breadcrumb","itemListElement":[{"@type":"ListItem","position":1,"name":"Home","item":"https:\/\/wp-fundacion-earth.azurewebsites.net\/es\/"},{"@type":"ListItem","position":2,"name":"Inicio"}]},{"@type":"WebSite","@id":"https:\/\/wp-fundacion-earth.azurewebsites.net\/#website","url":"https:\/\/wp-fundacion-earth.azurewebsites.net\/","name":"EARTH","description":"","potentialAction":[{"@type":"SearchAction","target":{"@type":"EntryPoint","urlTemplate":"https:\/\/wp-fundacion-earth.azurewebsites.net\/?s={search_term_string}"},"query-input":{"@type":"PropertyValueSpecification","valueRequired":true,"valueName":"search_term_string"}}],"inLanguage":"es"}]}},"yoast_meta_description":"NO META FOUND OR EMPTY","_links":{"self":[{"href":"https:\/\/wp-fundacion-earth.azurewebsites.net\/es\/wp-json\/wp\/v2\/pages\/2231","targetHints":{"allow":["GET"]}}],"collection":[{"href":"https:\/\/wp-fundacion-earth.azurewebsites.net\/es\/wp-json\/wp\/v2\/pages"}],"about":[{"href":"https:\/\/wp-fundacion-earth.azurewebsites.net\/es\/wp-json\/wp\/v2\/types\/page"}],"author":[{"embeddable":true,"href":"https:\/\/wp-fundacion-earth.azurewebsites.net\/es\/wp-json\/wp\/v2\/users\/2"}],"replies":[{"embeddable":true,"href":"https:\/\/wp-fundacion-earth.azurewebsites.net\/es\/wp-json\/wp\/v2\/comments?post=2231"}],"version-history":[{"count":19,"href":"https:\/\/wp-fundacion-earth.azurewebsites.net\/es\/wp-json\/wp\/v2\/pages\/2231\/revisions"}],"predecessor-version":[{"id":2991,"href":"https:\/\/wp-fundacion-earth.azurewebsites.net\/es\/wp-json\/wp\/v2\/pages\/2231\/revisions\/2991"}],"wp:attachment":[{"href":"https:\/\/wp-fundacion-earth.azurewebsites.net\/es\/wp-json\/wp\/v2\/media?parent=2231"}],"curies":[{"name":"wp","href":"https:\/\/api.w.org\/{rel}","templated":true}]}}